{"id":796,"date":"2025-06-03T08:18:31","date_gmt":"2025-06-03T08:18:31","guid":{"rendered":"https:\/\/mydentist1040.be\/?page_id=796"},"modified":"2025-07-09T15:40:33","modified_gmt":"2025-07-09T15:40:33","slug":"pourquoi-mes-gencives-saignent","status":"publish","type":"page","link":"https:\/\/mydentist1040.be\/en\/pourquoi-mes-gencives-saignent\/","title":{"rendered":"What's causing my gums to bleed?"},"content":{"rendered":"<div style=\"height:0px\" aria-hidden=\"true\" class=\"wp-block-spacer\"><\/div>\n\n\n\n<div class=\"wp-block-cover alignfull\" style=\"margin-top:0;margin-bottom:0;padding-top:0px;padding-bottom:80px;min-height:300px;aspect-ratio:unset;\"><img loading=\"lazy\" decoding=\"async\" width=\"640\" height=\"960\" class=\"wp-block-cover__image-background wp-image-493 size-full\" alt=\"\" src=\"https:\/\/mydentist1040.be\/wp-content\/uploads\/2025\/04\/caju-gomes-ei1b2XYs9IQ-unsplash.jpg\" style=\"object-position:53% 60%\" data-object-fit=\"cover\" data-object-position=\"53% 60%\" srcset=\"https:\/\/mydentist1040.be\/wp-content\/uploads\/2025\/04\/caju-gomes-ei1b2XYs9IQ-unsplash.jpg 640w, https:\/\/mydentist1040.be\/wp-content\/uploads\/2025\/04\/caju-gomes-ei1b2XYs9IQ-unsplash-200x300.jpg 200w\" sizes=\"auto, (max-width: 640px) 100vw, 640px\" \/><span aria-hidden=\"true\" class=\"wp-block-cover__background has-black-background-color has-background-dim-40 has-background-dim\"><\/span><div class=\"wp-block-cover__inner-container has-global-padding is-layout-constrained wp-container-core-cover-is-layout-d4c6b484 wp-block-cover-is-layout-constrained\">\n<div style=\"height:150px\" aria-hidden=\"true\" class=\"wp-block-spacer\"><\/div>\n\n\n\n<h1 class=\"wp-block-heading has-text-align-center has-text-color has-link-color has-suranna-font-family wp-elements-8e8e856758fd1d154e68dd7329f19d54\" style=\"color:#ffffff;font-size:clamp(26.944px, 1.684rem + ((1vw - 3.2px) * 2.165), 46px);font-style:normal;font-weight:500\">What's causing my gums to bleed?<\/h1>\n<\/div><\/div>\n\n\n\n<div class=\"wp-block-columns alignwide is-layout-flex wp-container-core-columns-is-layout-4c1dd492 wp-block-columns-is-layout-flex\" style=\"margin-top:var(--wp--preset--spacing--80);margin-bottom:var(--wp--preset--spacing--80)\">\n<div class=\"wp-block-column is-layout-flow wp-block-column-is-layout-flow\">\n<p>Bleeding gums, especially when brushing or flossing, are not to be ignored. Most often, this is due to inflammation of the gums, called gingivitis, caused by the accumulation of plaque and bacteria in the gum line.<\/p>\n\n\n\n<p>If left untreated, gingivitis can develop into more serious periodontal disease, leading to loosening of the teeth.<\/p>\n\n\n\n<p>Bleeding can also be accentuated by over-aggressive brushing, unsuitable toothbrushes, smoking, hormonal changes or certain medications. <\/p>\n\n\n\n<p>The good news is that with good oral hygiene, gentle but effective brushing, daily flossing and regular visits to the dentist, it's possible to stop bleeding and regain healthy gums.<\/p>\n\n\n\n<p>If your gums bleed frequently, it's important to seek help to identify the cause and prevent the problem from worsening.<\/p>\n<\/div>\n<\/div>","protected":false},"excerpt":{"rendered":"<p>Des gencives qui saignent, surtout lors du brossage ou du passage du fil dentaire, ne doivent pas \u00eatre ignor\u00e9es. Le plus souvent, cela est d\u00fb \u00e0 une inflammation des gencives, appel\u00e9e gingivite, provoqu\u00e9e par l&rsquo;accumulation de plaque dentaire et de bact\u00e9ries au niveau du sillon gingival. Si elle n\u2019est pas trait\u00e9e, la gingivite peut \u00e9voluer [&hellip;]<\/p>\n","protected":false},"author":1,"featured_media":0,"parent":0,"menu_order":0,"comment_status":"closed","ping_status":"closed","template":"","meta":{"footnotes":""},"class_list":["post-796","page","type-page","status-publish","hentry"],"yoast_head":"<!-- This site is optimized with the Yoast SEO plugin v27.5 - https:\/\/yoast.com\/product\/yoast-seo-wordpress\/ -->\n<title>Pourquoi mes gencives saignent? -<\/title>\n<meta name=\"description\" content=\"Pourquoi mes gencives saignent? Cabinet dentaire de Vinck - Jafarli %\" \/>\n<meta name=\"robots\" content=\"index, follow, max-snippet:-1, max-image-preview:large, max-video-preview:-1\" \/>\n<link rel=\"canonical\" href=\"https:\/\/mydentist1040.be\/en\/pourquoi-mes-gencives-saignent\/\" \/>\n<meta property=\"og:locale\" content=\"en_US\" \/>\n<meta property=\"og:type\" content=\"article\" \/>\n<meta property=\"og:title\" content=\"Pourquoi mes gencives saignent? -\" \/>\n<meta property=\"og:description\" content=\"Pourquoi mes gencives saignent? Cabinet dentaire de Vinck - Jafarli %\" \/>\n<meta property=\"og:url\" content=\"https:\/\/mydentist1040.be\/en\/pourquoi-mes-gencives-saignent\/\" \/>\n<meta property=\"og:site_name\" content=\"Cabinet dentaire de Vinck - Jafarli\" \/>\n<meta property=\"article:modified_time\" content=\"2025-07-09T15:40:33+00:00\" \/>\n<meta property=\"og:image\" content=\"https:\/\/mydentist1040.be\/wp-content\/uploads\/2025\/04\/caju-gomes-ei1b2XYs9IQ-unsplash.jpg\" \/>\n\t<meta property=\"og:image:width\" content=\"640\" \/>\n\t<meta property=\"og:image:height\" content=\"960\" \/>\n\t<meta property=\"og:image:type\" content=\"image\/jpeg\" \/>\n<meta name=\"twitter:card\" content=\"summary_large_image\" \/>\n<meta name=\"twitter:label1\" content=\"Est. reading time\" \/>\n\t<meta name=\"twitter:data1\" content=\"1 minute\" \/>\n<script type=\"application\/ld+json\" class=\"yoast-schema-graph\">{\"@context\":\"https:\\\/\\\/schema.org\",\"@graph\":[{\"@type\":\"WebPage\",\"@id\":\"https:\\\/\\\/mydentist1040.be\\\/pourquoi-mes-gencives-saignent\\\/\",\"url\":\"https:\\\/\\\/mydentist1040.be\\\/pourquoi-mes-gencives-saignent\\\/\",\"name\":\"Pourquoi mes gencives saignent? -\",\"isPartOf\":{\"@id\":\"https:\\\/\\\/mydentist1040.be\\\/#website\"},\"primaryImageOfPage\":{\"@id\":\"https:\\\/\\\/mydentist1040.be\\\/pourquoi-mes-gencives-saignent\\\/#primaryimage\"},\"image\":{\"@id\":\"https:\\\/\\\/mydentist1040.be\\\/pourquoi-mes-gencives-saignent\\\/#primaryimage\"},\"thumbnailUrl\":\"https:\\\/\\\/mydentist1040.be\\\/wp-content\\\/uploads\\\/2025\\\/04\\\/caju-gomes-ei1b2XYs9IQ-unsplash.jpg\",\"datePublished\":\"2025-06-03T08:18:31+00:00\",\"dateModified\":\"2025-07-09T15:40:33+00:00\",\"description\":\"Pourquoi mes gencives saignent? Cabinet dentaire de Vinck - Jafarli %\",\"breadcrumb\":{\"@id\":\"https:\\\/\\\/mydentist1040.be\\\/pourquoi-mes-gencives-saignent\\\/#breadcrumb\"},\"inLanguage\":\"en-US\",\"potentialAction\":[{\"@type\":\"ReadAction\",\"target\":[\"https:\\\/\\\/mydentist1040.be\\\/pourquoi-mes-gencives-saignent\\\/\"]}]},{\"@type\":\"ImageObject\",\"inLanguage\":\"en-US\",\"@id\":\"https:\\\/\\\/mydentist1040.be\\\/pourquoi-mes-gencives-saignent\\\/#primaryimage\",\"url\":\"https:\\\/\\\/mydentist1040.be\\\/wp-content\\\/uploads\\\/2025\\\/04\\\/caju-gomes-ei1b2XYs9IQ-unsplash.jpg\",\"contentUrl\":\"https:\\\/\\\/mydentist1040.be\\\/wp-content\\\/uploads\\\/2025\\\/04\\\/caju-gomes-ei1b2XYs9IQ-unsplash.jpg\"},{\"@type\":\"BreadcrumbList\",\"@id\":\"https:\\\/\\\/mydentist1040.be\\\/pourquoi-mes-gencives-saignent\\\/#breadcrumb\",\"itemListElement\":[{\"@type\":\"ListItem\",\"position\":1,\"name\":\"Accueil\",\"item\":\"https:\\\/\\\/mydentist1040.be\\\/\"},{\"@type\":\"ListItem\",\"position\":2,\"name\":\"Pourquoi mes gencives saignent?\"}]},{\"@type\":\"WebSite\",\"@id\":\"https:\\\/\\\/mydentist1040.be\\\/#website\",\"url\":\"https:\\\/\\\/mydentist1040.be\\\/\",\"name\":\"Cabinet dentaire de Vinck - Jafarli\",\"description\":\"\",\"publisher\":{\"@id\":\"https:\\\/\\\/mydentist1040.be\\\/#organization\"},\"potentialAction\":[{\"@type\":\"SearchAction\",\"target\":{\"@type\":\"EntryPoint\",\"urlTemplate\":\"https:\\\/\\\/mydentist1040.be\\\/?s={search_term_string}\"},\"query-input\":{\"@type\":\"PropertyValueSpecification\",\"valueRequired\":true,\"valueName\":\"search_term_string\"}}],\"inLanguage\":\"en-US\"},{\"@type\":\"Organization\",\"@id\":\"https:\\\/\\\/mydentist1040.be\\\/#organization\",\"name\":\"Cabinet dentaire de Vinck - Jafarli\",\"url\":\"https:\\\/\\\/mydentist1040.be\\\/\",\"logo\":{\"@type\":\"ImageObject\",\"inLanguage\":\"en-US\",\"@id\":\"https:\\\/\\\/mydentist1040.be\\\/#\\\/schema\\\/logo\\\/image\\\/\",\"url\":\"https:\\\/\\\/mydentist1040.be\\\/wp-content\\\/uploads\\\/2025\\\/01\\\/dvj.png\",\"contentUrl\":\"https:\\\/\\\/mydentist1040.be\\\/wp-content\\\/uploads\\\/2025\\\/01\\\/dvj.png\",\"width\":862,\"height\":458,\"caption\":\"Cabinet dentaire de Vinck - Jafarli\"},\"image\":{\"@id\":\"https:\\\/\\\/mydentist1040.be\\\/#\\\/schema\\\/logo\\\/image\\\/\"},\"sameAs\":[\"https:\\\/\\\/www.linkedin.com\\\/in\\\/sona-jafarli-b012a2355\\\/\"]}]}<\/script>\n<!-- \/ Yoast SEO plugin. -->","yoast_head_json":{"title":"Pourquoi mes gencives saignent? -","description":"Pourquoi mes gencives saignent? Cabinet dentaire de Vinck - Jafarli %","robots":{"index":"index","follow":"follow","max-snippet":"max-snippet:-1","max-image-preview":"max-image-preview:large","max-video-preview":"max-video-preview:-1"},"canonical":"https:\/\/mydentist1040.be\/en\/pourquoi-mes-gencives-saignent\/","og_locale":"en_US","og_type":"article","og_title":"Pourquoi mes gencives saignent? -","og_description":"Pourquoi mes gencives saignent? Cabinet dentaire de Vinck - Jafarli %","og_url":"https:\/\/mydentist1040.be\/en\/pourquoi-mes-gencives-saignent\/","og_site_name":"Cabinet dentaire de Vinck - Jafarli","article_modified_time":"2025-07-09T15:40:33+00:00","og_image":[{"width":640,"height":960,"url":"https:\/\/mydentist1040.be\/wp-content\/uploads\/2025\/04\/caju-gomes-ei1b2XYs9IQ-unsplash.jpg","type":"image\/jpeg"}],"twitter_card":"summary_large_image","twitter_misc":{"Est. reading time":"1 minute"},"schema":{"@context":"https:\/\/schema.org","@graph":[{"@type":"WebPage","@id":"https:\/\/mydentist1040.be\/pourquoi-mes-gencives-saignent\/","url":"https:\/\/mydentist1040.be\/pourquoi-mes-gencives-saignent\/","name":"Pourquoi mes gencives saignent? -","isPartOf":{"@id":"https:\/\/mydentist1040.be\/#website"},"primaryImageOfPage":{"@id":"https:\/\/mydentist1040.be\/pourquoi-mes-gencives-saignent\/#primaryimage"},"image":{"@id":"https:\/\/mydentist1040.be\/pourquoi-mes-gencives-saignent\/#primaryimage"},"thumbnailUrl":"https:\/\/mydentist1040.be\/wp-content\/uploads\/2025\/04\/caju-gomes-ei1b2XYs9IQ-unsplash.jpg","datePublished":"2025-06-03T08:18:31+00:00","dateModified":"2025-07-09T15:40:33+00:00","description":"Pourquoi mes gencives saignent? Cabinet dentaire de Vinck - Jafarli %","breadcrumb":{"@id":"https:\/\/mydentist1040.be\/pourquoi-mes-gencives-saignent\/#breadcrumb"},"inLanguage":"en-US","potentialAction":[{"@type":"ReadAction","target":["https:\/\/mydentist1040.be\/pourquoi-mes-gencives-saignent\/"]}]},{"@type":"ImageObject","inLanguage":"en-US","@id":"https:\/\/mydentist1040.be\/pourquoi-mes-gencives-saignent\/#primaryimage","url":"https:\/\/mydentist1040.be\/wp-content\/uploads\/2025\/04\/caju-gomes-ei1b2XYs9IQ-unsplash.jpg","contentUrl":"https:\/\/mydentist1040.be\/wp-content\/uploads\/2025\/04\/caju-gomes-ei1b2XYs9IQ-unsplash.jpg"},{"@type":"BreadcrumbList","@id":"https:\/\/mydentist1040.be\/pourquoi-mes-gencives-saignent\/#breadcrumb","itemListElement":[{"@type":"ListItem","position":1,"name":"Accueil","item":"https:\/\/mydentist1040.be\/"},{"@type":"ListItem","position":2,"name":"Pourquoi mes gencives saignent?"}]},{"@type":"WebSite","@id":"https:\/\/mydentist1040.be\/#website","url":"https:\/\/mydentist1040.be\/","name":"Cabinet dentaire de Vinck - Jafarli","description":"","publisher":{"@id":"https:\/\/mydentist1040.be\/#organization"},"potentialAction":[{"@type":"SearchAction","target":{"@type":"EntryPoint","urlTemplate":"https:\/\/mydentist1040.be\/?s={search_term_string}"},"query-input":{"@type":"PropertyValueSpecification","valueRequired":true,"valueName":"search_term_string"}}],"inLanguage":"en-US"},{"@type":"Organization","@id":"https:\/\/mydentist1040.be\/#organization","name":"Cabinet dentaire de Vinck - Jafarli","url":"https:\/\/mydentist1040.be\/","logo":{"@type":"ImageObject","inLanguage":"en-US","@id":"https:\/\/mydentist1040.be\/#\/schema\/logo\/image\/","url":"https:\/\/mydentist1040.be\/wp-content\/uploads\/2025\/01\/dvj.png","contentUrl":"https:\/\/mydentist1040.be\/wp-content\/uploads\/2025\/01\/dvj.png","width":862,"height":458,"caption":"Cabinet dentaire de Vinck - Jafarli"},"image":{"@id":"https:\/\/mydentist1040.be\/#\/schema\/logo\/image\/"},"sameAs":["https:\/\/www.linkedin.com\/in\/sona-jafarli-b012a2355\/"]}]}},"_links":{"self":[{"href":"https:\/\/mydentist1040.be\/en\/wp-json\/wp\/v2\/pages\/796","targetHints":{"allow":["GET"]}}],"collection":[{"href":"https:\/\/mydentist1040.be\/en\/wp-json\/wp\/v2\/pages"}],"about":[{"href":"https:\/\/mydentist1040.be\/en\/wp-json\/wp\/v2\/types\/page"}],"author":[{"embeddable":true,"href":"https:\/\/mydentist1040.be\/en\/wp-json\/wp\/v2\/users\/1"}],"replies":[{"embeddable":true,"href":"https:\/\/mydentist1040.be\/en\/wp-json\/wp\/v2\/comments?post=796"}],"version-history":[{"count":5,"href":"https:\/\/mydentist1040.be\/en\/wp-json\/wp\/v2\/pages\/796\/revisions"}],"predecessor-version":[{"id":1045,"href":"https:\/\/mydentist1040.be\/en\/wp-json\/wp\/v2\/pages\/796\/revisions\/1045"}],"wp:attachment":[{"href":"https:\/\/mydentist1040.be\/en\/wp-json\/wp\/v2\/media?parent=796"}],"curies":[{"name":"wp","href":"https:\/\/api.w.org\/{rel}","templated":true}]}}