{"id":790,"date":"2025-06-03T08:10:22","date_gmt":"2025-06-03T08:10:22","guid":{"rendered":"https:\/\/mydentist1040.be\/?page_id=790"},"modified":"2025-07-09T15:39:51","modified_gmt":"2025-07-09T15:39:51","slug":"comment-reussir-son-eclaircissement-dentaire","status":"publish","type":"page","link":"https:\/\/mydentist1040.be\/en\/comment-reussir-son-eclaircissement-dentaire\/","title":{"rendered":"How to successfully lighten your teeth."},"content":{"rendered":"<div style=\"height:0px\" aria-hidden=\"true\" class=\"wp-block-spacer\"><\/div>\n\n\n\n<div class=\"wp-block-cover alignfull\" style=\"margin-top:0;margin-bottom:0;padding-top:0px;padding-bottom:80px;min-height:300px;aspect-ratio:unset;\"><img loading=\"lazy\" decoding=\"async\" width=\"768\" height=\"1024\" class=\"wp-block-cover__image-background wp-image-564 size-large\" alt=\"\" src=\"https:\/\/mydentist1040.be\/wp-content\/uploads\/2025\/04\/pexels-arvind-philomin-187831830-11887613-edited-768x1024.jpg\" style=\"object-position:49% 14%\" data-object-fit=\"cover\" data-object-position=\"49% 14%\" srcset=\"https:\/\/mydentist1040.be\/wp-content\/uploads\/2025\/04\/pexels-arvind-philomin-187831830-11887613-edited-768x1024.jpg 768w, https:\/\/mydentist1040.be\/wp-content\/uploads\/2025\/04\/pexels-arvind-philomin-187831830-11887613-edited-225x300.jpg 225w, https:\/\/mydentist1040.be\/wp-content\/uploads\/2025\/04\/pexels-arvind-philomin-187831830-11887613-edited-1152x1536.jpg 1152w, https:\/\/mydentist1040.be\/wp-content\/uploads\/2025\/04\/pexels-arvind-philomin-187831830-11887613-edited-1536x2048.jpg 1536w, https:\/\/mydentist1040.be\/wp-content\/uploads\/2025\/04\/pexels-arvind-philomin-187831830-11887613-edited-scaled.jpg 1920w\" sizes=\"auto, (max-width: 768px) 100vw, 768px\" \/><span aria-hidden=\"true\" class=\"wp-block-cover__background has-black-background-color has-background-dim-40 has-background-dim\"><\/span><div class=\"wp-block-cover__inner-container has-global-padding is-layout-constrained wp-container-core-cover-is-layout-d4c6b484 wp-block-cover-is-layout-constrained\">\n<div style=\"height:150px\" aria-hidden=\"true\" class=\"wp-block-spacer\"><\/div>\n\n\n\n<h1 class=\"wp-block-heading has-text-align-center has-text-color has-link-color has-suranna-font-family wp-elements-4c3838ec318a92be6e98f2f825faf6dc\" style=\"color:#ffffff;font-size:clamp(26.944px, 1.684rem + ((1vw - 3.2px) * 2.165), 46px);font-style:normal;font-weight:500\">How to successfully lighten your teeth.<\/h1>\n<\/div><\/div>","protected":false},"excerpt":{"rendered":"","protected":false},"author":1,"featured_media":0,"parent":0,"menu_order":0,"comment_status":"closed","ping_status":"closed","template":"","meta":{"footnotes":""},"class_list":["post-790","page","type-page","status-publish","hentry"],"yoast_head":"<!-- This site is optimized with the Yoast SEO plugin v27.5 - https:\/\/yoast.com\/product\/yoast-seo-wordpress\/ -->\n<title>Comment r\u00e9ussir son \u00e9claircissement dentaire. -<\/title>\n<meta name=\"description\" content=\"Comment r\u00e9ussir son \u00e9claircissement dentaire. Cabinet dentaire de Vinck - Jafarli %\" \/>\n<meta name=\"robots\" content=\"index, follow, max-snippet:-1, max-image-preview:large, max-video-preview:-1\" \/>\n<link rel=\"canonical\" href=\"https:\/\/mydentist1040.be\/en\/comment-reussir-son-eclaircissement-dentaire\/\" \/>\n<meta property=\"og:locale\" content=\"en_US\" \/>\n<meta property=\"og:type\" content=\"article\" \/>\n<meta property=\"og:title\" content=\"Comment r\u00e9ussir son \u00e9claircissement dentaire. -\" \/>\n<meta property=\"og:description\" content=\"Comment r\u00e9ussir son \u00e9claircissement dentaire. Cabinet dentaire de Vinck - Jafarli %\" \/>\n<meta property=\"og:url\" content=\"https:\/\/mydentist1040.be\/en\/comment-reussir-son-eclaircissement-dentaire\/\" \/>\n<meta property=\"og:site_name\" content=\"Cabinet dentaire de Vinck - Jafarli\" \/>\n<meta property=\"article:modified_time\" content=\"2025-07-09T15:39:51+00:00\" \/>\n<meta property=\"og:image\" content=\"https:\/\/mydentist1040.be\/wp-content\/uploads\/2025\/04\/pexels-arvind-philomin-187831830-11887613-edited-scaled.jpg\" \/>\n\t<meta property=\"og:image:width\" content=\"1920\" \/>\n\t<meta property=\"og:image:height\" content=\"2560\" \/>\n\t<meta property=\"og:image:type\" content=\"image\/jpeg\" \/>\n<meta name=\"twitter:card\" content=\"summary_large_image\" \/>\n<script type=\"application\/ld+json\" class=\"yoast-schema-graph\">{\"@context\":\"https:\\\/\\\/schema.org\",\"@graph\":[{\"@type\":\"WebPage\",\"@id\":\"https:\\\/\\\/mydentist1040.be\\\/comment-reussir-son-eclaircissement-dentaire\\\/\",\"url\":\"https:\\\/\\\/mydentist1040.be\\\/comment-reussir-son-eclaircissement-dentaire\\\/\",\"name\":\"Comment r\u00e9ussir son \u00e9claircissement dentaire. -\",\"isPartOf\":{\"@id\":\"https:\\\/\\\/mydentist1040.be\\\/#website\"},\"primaryImageOfPage\":{\"@id\":\"https:\\\/\\\/mydentist1040.be\\\/comment-reussir-son-eclaircissement-dentaire\\\/#primaryimage\"},\"image\":{\"@id\":\"https:\\\/\\\/mydentist1040.be\\\/comment-reussir-son-eclaircissement-dentaire\\\/#primaryimage\"},\"thumbnailUrl\":\"https:\\\/\\\/mydentist1040.be\\\/wp-content\\\/uploads\\\/2025\\\/04\\\/pexels-arvind-philomin-187831830-11887613-edited-768x1024.jpg\",\"datePublished\":\"2025-06-03T08:10:22+00:00\",\"dateModified\":\"2025-07-09T15:39:51+00:00\",\"description\":\"Comment r\u00e9ussir son \u00e9claircissement dentaire. Cabinet dentaire de Vinck - Jafarli %\",\"breadcrumb\":{\"@id\":\"https:\\\/\\\/mydentist1040.be\\\/comment-reussir-son-eclaircissement-dentaire\\\/#breadcrumb\"},\"inLanguage\":\"en-US\",\"potentialAction\":[{\"@type\":\"ReadAction\",\"target\":[\"https:\\\/\\\/mydentist1040.be\\\/comment-reussir-son-eclaircissement-dentaire\\\/\"]}]},{\"@type\":\"ImageObject\",\"inLanguage\":\"en-US\",\"@id\":\"https:\\\/\\\/mydentist1040.be\\\/comment-reussir-son-eclaircissement-dentaire\\\/#primaryimage\",\"url\":\"https:\\\/\\\/mydentist1040.be\\\/wp-content\\\/uploads\\\/2025\\\/04\\\/pexels-arvind-philomin-187831830-11887613-edited-768x1024.jpg\",\"contentUrl\":\"https:\\\/\\\/mydentist1040.be\\\/wp-content\\\/uploads\\\/2025\\\/04\\\/pexels-arvind-philomin-187831830-11887613-edited-768x1024.jpg\"},{\"@type\":\"BreadcrumbList\",\"@id\":\"https:\\\/\\\/mydentist1040.be\\\/comment-reussir-son-eclaircissement-dentaire\\\/#breadcrumb\",\"itemListElement\":[{\"@type\":\"ListItem\",\"position\":1,\"name\":\"Accueil\",\"item\":\"https:\\\/\\\/mydentist1040.be\\\/\"},{\"@type\":\"ListItem\",\"position\":2,\"name\":\"Comment r\u00e9ussir son \u00e9claircissement dentaire.\"}]},{\"@type\":\"WebSite\",\"@id\":\"https:\\\/\\\/mydentist1040.be\\\/#website\",\"url\":\"https:\\\/\\\/mydentist1040.be\\\/\",\"name\":\"Cabinet dentaire de Vinck - Jafarli\",\"description\":\"\",\"publisher\":{\"@id\":\"https:\\\/\\\/mydentist1040.be\\\/#organization\"},\"potentialAction\":[{\"@type\":\"SearchAction\",\"target\":{\"@type\":\"EntryPoint\",\"urlTemplate\":\"https:\\\/\\\/mydentist1040.be\\\/?s={search_term_string}\"},\"query-input\":{\"@type\":\"PropertyValueSpecification\",\"valueRequired\":true,\"valueName\":\"search_term_string\"}}],\"inLanguage\":\"en-US\"},{\"@type\":\"Organization\",\"@id\":\"https:\\\/\\\/mydentist1040.be\\\/#organization\",\"name\":\"Cabinet dentaire de Vinck - Jafarli\",\"url\":\"https:\\\/\\\/mydentist1040.be\\\/\",\"logo\":{\"@type\":\"ImageObject\",\"inLanguage\":\"en-US\",\"@id\":\"https:\\\/\\\/mydentist1040.be\\\/#\\\/schema\\\/logo\\\/image\\\/\",\"url\":\"https:\\\/\\\/mydentist1040.be\\\/wp-content\\\/uploads\\\/2025\\\/01\\\/dvj.png\",\"contentUrl\":\"https:\\\/\\\/mydentist1040.be\\\/wp-content\\\/uploads\\\/2025\\\/01\\\/dvj.png\",\"width\":862,\"height\":458,\"caption\":\"Cabinet dentaire de Vinck - Jafarli\"},\"image\":{\"@id\":\"https:\\\/\\\/mydentist1040.be\\\/#\\\/schema\\\/logo\\\/image\\\/\"},\"sameAs\":[\"https:\\\/\\\/www.linkedin.com\\\/in\\\/sona-jafarli-b012a2355\\\/\"]}]}<\/script>\n<!-- \/ Yoast SEO plugin. -->","yoast_head_json":{"title":"Comment r\u00e9ussir son \u00e9claircissement dentaire. -","description":"Comment r\u00e9ussir son \u00e9claircissement dentaire. Cabinet dentaire de Vinck - Jafarli %","robots":{"index":"index","follow":"follow","max-snippet":"max-snippet:-1","max-image-preview":"max-image-preview:large","max-video-preview":"max-video-preview:-1"},"canonical":"https:\/\/mydentist1040.be\/en\/comment-reussir-son-eclaircissement-dentaire\/","og_locale":"en_US","og_type":"article","og_title":"Comment r\u00e9ussir son \u00e9claircissement dentaire. -","og_description":"Comment r\u00e9ussir son \u00e9claircissement dentaire. Cabinet dentaire de Vinck - Jafarli %","og_url":"https:\/\/mydentist1040.be\/en\/comment-reussir-son-eclaircissement-dentaire\/","og_site_name":"Cabinet dentaire de Vinck - Jafarli","article_modified_time":"2025-07-09T15:39:51+00:00","og_image":[{"width":1920,"height":2560,"url":"https:\/\/mydentist1040.be\/wp-content\/uploads\/2025\/04\/pexels-arvind-philomin-187831830-11887613-edited-scaled.jpg","type":"image\/jpeg"}],"twitter_card":"summary_large_image","schema":{"@context":"https:\/\/schema.org","@graph":[{"@type":"WebPage","@id":"https:\/\/mydentist1040.be\/comment-reussir-son-eclaircissement-dentaire\/","url":"https:\/\/mydentist1040.be\/comment-reussir-son-eclaircissement-dentaire\/","name":"Comment r\u00e9ussir son \u00e9claircissement dentaire. -","isPartOf":{"@id":"https:\/\/mydentist1040.be\/#website"},"primaryImageOfPage":{"@id":"https:\/\/mydentist1040.be\/comment-reussir-son-eclaircissement-dentaire\/#primaryimage"},"image":{"@id":"https:\/\/mydentist1040.be\/comment-reussir-son-eclaircissement-dentaire\/#primaryimage"},"thumbnailUrl":"https:\/\/mydentist1040.be\/wp-content\/uploads\/2025\/04\/pexels-arvind-philomin-187831830-11887613-edited-768x1024.jpg","datePublished":"2025-06-03T08:10:22+00:00","dateModified":"2025-07-09T15:39:51+00:00","description":"Comment r\u00e9ussir son \u00e9claircissement dentaire. Cabinet dentaire de Vinck - Jafarli %","breadcrumb":{"@id":"https:\/\/mydentist1040.be\/comment-reussir-son-eclaircissement-dentaire\/#breadcrumb"},"inLanguage":"en-US","potentialAction":[{"@type":"ReadAction","target":["https:\/\/mydentist1040.be\/comment-reussir-son-eclaircissement-dentaire\/"]}]},{"@type":"ImageObject","inLanguage":"en-US","@id":"https:\/\/mydentist1040.be\/comment-reussir-son-eclaircissement-dentaire\/#primaryimage","url":"https:\/\/mydentist1040.be\/wp-content\/uploads\/2025\/04\/pexels-arvind-philomin-187831830-11887613-edited-768x1024.jpg","contentUrl":"https:\/\/mydentist1040.be\/wp-content\/uploads\/2025\/04\/pexels-arvind-philomin-187831830-11887613-edited-768x1024.jpg"},{"@type":"BreadcrumbList","@id":"https:\/\/mydentist1040.be\/comment-reussir-son-eclaircissement-dentaire\/#breadcrumb","itemListElement":[{"@type":"ListItem","position":1,"name":"Accueil","item":"https:\/\/mydentist1040.be\/"},{"@type":"ListItem","position":2,"name":"Comment r\u00e9ussir son \u00e9claircissement dentaire."}]},{"@type":"WebSite","@id":"https:\/\/mydentist1040.be\/#website","url":"https:\/\/mydentist1040.be\/","name":"Cabinet dentaire de Vinck - Jafarli","description":"","publisher":{"@id":"https:\/\/mydentist1040.be\/#organization"},"potentialAction":[{"@type":"SearchAction","target":{"@type":"EntryPoint","urlTemplate":"https:\/\/mydentist1040.be\/?s={search_term_string}"},"query-input":{"@type":"PropertyValueSpecification","valueRequired":true,"valueName":"search_term_string"}}],"inLanguage":"en-US"},{"@type":"Organization","@id":"https:\/\/mydentist1040.be\/#organization","name":"Cabinet dentaire de Vinck - Jafarli","url":"https:\/\/mydentist1040.be\/","logo":{"@type":"ImageObject","inLanguage":"en-US","@id":"https:\/\/mydentist1040.be\/#\/schema\/logo\/image\/","url":"https:\/\/mydentist1040.be\/wp-content\/uploads\/2025\/01\/dvj.png","contentUrl":"https:\/\/mydentist1040.be\/wp-content\/uploads\/2025\/01\/dvj.png","width":862,"height":458,"caption":"Cabinet dentaire de Vinck - Jafarli"},"image":{"@id":"https:\/\/mydentist1040.be\/#\/schema\/logo\/image\/"},"sameAs":["https:\/\/www.linkedin.com\/in\/sona-jafarli-b012a2355\/"]}]}},"_links":{"self":[{"href":"https:\/\/mydentist1040.be\/en\/wp-json\/wp\/v2\/pages\/790","targetHints":{"allow":["GET"]}}],"collection":[{"href":"https:\/\/mydentist1040.be\/en\/wp-json\/wp\/v2\/pages"}],"about":[{"href":"https:\/\/mydentist1040.be\/en\/wp-json\/wp\/v2\/types\/page"}],"author":[{"embeddable":true,"href":"https:\/\/mydentist1040.be\/en\/wp-json\/wp\/v2\/users\/1"}],"replies":[{"embeddable":true,"href":"https:\/\/mydentist1040.be\/en\/wp-json\/wp\/v2\/comments?post=790"}],"version-history":[{"count":4,"href":"https:\/\/mydentist1040.be\/en\/wp-json\/wp\/v2\/pages\/790\/revisions"}],"predecessor-version":[{"id":1042,"href":"https:\/\/mydentist1040.be\/en\/wp-json\/wp\/v2\/pages\/790\/revisions\/1042"}],"wp:attachment":[{"href":"https:\/\/mydentist1040.be\/en\/wp-json\/wp\/v2\/media?parent=790"}],"curies":[{"name":"wp","href":"https:\/\/api.w.org\/{rel}","templated":true}]}}