{"id":778,"date":"2025-06-03T07:52:13","date_gmt":"2025-06-03T07:52:13","guid":{"rendered":"https:\/\/mydentist1040.be\/?page_id=778"},"modified":"2025-07-09T15:40:00","modified_gmt":"2025-07-09T15:40:00","slug":"mydentist1040-be-comprendre-les-caries-les-causes-la-prevention-et-les-options-de-traitement-expliquees","status":"publish","type":"page","link":"https:\/\/mydentist1040.be\/en\/mydentist1040-be-comprendre-les-caries-les-causes-la-prevention-et-les-options-de-traitement-expliquees\/","title":{"rendered":"Understanding cavities: Causes, prevention and treatment options explained!"},"content":{"rendered":"<div style=\"height:0px\" aria-hidden=\"true\" class=\"wp-block-spacer\"><\/div>\n\n\n\n<div class=\"wp-block-cover alignfull\" style=\"margin-top:0;margin-bottom:0;padding-top:0px;padding-bottom:80px;min-height:300px;aspect-ratio:unset;\"><img loading=\"lazy\" decoding=\"async\" width=\"744\" height=\"1024\" class=\"wp-block-cover__image-background wp-image-230 size-large\" alt=\"\" src=\"https:\/\/mydentist1040.be\/wp-content\/uploads\/2025\/03\/pexels-ketut-subiyanto-4546145-744x1024.jpg\" style=\"object-position:45% 48%\" data-object-fit=\"cover\" data-object-position=\"45% 48%\" srcset=\"https:\/\/mydentist1040.be\/wp-content\/uploads\/2025\/03\/pexels-ketut-subiyanto-4546145-744x1024.jpg 744w, https:\/\/mydentist1040.be\/wp-content\/uploads\/2025\/03\/pexels-ketut-subiyanto-4546145-218x300.jpg 218w, https:\/\/mydentist1040.be\/wp-content\/uploads\/2025\/03\/pexels-ketut-subiyanto-4546145-768x1057.jpg 768w, https:\/\/mydentist1040.be\/wp-content\/uploads\/2025\/03\/pexels-ketut-subiyanto-4546145-1116x1536.jpg 1116w, https:\/\/mydentist1040.be\/wp-content\/uploads\/2025\/03\/pexels-ketut-subiyanto-4546145.jpg 1280w\" sizes=\"auto, (max-width: 744px) 100vw, 744px\" \/><span aria-hidden=\"true\" class=\"wp-block-cover__background has-black-background-color has-background-dim-40 has-background-dim\"><\/span><div class=\"wp-block-cover__inner-container has-global-padding is-layout-constrained wp-container-core-cover-is-layout-d4c6b484 wp-block-cover-is-layout-constrained\">\n<div style=\"height:150px\" aria-hidden=\"true\" class=\"wp-block-spacer\"><\/div>\n\n\n\n<h1 class=\"wp-block-heading has-text-align-center has-text-color has-link-color has-suranna-font-family wp-elements-f740bd2fb7b3a96a42da73214f7f1097\" style=\"color:#ffffff;font-size:clamp(26.944px, 1.684rem + ((1vw - 3.2px) * 2.165), 46px);font-style:normal;font-weight:500\">Understanding cavities!<\/h1>\n<\/div><\/div>\n\n\n\n<div class=\"wp-block-columns alignwide is-layout-flex wp-container-core-columns-is-layout-5786fe71 wp-block-columns-is-layout-flex\" style=\"margin-top:7.5rem;margin-bottom:7.5rem\">\n<div class=\"wp-block-column is-layout-flow wp-block-column-is-layout-flow\">\n<p>We're always available to answer any questions you may have about brushing.Dental caries is one of the most common oral problems, but also one of the easiest to prevent.<\/p>\n\n\n\n<p>Cavities form when bacteria in the mouth convert sugars in food into acids, which gradually attack tooth enamel. If left untreated, decay can worsen, reaching deep into the tooth and causing pain, infection or tooth loss. <\/p>\n\n\n\n<p>Prevention is based on rigorous hygiene (twice-daily brushing, dental floss\/interdental brushes), a balanced diet, limiting sugary foods, and regular visits to the dentist to detect cavities at an early stage.<\/p>\n\n\n\n<p>If a cavity is present, treatment depends on its extent: from a simple filling to root canal therapy, or even a crown if the tooth is badly damaged. If caught in time, a cavity is easy to treat. The key is vigilance and prevention!<\/p>\n<\/div>\n<\/div>","protected":false},"excerpt":{"rendered":"<p>Les caries dentaires sont l\u2019un des probl\u00e8mes bucco-dentaires les plus courants, mais aussi les plus faciles \u00e0 pr\u00e9venir. Elles se forment lorsque des bact\u00e9ries pr\u00e9sentes dans la bouche transforment les sucres des aliments en acides, qui attaquent progressivement l\u2019\u00e9mail des dents. Sans traitement, la carie peut s\u2019aggraver, atteindre la dent en profondeur et provoquer douleur, [&hellip;]<\/p>\n","protected":false},"author":1,"featured_media":0,"parent":0,"menu_order":0,"comment_status":"closed","ping_status":"closed","template":"","meta":{"footnotes":""},"class_list":["post-778","page","type-page","status-publish","hentry"],"yoast_head":"<!-- This site is optimized with the Yoast SEO plugin v27.5 - https:\/\/yoast.com\/product\/yoast-seo-wordpress\/ -->\n<title>Comprendre les caries : Les causes, la pr\u00e9vention et les options de traitement expliqu\u00e9es ! -<\/title>\n<meta name=\"description\" content=\"Comprendre les caries : Les causes, la pr\u00e9vention et les options de traitement expliqu\u00e9es ! Cabinet dentaire de Vinck - Jafarli %\" \/>\n<meta name=\"robots\" content=\"index, follow, max-snippet:-1, max-image-preview:large, max-video-preview:-1\" \/>\n<link rel=\"canonical\" href=\"https:\/\/mydentist1040.be\/en\/mydentist1040-be-comprendre-les-caries-les-causes-la-prevention-et-les-options-de-traitement-expliquees\/\" \/>\n<meta property=\"og:locale\" content=\"en_US\" \/>\n<meta property=\"og:type\" content=\"article\" \/>\n<meta property=\"og:title\" content=\"Comprendre les caries : Les causes, la pr\u00e9vention et les options de traitement expliqu\u00e9es ! -\" \/>\n<meta property=\"og:description\" content=\"Comprendre les caries : Les causes, la pr\u00e9vention et les options de traitement expliqu\u00e9es ! Cabinet dentaire de Vinck - Jafarli %\" \/>\n<meta property=\"og:url\" content=\"https:\/\/mydentist1040.be\/en\/mydentist1040-be-comprendre-les-caries-les-causes-la-prevention-et-les-options-de-traitement-expliquees\/\" \/>\n<meta property=\"og:site_name\" content=\"Cabinet dentaire de Vinck - Jafarli\" \/>\n<meta property=\"article:modified_time\" content=\"2025-07-09T15:40:00+00:00\" \/>\n<meta property=\"og:image\" content=\"https:\/\/mydentist1040.be\/wp-content\/uploads\/2025\/03\/pexels-ketut-subiyanto-4546145.jpg\" \/>\n\t<meta property=\"og:image:width\" content=\"1280\" \/>\n\t<meta property=\"og:image:height\" content=\"1762\" \/>\n\t<meta property=\"og:image:type\" content=\"image\/jpeg\" \/>\n<meta name=\"twitter:card\" content=\"summary_large_image\" \/>\n<meta name=\"twitter:label1\" content=\"Est. reading time\" \/>\n\t<meta name=\"twitter:data1\" content=\"1 minute\" \/>\n<script type=\"application\/ld+json\" class=\"yoast-schema-graph\">{\"@context\":\"https:\\\/\\\/schema.org\",\"@graph\":[{\"@type\":\"WebPage\",\"@id\":\"https:\\\/\\\/mydentist1040.be\\\/mydentist1040-be-comprendre-les-caries-les-causes-la-prevention-et-les-options-de-traitement-expliquees\\\/\",\"url\":\"https:\\\/\\\/mydentist1040.be\\\/mydentist1040-be-comprendre-les-caries-les-causes-la-prevention-et-les-options-de-traitement-expliquees\\\/\",\"name\":\"Comprendre les caries : Les causes, la pr\u00e9vention et les options de traitement expliqu\u00e9es ! -\",\"isPartOf\":{\"@id\":\"https:\\\/\\\/mydentist1040.be\\\/#website\"},\"primaryImageOfPage\":{\"@id\":\"https:\\\/\\\/mydentist1040.be\\\/mydentist1040-be-comprendre-les-caries-les-causes-la-prevention-et-les-options-de-traitement-expliquees\\\/#primaryimage\"},\"image\":{\"@id\":\"https:\\\/\\\/mydentist1040.be\\\/mydentist1040-be-comprendre-les-caries-les-causes-la-prevention-et-les-options-de-traitement-expliquees\\\/#primaryimage\"},\"thumbnailUrl\":\"https:\\\/\\\/mydentist1040.be\\\/wp-content\\\/uploads\\\/2025\\\/03\\\/pexels-ketut-subiyanto-4546145-744x1024.jpg\",\"datePublished\":\"2025-06-03T07:52:13+00:00\",\"dateModified\":\"2025-07-09T15:40:00+00:00\",\"description\":\"Comprendre les caries : Les causes, la pr\u00e9vention et les options de traitement expliqu\u00e9es ! Cabinet dentaire de Vinck - Jafarli %\",\"breadcrumb\":{\"@id\":\"https:\\\/\\\/mydentist1040.be\\\/mydentist1040-be-comprendre-les-caries-les-causes-la-prevention-et-les-options-de-traitement-expliquees\\\/#breadcrumb\"},\"inLanguage\":\"en-US\",\"potentialAction\":[{\"@type\":\"ReadAction\",\"target\":[\"https:\\\/\\\/mydentist1040.be\\\/mydentist1040-be-comprendre-les-caries-les-causes-la-prevention-et-les-options-de-traitement-expliquees\\\/\"]}]},{\"@type\":\"ImageObject\",\"inLanguage\":\"en-US\",\"@id\":\"https:\\\/\\\/mydentist1040.be\\\/mydentist1040-be-comprendre-les-caries-les-causes-la-prevention-et-les-options-de-traitement-expliquees\\\/#primaryimage\",\"url\":\"https:\\\/\\\/mydentist1040.be\\\/wp-content\\\/uploads\\\/2025\\\/03\\\/pexels-ketut-subiyanto-4546145-744x1024.jpg\",\"contentUrl\":\"https:\\\/\\\/mydentist1040.be\\\/wp-content\\\/uploads\\\/2025\\\/03\\\/pexels-ketut-subiyanto-4546145-744x1024.jpg\"},{\"@type\":\"BreadcrumbList\",\"@id\":\"https:\\\/\\\/mydentist1040.be\\\/mydentist1040-be-comprendre-les-caries-les-causes-la-prevention-et-les-options-de-traitement-expliquees\\\/#breadcrumb\",\"itemListElement\":[{\"@type\":\"ListItem\",\"position\":1,\"name\":\"Accueil\",\"item\":\"https:\\\/\\\/mydentist1040.be\\\/\"},{\"@type\":\"ListItem\",\"position\":2,\"name\":\"Comprendre les caries : Les causes, la pr\u00e9vention et les options de traitement expliqu\u00e9es !\"}]},{\"@type\":\"WebSite\",\"@id\":\"https:\\\/\\\/mydentist1040.be\\\/#website\",\"url\":\"https:\\\/\\\/mydentist1040.be\\\/\",\"name\":\"Cabinet dentaire de Vinck - Jafarli\",\"description\":\"\",\"publisher\":{\"@id\":\"https:\\\/\\\/mydentist1040.be\\\/#organization\"},\"potentialAction\":[{\"@type\":\"SearchAction\",\"target\":{\"@type\":\"EntryPoint\",\"urlTemplate\":\"https:\\\/\\\/mydentist1040.be\\\/?s={search_term_string}\"},\"query-input\":{\"@type\":\"PropertyValueSpecification\",\"valueRequired\":true,\"valueName\":\"search_term_string\"}}],\"inLanguage\":\"en-US\"},{\"@type\":\"Organization\",\"@id\":\"https:\\\/\\\/mydentist1040.be\\\/#organization\",\"name\":\"Cabinet dentaire de Vinck - Jafarli\",\"url\":\"https:\\\/\\\/mydentist1040.be\\\/\",\"logo\":{\"@type\":\"ImageObject\",\"inLanguage\":\"en-US\",\"@id\":\"https:\\\/\\\/mydentist1040.be\\\/#\\\/schema\\\/logo\\\/image\\\/\",\"url\":\"https:\\\/\\\/mydentist1040.be\\\/wp-content\\\/uploads\\\/2025\\\/01\\\/dvj.png\",\"contentUrl\":\"https:\\\/\\\/mydentist1040.be\\\/wp-content\\\/uploads\\\/2025\\\/01\\\/dvj.png\",\"width\":862,\"height\":458,\"caption\":\"Cabinet dentaire de Vinck - Jafarli\"},\"image\":{\"@id\":\"https:\\\/\\\/mydentist1040.be\\\/#\\\/schema\\\/logo\\\/image\\\/\"},\"sameAs\":[\"https:\\\/\\\/www.linkedin.com\\\/in\\\/sona-jafarli-b012a2355\\\/\"]}]}<\/script>\n<!-- \/ Yoast SEO plugin. -->","yoast_head_json":{"title":"Comprendre les caries : Les causes, la pr\u00e9vention et les options de traitement expliqu\u00e9es ! -","description":"Comprendre les caries : Les causes, la pr\u00e9vention et les options de traitement expliqu\u00e9es ! Cabinet dentaire de Vinck - Jafarli %","robots":{"index":"index","follow":"follow","max-snippet":"max-snippet:-1","max-image-preview":"max-image-preview:large","max-video-preview":"max-video-preview:-1"},"canonical":"https:\/\/mydentist1040.be\/en\/mydentist1040-be-comprendre-les-caries-les-causes-la-prevention-et-les-options-de-traitement-expliquees\/","og_locale":"en_US","og_type":"article","og_title":"Comprendre les caries : Les causes, la pr\u00e9vention et les options de traitement expliqu\u00e9es ! -","og_description":"Comprendre les caries : Les causes, la pr\u00e9vention et les options de traitement expliqu\u00e9es ! Cabinet dentaire de Vinck - Jafarli %","og_url":"https:\/\/mydentist1040.be\/en\/mydentist1040-be-comprendre-les-caries-les-causes-la-prevention-et-les-options-de-traitement-expliquees\/","og_site_name":"Cabinet dentaire de Vinck - Jafarli","article_modified_time":"2025-07-09T15:40:00+00:00","og_image":[{"width":1280,"height":1762,"url":"https:\/\/mydentist1040.be\/wp-content\/uploads\/2025\/03\/pexels-ketut-subiyanto-4546145.jpg","type":"image\/jpeg"}],"twitter_card":"summary_large_image","twitter_misc":{"Est. reading time":"1 minute"},"schema":{"@context":"https:\/\/schema.org","@graph":[{"@type":"WebPage","@id":"https:\/\/mydentist1040.be\/mydentist1040-be-comprendre-les-caries-les-causes-la-prevention-et-les-options-de-traitement-expliquees\/","url":"https:\/\/mydentist1040.be\/mydentist1040-be-comprendre-les-caries-les-causes-la-prevention-et-les-options-de-traitement-expliquees\/","name":"Comprendre les caries : Les causes, la pr\u00e9vention et les options de traitement expliqu\u00e9es ! -","isPartOf":{"@id":"https:\/\/mydentist1040.be\/#website"},"primaryImageOfPage":{"@id":"https:\/\/mydentist1040.be\/mydentist1040-be-comprendre-les-caries-les-causes-la-prevention-et-les-options-de-traitement-expliquees\/#primaryimage"},"image":{"@id":"https:\/\/mydentist1040.be\/mydentist1040-be-comprendre-les-caries-les-causes-la-prevention-et-les-options-de-traitement-expliquees\/#primaryimage"},"thumbnailUrl":"https:\/\/mydentist1040.be\/wp-content\/uploads\/2025\/03\/pexels-ketut-subiyanto-4546145-744x1024.jpg","datePublished":"2025-06-03T07:52:13+00:00","dateModified":"2025-07-09T15:40:00+00:00","description":"Comprendre les caries : Les causes, la pr\u00e9vention et les options de traitement expliqu\u00e9es ! Cabinet dentaire de Vinck - Jafarli %","breadcrumb":{"@id":"https:\/\/mydentist1040.be\/mydentist1040-be-comprendre-les-caries-les-causes-la-prevention-et-les-options-de-traitement-expliquees\/#breadcrumb"},"inLanguage":"en-US","potentialAction":[{"@type":"ReadAction","target":["https:\/\/mydentist1040.be\/mydentist1040-be-comprendre-les-caries-les-causes-la-prevention-et-les-options-de-traitement-expliquees\/"]}]},{"@type":"ImageObject","inLanguage":"en-US","@id":"https:\/\/mydentist1040.be\/mydentist1040-be-comprendre-les-caries-les-causes-la-prevention-et-les-options-de-traitement-expliquees\/#primaryimage","url":"https:\/\/mydentist1040.be\/wp-content\/uploads\/2025\/03\/pexels-ketut-subiyanto-4546145-744x1024.jpg","contentUrl":"https:\/\/mydentist1040.be\/wp-content\/uploads\/2025\/03\/pexels-ketut-subiyanto-4546145-744x1024.jpg"},{"@type":"BreadcrumbList","@id":"https:\/\/mydentist1040.be\/mydentist1040-be-comprendre-les-caries-les-causes-la-prevention-et-les-options-de-traitement-expliquees\/#breadcrumb","itemListElement":[{"@type":"ListItem","position":1,"name":"Accueil","item":"https:\/\/mydentist1040.be\/"},{"@type":"ListItem","position":2,"name":"Comprendre les caries : Les causes, la pr\u00e9vention et les options de traitement expliqu\u00e9es !"}]},{"@type":"WebSite","@id":"https:\/\/mydentist1040.be\/#website","url":"https:\/\/mydentist1040.be\/","name":"Cabinet dentaire de Vinck - Jafarli","description":"","publisher":{"@id":"https:\/\/mydentist1040.be\/#organization"},"potentialAction":[{"@type":"SearchAction","target":{"@type":"EntryPoint","urlTemplate":"https:\/\/mydentist1040.be\/?s={search_term_string}"},"query-input":{"@type":"PropertyValueSpecification","valueRequired":true,"valueName":"search_term_string"}}],"inLanguage":"en-US"},{"@type":"Organization","@id":"https:\/\/mydentist1040.be\/#organization","name":"Cabinet dentaire de Vinck - Jafarli","url":"https:\/\/mydentist1040.be\/","logo":{"@type":"ImageObject","inLanguage":"en-US","@id":"https:\/\/mydentist1040.be\/#\/schema\/logo\/image\/","url":"https:\/\/mydentist1040.be\/wp-content\/uploads\/2025\/01\/dvj.png","contentUrl":"https:\/\/mydentist1040.be\/wp-content\/uploads\/2025\/01\/dvj.png","width":862,"height":458,"caption":"Cabinet dentaire de Vinck - Jafarli"},"image":{"@id":"https:\/\/mydentist1040.be\/#\/schema\/logo\/image\/"},"sameAs":["https:\/\/www.linkedin.com\/in\/sona-jafarli-b012a2355\/"]}]}},"_links":{"self":[{"href":"https:\/\/mydentist1040.be\/en\/wp-json\/wp\/v2\/pages\/778","targetHints":{"allow":["GET"]}}],"collection":[{"href":"https:\/\/mydentist1040.be\/en\/wp-json\/wp\/v2\/pages"}],"about":[{"href":"https:\/\/mydentist1040.be\/en\/wp-json\/wp\/v2\/types\/page"}],"author":[{"embeddable":true,"href":"https:\/\/mydentist1040.be\/en\/wp-json\/wp\/v2\/users\/1"}],"replies":[{"embeddable":true,"href":"https:\/\/mydentist1040.be\/en\/wp-json\/wp\/v2\/comments?post=778"}],"version-history":[{"count":9,"href":"https:\/\/mydentist1040.be\/en\/wp-json\/wp\/v2\/pages\/778\/revisions"}],"predecessor-version":[{"id":1043,"href":"https:\/\/mydentist1040.be\/en\/wp-json\/wp\/v2\/pages\/778\/revisions\/1043"}],"wp:attachment":[{"href":"https:\/\/mydentist1040.be\/en\/wp-json\/wp\/v2\/media?parent=778"}],"curies":[{"name":"wp","href":"https:\/\/api.w.org\/{rel}","templated":true}]}}