{"id":703,"date":"2025-04-28T17:31:12","date_gmt":"2025-04-28T17:31:12","guid":{"rendered":"https:\/\/mydentist1040.be\/?page_id=703"},"modified":"2025-07-09T15:35:42","modified_gmt":"2025-07-09T15:35:42","slug":"comment-choisir-sa-brosse-a-dent","status":"publish","type":"page","link":"https:\/\/mydentist1040.be\/en\/comment-choisir-sa-brosse-a-dent\/","title":{"rendered":"How to choose your toothbrush"},"content":{"rendered":"<div style=\"height:0px\" aria-hidden=\"true\" class=\"wp-block-spacer\"><\/div>\n\n\n\n<div class=\"wp-block-cover alignfull\" style=\"margin-top:0;margin-bottom:0;padding-top:0px;padding-bottom:80px;min-height:300px;aspect-ratio:unset;\"><img loading=\"lazy\" decoding=\"async\" width=\"1709\" height=\"2560\" class=\"wp-block-cover__image-background wp-image-229\" alt=\"\" src=\"https:\/\/mydentist1040.be\/wp-content\/uploads\/2025\/03\/pexels-pavel-danilyuk-7055278-scaled.jpg\" style=\"object-position:20% 63%\" data-object-fit=\"cover\" data-object-position=\"20% 63%\" srcset=\"https:\/\/mydentist1040.be\/wp-content\/uploads\/2025\/03\/pexels-pavel-danilyuk-7055278-scaled.jpg 1709w, https:\/\/mydentist1040.be\/wp-content\/uploads\/2025\/03\/pexels-pavel-danilyuk-7055278-200x300.jpg 200w, https:\/\/mydentist1040.be\/wp-content\/uploads\/2025\/03\/pexels-pavel-danilyuk-7055278-684x1024.jpg 684w, https:\/\/mydentist1040.be\/wp-content\/uploads\/2025\/03\/pexels-pavel-danilyuk-7055278-768x1150.jpg 768w, https:\/\/mydentist1040.be\/wp-content\/uploads\/2025\/03\/pexels-pavel-danilyuk-7055278-1025x1536.jpg 1025w, https:\/\/mydentist1040.be\/wp-content\/uploads\/2025\/03\/pexels-pavel-danilyuk-7055278-1367x2048.jpg 1367w\" sizes=\"auto, (max-width: 1709px) 100vw, 1709px\" \/><span aria-hidden=\"true\" class=\"wp-block-cover__background has-black-background-color has-background-dim-40 has-background-dim\"><\/span><div class=\"wp-block-cover__inner-container has-global-padding is-layout-constrained wp-container-core-cover-is-layout-d4c6b484 wp-block-cover-is-layout-constrained\">\n<div style=\"height:150px\" aria-hidden=\"true\" class=\"wp-block-spacer\"><\/div>\n\n\n\n<h1 class=\"wp-block-heading has-text-align-center has-text-color has-link-color has-suranna-font-family wp-elements-de09324d3a7e11707ab76051b62d4e9f\" style=\"color:#ffffff;font-size:clamp(26.944px, 1.684rem + ((1vw - 3.2px) * 2.165), 46px);font-style:normal;font-weight:500\">How to choose your toothbrush<\/h1>\n<\/div><\/div>\n\n\n\n<div class=\"wp-block-columns alignwide is-layout-flex wp-container-core-columns-is-layout-74eb2304 wp-block-columns-is-layout-flex\" style=\"margin-top:8rem;margin-bottom:8rem\">\n<div class=\"wp-block-column is-layout-flow wp-block-column-is-layout-flow\">\n<p>It's important to always use a soft toothbrush to avoid damaging your gums and teeth.&nbsp;<\/p>\n\n\n\n<p>A toothbrush with a smaller head will enable you to reach hard-to-reach areas.&nbsp;<\/p>\n\n\n\n<p>An electric toothbrush is not indispensable. However, if you can't achieve optimal brushing with a conventional toothbrush, it's worth considering an electric toothbrush. Ask your dentist!&nbsp;<\/p>\n\n\n\n<p>For children, use toothbrushes that are age-appropriate, colorful and fun, so they enjoy brushing.&nbsp;<\/p>\n\n\n\n<p>In addition to your toothbrush, it's important to use dental floss or interdental brushes to clean all surfaces of your teeth. Without them, your brushing is incomplete, and the risk of developing oral disease is ever present.&nbsp;<\/p>\n\n\n\n<p>We are always available to answer any questions you may have about brushing.&nbsp;<\/p>\n<\/div>\n<\/div>","protected":false},"excerpt":{"rendered":"<p>Il est important de toujours utiliser une brosse \u00e0 dents souple pour \u00e9viter d&rsquo;ab\u00eemer votre gencive et vos dents.&nbsp; Une brosse \u00e0 dent avec une t\u00eate plus petite vous permettra d&rsquo;atteindre des zones difficiles \u00e0 atteindre.&nbsp; La brosse \u00e0 dent \u00e9lectrique n&rsquo;est pas indispensable. Cependant, si vous n&rsquo;arrivez pas \u00e0 atteindre un brossage optimal avec [&hellip;]<\/p>\n","protected":false},"author":1,"featured_media":0,"parent":0,"menu_order":0,"comment_status":"closed","ping_status":"closed","template":"","meta":{"footnotes":""},"class_list":["post-703","page","type-page","status-publish","hentry"],"yoast_head":"<!-- This site is optimized with the Yoast SEO plugin v27.5 - https:\/\/yoast.com\/product\/yoast-seo-wordpress\/ -->\n<title>Comment choisir sa brosse \u00e0 dent -<\/title>\n<meta name=\"description\" content=\"Comment choisir sa brosse \u00e0 dent Cabinet dentaire de Vinck - Jafarli %\" \/>\n<meta name=\"robots\" content=\"index, follow, max-snippet:-1, max-image-preview:large, max-video-preview:-1\" \/>\n<link rel=\"canonical\" href=\"https:\/\/mydentist1040.be\/en\/comment-choisir-sa-brosse-a-dent\/\" \/>\n<meta property=\"og:locale\" content=\"en_US\" \/>\n<meta property=\"og:type\" content=\"article\" \/>\n<meta property=\"og:title\" content=\"Comment choisir sa brosse \u00e0 dent -\" \/>\n<meta property=\"og:description\" content=\"Comment choisir sa brosse \u00e0 dent Cabinet dentaire de Vinck - Jafarli %\" \/>\n<meta property=\"og:url\" content=\"https:\/\/mydentist1040.be\/en\/comment-choisir-sa-brosse-a-dent\/\" \/>\n<meta property=\"og:site_name\" content=\"Cabinet dentaire de Vinck - Jafarli\" \/>\n<meta property=\"article:modified_time\" content=\"2025-07-09T15:35:42+00:00\" \/>\n<meta property=\"og:image\" content=\"https:\/\/mydentist1040.be\/wp-content\/uploads\/2025\/03\/pexels-pavel-danilyuk-7055278-scaled.jpg\" \/>\n\t<meta property=\"og:image:width\" content=\"1709\" \/>\n\t<meta property=\"og:image:height\" content=\"2560\" \/>\n\t<meta property=\"og:image:type\" content=\"image\/jpeg\" \/>\n<meta name=\"twitter:card\" content=\"summary_large_image\" \/>\n<meta name=\"twitter:label1\" content=\"Est. reading time\" \/>\n\t<meta name=\"twitter:data1\" content=\"1 minute\" \/>\n<script type=\"application\/ld+json\" class=\"yoast-schema-graph\">{\"@context\":\"https:\\\/\\\/schema.org\",\"@graph\":[{\"@type\":\"WebPage\",\"@id\":\"https:\\\/\\\/mydentist1040.be\\\/comment-choisir-sa-brosse-a-dent\\\/\",\"url\":\"https:\\\/\\\/mydentist1040.be\\\/comment-choisir-sa-brosse-a-dent\\\/\",\"name\":\"Comment choisir sa brosse \u00e0 dent -\",\"isPartOf\":{\"@id\":\"https:\\\/\\\/mydentist1040.be\\\/#website\"},\"primaryImageOfPage\":{\"@id\":\"https:\\\/\\\/mydentist1040.be\\\/comment-choisir-sa-brosse-a-dent\\\/#primaryimage\"},\"image\":{\"@id\":\"https:\\\/\\\/mydentist1040.be\\\/comment-choisir-sa-brosse-a-dent\\\/#primaryimage\"},\"thumbnailUrl\":\"https:\\\/\\\/mydentist1040.be\\\/wp-content\\\/uploads\\\/2025\\\/03\\\/pexels-pavel-danilyuk-7055278-scaled.jpg\",\"datePublished\":\"2025-04-28T17:31:12+00:00\",\"dateModified\":\"2025-07-09T15:35:42+00:00\",\"description\":\"Comment choisir sa brosse \u00e0 dent Cabinet dentaire de Vinck - Jafarli %\",\"breadcrumb\":{\"@id\":\"https:\\\/\\\/mydentist1040.be\\\/comment-choisir-sa-brosse-a-dent\\\/#breadcrumb\"},\"inLanguage\":\"en-US\",\"potentialAction\":[{\"@type\":\"ReadAction\",\"target\":[\"https:\\\/\\\/mydentist1040.be\\\/comment-choisir-sa-brosse-a-dent\\\/\"]}]},{\"@type\":\"ImageObject\",\"inLanguage\":\"en-US\",\"@id\":\"https:\\\/\\\/mydentist1040.be\\\/comment-choisir-sa-brosse-a-dent\\\/#primaryimage\",\"url\":\"https:\\\/\\\/mydentist1040.be\\\/wp-content\\\/uploads\\\/2025\\\/03\\\/pexels-pavel-danilyuk-7055278-scaled.jpg\",\"contentUrl\":\"https:\\\/\\\/mydentist1040.be\\\/wp-content\\\/uploads\\\/2025\\\/03\\\/pexels-pavel-danilyuk-7055278-scaled.jpg\"},{\"@type\":\"BreadcrumbList\",\"@id\":\"https:\\\/\\\/mydentist1040.be\\\/comment-choisir-sa-brosse-a-dent\\\/#breadcrumb\",\"itemListElement\":[{\"@type\":\"ListItem\",\"position\":1,\"name\":\"Accueil\",\"item\":\"https:\\\/\\\/mydentist1040.be\\\/\"},{\"@type\":\"ListItem\",\"position\":2,\"name\":\"Comment choisir sa brosse \u00e0 dent\"}]},{\"@type\":\"WebSite\",\"@id\":\"https:\\\/\\\/mydentist1040.be\\\/#website\",\"url\":\"https:\\\/\\\/mydentist1040.be\\\/\",\"name\":\"Cabinet dentaire de Vinck - Jafarli\",\"description\":\"\",\"publisher\":{\"@id\":\"https:\\\/\\\/mydentist1040.be\\\/#organization\"},\"potentialAction\":[{\"@type\":\"SearchAction\",\"target\":{\"@type\":\"EntryPoint\",\"urlTemplate\":\"https:\\\/\\\/mydentist1040.be\\\/?s={search_term_string}\"},\"query-input\":{\"@type\":\"PropertyValueSpecification\",\"valueRequired\":true,\"valueName\":\"search_term_string\"}}],\"inLanguage\":\"en-US\"},{\"@type\":\"Organization\",\"@id\":\"https:\\\/\\\/mydentist1040.be\\\/#organization\",\"name\":\"Cabinet dentaire de Vinck - Jafarli\",\"url\":\"https:\\\/\\\/mydentist1040.be\\\/\",\"logo\":{\"@type\":\"ImageObject\",\"inLanguage\":\"en-US\",\"@id\":\"https:\\\/\\\/mydentist1040.be\\\/#\\\/schema\\\/logo\\\/image\\\/\",\"url\":\"https:\\\/\\\/mydentist1040.be\\\/wp-content\\\/uploads\\\/2025\\\/01\\\/dvj.png\",\"contentUrl\":\"https:\\\/\\\/mydentist1040.be\\\/wp-content\\\/uploads\\\/2025\\\/01\\\/dvj.png\",\"width\":862,\"height\":458,\"caption\":\"Cabinet dentaire de Vinck - Jafarli\"},\"image\":{\"@id\":\"https:\\\/\\\/mydentist1040.be\\\/#\\\/schema\\\/logo\\\/image\\\/\"},\"sameAs\":[\"https:\\\/\\\/www.linkedin.com\\\/in\\\/sona-jafarli-b012a2355\\\/\"]}]}<\/script>\n<!-- \/ Yoast SEO plugin. -->","yoast_head_json":{"title":"Comment choisir sa brosse \u00e0 dent -","description":"Comment choisir sa brosse \u00e0 dent Cabinet dentaire de Vinck - Jafarli %","robots":{"index":"index","follow":"follow","max-snippet":"max-snippet:-1","max-image-preview":"max-image-preview:large","max-video-preview":"max-video-preview:-1"},"canonical":"https:\/\/mydentist1040.be\/en\/comment-choisir-sa-brosse-a-dent\/","og_locale":"en_US","og_type":"article","og_title":"Comment choisir sa brosse \u00e0 dent -","og_description":"Comment choisir sa brosse \u00e0 dent Cabinet dentaire de Vinck - Jafarli %","og_url":"https:\/\/mydentist1040.be\/en\/comment-choisir-sa-brosse-a-dent\/","og_site_name":"Cabinet dentaire de Vinck - Jafarli","article_modified_time":"2025-07-09T15:35:42+00:00","og_image":[{"width":1709,"height":2560,"url":"https:\/\/mydentist1040.be\/wp-content\/uploads\/2025\/03\/pexels-pavel-danilyuk-7055278-scaled.jpg","type":"image\/jpeg"}],"twitter_card":"summary_large_image","twitter_misc":{"Est. reading time":"1 minute"},"schema":{"@context":"https:\/\/schema.org","@graph":[{"@type":"WebPage","@id":"https:\/\/mydentist1040.be\/comment-choisir-sa-brosse-a-dent\/","url":"https:\/\/mydentist1040.be\/comment-choisir-sa-brosse-a-dent\/","name":"Comment choisir sa brosse \u00e0 dent -","isPartOf":{"@id":"https:\/\/mydentist1040.be\/#website"},"primaryImageOfPage":{"@id":"https:\/\/mydentist1040.be\/comment-choisir-sa-brosse-a-dent\/#primaryimage"},"image":{"@id":"https:\/\/mydentist1040.be\/comment-choisir-sa-brosse-a-dent\/#primaryimage"},"thumbnailUrl":"https:\/\/mydentist1040.be\/wp-content\/uploads\/2025\/03\/pexels-pavel-danilyuk-7055278-scaled.jpg","datePublished":"2025-04-28T17:31:12+00:00","dateModified":"2025-07-09T15:35:42+00:00","description":"Comment choisir sa brosse \u00e0 dent Cabinet dentaire de Vinck - Jafarli %","breadcrumb":{"@id":"https:\/\/mydentist1040.be\/comment-choisir-sa-brosse-a-dent\/#breadcrumb"},"inLanguage":"en-US","potentialAction":[{"@type":"ReadAction","target":["https:\/\/mydentist1040.be\/comment-choisir-sa-brosse-a-dent\/"]}]},{"@type":"ImageObject","inLanguage":"en-US","@id":"https:\/\/mydentist1040.be\/comment-choisir-sa-brosse-a-dent\/#primaryimage","url":"https:\/\/mydentist1040.be\/wp-content\/uploads\/2025\/03\/pexels-pavel-danilyuk-7055278-scaled.jpg","contentUrl":"https:\/\/mydentist1040.be\/wp-content\/uploads\/2025\/03\/pexels-pavel-danilyuk-7055278-scaled.jpg"},{"@type":"BreadcrumbList","@id":"https:\/\/mydentist1040.be\/comment-choisir-sa-brosse-a-dent\/#breadcrumb","itemListElement":[{"@type":"ListItem","position":1,"name":"Accueil","item":"https:\/\/mydentist1040.be\/"},{"@type":"ListItem","position":2,"name":"Comment choisir sa brosse \u00e0 dent"}]},{"@type":"WebSite","@id":"https:\/\/mydentist1040.be\/#website","url":"https:\/\/mydentist1040.be\/","name":"Cabinet dentaire de Vinck - Jafarli","description":"","publisher":{"@id":"https:\/\/mydentist1040.be\/#organization"},"potentialAction":[{"@type":"SearchAction","target":{"@type":"EntryPoint","urlTemplate":"https:\/\/mydentist1040.be\/?s={search_term_string}"},"query-input":{"@type":"PropertyValueSpecification","valueRequired":true,"valueName":"search_term_string"}}],"inLanguage":"en-US"},{"@type":"Organization","@id":"https:\/\/mydentist1040.be\/#organization","name":"Cabinet dentaire de Vinck - Jafarli","url":"https:\/\/mydentist1040.be\/","logo":{"@type":"ImageObject","inLanguage":"en-US","@id":"https:\/\/mydentist1040.be\/#\/schema\/logo\/image\/","url":"https:\/\/mydentist1040.be\/wp-content\/uploads\/2025\/01\/dvj.png","contentUrl":"https:\/\/mydentist1040.be\/wp-content\/uploads\/2025\/01\/dvj.png","width":862,"height":458,"caption":"Cabinet dentaire de Vinck - Jafarli"},"image":{"@id":"https:\/\/mydentist1040.be\/#\/schema\/logo\/image\/"},"sameAs":["https:\/\/www.linkedin.com\/in\/sona-jafarli-b012a2355\/"]}]}},"_links":{"self":[{"href":"https:\/\/mydentist1040.be\/en\/wp-json\/wp\/v2\/pages\/703","targetHints":{"allow":["GET"]}}],"collection":[{"href":"https:\/\/mydentist1040.be\/en\/wp-json\/wp\/v2\/pages"}],"about":[{"href":"https:\/\/mydentist1040.be\/en\/wp-json\/wp\/v2\/types\/page"}],"author":[{"embeddable":true,"href":"https:\/\/mydentist1040.be\/en\/wp-json\/wp\/v2\/users\/1"}],"replies":[{"embeddable":true,"href":"https:\/\/mydentist1040.be\/en\/wp-json\/wp\/v2\/comments?post=703"}],"version-history":[{"count":7,"href":"https:\/\/mydentist1040.be\/en\/wp-json\/wp\/v2\/pages\/703\/revisions"}],"predecessor-version":[{"id":1028,"href":"https:\/\/mydentist1040.be\/en\/wp-json\/wp\/v2\/pages\/703\/revisions\/1028"}],"wp:attachment":[{"href":"https:\/\/mydentist1040.be\/en\/wp-json\/wp\/v2\/media?parent=703"}],"curies":[{"name":"wp","href":"https:\/\/api.w.org\/{rel}","templated":true}]}}