{"id":691,"date":"2025-04-28T17:00:24","date_gmt":"2025-04-28T17:00:24","guid":{"rendered":"https:\/\/mydentist1040.be\/?page_id=691"},"modified":"2025-07-09T15:35:58","modified_gmt":"2025-07-09T15:35:58","slug":"conseils-2","status":"publish","type":"page","link":"https:\/\/mydentist1040.be\/en\/conseils-2\/","title":{"rendered":"Tips"},"content":{"rendered":"<div style=\"height:0px\" aria-hidden=\"true\" class=\"wp-block-spacer\"><\/div>\n\n\n\n<div class=\"wp-block-cover alignfull\" style=\"margin-top:0;margin-bottom:0;padding-top:0px;padding-bottom:80px;min-height:300px;aspect-ratio:unset;\"><img loading=\"lazy\" decoding=\"async\" width=\"1024\" height=\"683\" class=\"wp-block-cover__image-background wp-image-959 size-large\" alt=\"\" src=\"https:\/\/mydentist1040.be\/wp-content\/uploads\/2025\/06\/IMG_5920-1-1024x683.jpg\" style=\"object-position:51% 23%\" data-object-fit=\"cover\" data-object-position=\"51% 23%\" srcset=\"https:\/\/mydentist1040.be\/wp-content\/uploads\/2025\/06\/IMG_5920-1-1024x683.jpg 1024w, https:\/\/mydentist1040.be\/wp-content\/uploads\/2025\/06\/IMG_5920-1-300x200.jpg 300w, https:\/\/mydentist1040.be\/wp-content\/uploads\/2025\/06\/IMG_5920-1-768x512.jpg 768w, https:\/\/mydentist1040.be\/wp-content\/uploads\/2025\/06\/IMG_5920-1-1536x1024.jpg 1536w, https:\/\/mydentist1040.be\/wp-content\/uploads\/2025\/06\/IMG_5920-1-2048x1365.jpg 2048w, https:\/\/mydentist1040.be\/wp-content\/uploads\/2025\/06\/IMG_5920-1-18x12.jpg 18w\" sizes=\"auto, (max-width: 1024px) 100vw, 1024px\" \/><span aria-hidden=\"true\" class=\"wp-block-cover__background has-black-background-color has-background-dim-40 has-background-dim\"><\/span><div class=\"wp-block-cover__inner-container has-global-padding is-layout-constrained wp-container-core-cover-is-layout-d4c6b484 wp-block-cover-is-layout-constrained\">\n<div style=\"height:150px\" aria-hidden=\"true\" class=\"wp-block-spacer\"><\/div>\n\n\n\n<h1 class=\"wp-block-heading has-text-align-center has-text-color has-link-color has-suranna-font-family wp-elements-ea85eed26e23f393338025b72b47dc4f\" style=\"color:#ffffff;font-size:clamp(38.682px, 2.418rem + ((1vw - 3.2px) * 3.786), 72px);font-style:normal;font-weight:500\">Your smile matters<\/h1>\n<\/div><\/div>\n\n\n\n<div class=\"wp-block-columns alignwide is-layout-flex wp-container-core-columns-is-layout-4c1dd492 wp-block-columns-is-layout-flex\" style=\"margin-top:var(--wp--preset--spacing--80);margin-bottom:var(--wp--preset--spacing--80)\">\n<div class=\"wp-block-column is-layout-flow wp-block-column-is-layout-flow\">\n<div class=\"wp-block-group is-vertical is-layout-flex wp-container-core-group-is-layout-fe9cc265 wp-block-group-is-layout-flex\">\n<figure class=\"wp-block-image size-large\"><img loading=\"lazy\" decoding=\"async\" width=\"684\" height=\"1024\" src=\"https:\/\/mydentist1040.be\/wp-content\/uploads\/2025\/03\/pexels-pavel-danilyuk-7055278-684x1024.jpg\" alt=\"\" class=\"wp-image-229\" style=\"aspect-ratio:3\/4;object-fit:cover\" srcset=\"https:\/\/mydentist1040.be\/wp-content\/uploads\/2025\/03\/pexels-pavel-danilyuk-7055278-684x1024.jpg 684w, https:\/\/mydentist1040.be\/wp-content\/uploads\/2025\/03\/pexels-pavel-danilyuk-7055278-200x300.jpg 200w, https:\/\/mydentist1040.be\/wp-content\/uploads\/2025\/03\/pexels-pavel-danilyuk-7055278-768x1150.jpg 768w, https:\/\/mydentist1040.be\/wp-content\/uploads\/2025\/03\/pexels-pavel-danilyuk-7055278-1025x1536.jpg 1025w, https:\/\/mydentist1040.be\/wp-content\/uploads\/2025\/03\/pexels-pavel-danilyuk-7055278-1367x2048.jpg 1367w, https:\/\/mydentist1040.be\/wp-content\/uploads\/2025\/03\/pexels-pavel-danilyuk-7055278-scaled.jpg 1709w\" sizes=\"auto, (max-width: 684px) 100vw, 684px\" \/><\/figure>\n\n\n\n<p><a href=\"https:\/\/mydentist1040.be\/en\/comment-choisir-sa-brosse-a-dent\/\" data-type=\"link\" data-id=\"https:\/\/mydentist1040.be\/comment-choisir-sa-brosse-a-dent\/\">How to choose your toothbrush.<\/a><\/p>\n<\/div>\n<\/div>\n\n\n\n<div class=\"wp-block-column is-layout-flow wp-block-column-is-layout-flow\">\n<div class=\"wp-block-group is-vertical is-layout-flex wp-container-core-group-is-layout-fe9cc265 wp-block-group-is-layout-flex\">\n<figure class=\"wp-block-image size-large\"><img loading=\"lazy\" decoding=\"async\" width=\"744\" height=\"1024\" src=\"https:\/\/mydentist1040.be\/wp-content\/uploads\/2025\/03\/pexels-ketut-subiyanto-4546145-744x1024.jpg\" alt=\"\" class=\"wp-image-230\" style=\"aspect-ratio:3\/4;object-fit:cover\" srcset=\"https:\/\/mydentist1040.be\/wp-content\/uploads\/2025\/03\/pexels-ketut-subiyanto-4546145-744x1024.jpg 744w, https:\/\/mydentist1040.be\/wp-content\/uploads\/2025\/03\/pexels-ketut-subiyanto-4546145-218x300.jpg 218w, https:\/\/mydentist1040.be\/wp-content\/uploads\/2025\/03\/pexels-ketut-subiyanto-4546145-768x1057.jpg 768w, https:\/\/mydentist1040.be\/wp-content\/uploads\/2025\/03\/pexels-ketut-subiyanto-4546145-1116x1536.jpg 1116w, https:\/\/mydentist1040.be\/wp-content\/uploads\/2025\/03\/pexels-ketut-subiyanto-4546145.jpg 1280w\" sizes=\"auto, (max-width: 744px) 100vw, 744px\" \/><\/figure>\n\n\n\n<p><a href=\"https:\/\/mydentist1040.be\/en\/mydentist1040-be-comprendre-les-caries-les-causes-la-prevention-et-les-options-de-traitement-expliquees\/\" data-type=\"page\" data-id=\"778\">Understanding cavities: Causes, prevention and treatment options explained!<\/a><br><\/p>\n<\/div>\n<\/div>\n\n\n\n<div class=\"wp-block-column is-layout-flow wp-block-column-is-layout-flow\">\n<div class=\"wp-block-group is-vertical is-layout-flex wp-container-core-group-is-layout-fe9cc265 wp-block-group-is-layout-flex\">\n<figure class=\"wp-block-image size-large\"><img loading=\"lazy\" decoding=\"async\" width=\"1024\" height=\"683\" src=\"https:\/\/mydentist1040.be\/wp-content\/uploads\/2025\/03\/smile-4448931_1920-1024x683.jpg\" alt=\"\" class=\"wp-image-231\" style=\"aspect-ratio:3\/4;object-fit:cover\" srcset=\"https:\/\/mydentist1040.be\/wp-content\/uploads\/2025\/03\/smile-4448931_1920-1024x683.jpg 1024w, https:\/\/mydentist1040.be\/wp-content\/uploads\/2025\/03\/smile-4448931_1920-300x200.jpg 300w, https:\/\/mydentist1040.be\/wp-content\/uploads\/2025\/03\/smile-4448931_1920-768x512.jpg 768w, https:\/\/mydentist1040.be\/wp-content\/uploads\/2025\/03\/smile-4448931_1920-1536x1025.jpg 1536w, https:\/\/mydentist1040.be\/wp-content\/uploads\/2025\/03\/smile-4448931_1920.jpg 1920w\" sizes=\"auto, (max-width: 1024px) 100vw, 1024px\" \/><\/figure>\n\n\n\n<p><a href=\"https:\/\/mydentist1040.be\/en\/comment-reussir-son-eclaircissement-dentaire\/\" data-type=\"page\" data-id=\"790\">How to successfully lighten your teeth.<br><\/a><\/p>\n<\/div>\n<\/div>\n<\/div>\n\n\n\n<div class=\"wp-block-columns alignwide is-layout-flex wp-container-core-columns-is-layout-28f84493 wp-block-columns-is-layout-flex\">\n<div class=\"wp-block-column is-layout-flow wp-block-column-is-layout-flow\">\n<div class=\"wp-block-group is-vertical is-layout-flex wp-container-core-group-is-layout-fe9cc265 wp-block-group-is-layout-flex\">\n<figure class=\"wp-block-image size-full\"><img loading=\"lazy\" decoding=\"async\" width=\"640\" height=\"960\" src=\"https:\/\/mydentist1040.be\/wp-content\/uploads\/2025\/04\/caju-gomes-ei1b2XYs9IQ-unsplash.jpg\" alt=\"\" class=\"wp-image-493\" style=\"aspect-ratio:3\/4;object-fit:cover\" srcset=\"https:\/\/mydentist1040.be\/wp-content\/uploads\/2025\/04\/caju-gomes-ei1b2XYs9IQ-unsplash.jpg 640w, https:\/\/mydentist1040.be\/wp-content\/uploads\/2025\/04\/caju-gomes-ei1b2XYs9IQ-unsplash-200x300.jpg 200w\" sizes=\"auto, (max-width: 640px) 100vw, 640px\" \/><\/figure>\n\n\n\n<p><a href=\"https:\/\/mydentist1040.be\/en\/pourquoi-mes-gencives-saignent\/\" data-type=\"page\" data-id=\"796\">What's causing my gums to bleed?<\/a><\/p>\n<\/div>\n<\/div>\n\n\n\n<div class=\"wp-block-column is-layout-flow wp-block-column-is-layout-flow\">\n<figure class=\"wp-block-image size-large\"><img loading=\"lazy\" decoding=\"async\" width=\"1024\" height=\"683\" src=\"https:\/\/mydentist1040.be\/wp-content\/uploads\/2025\/04\/pexels-rdne-10566470-1024x683.jpg\" alt=\"\" class=\"wp-image-495\" style=\"aspect-ratio:3\/4;object-fit:cover\" srcset=\"https:\/\/mydentist1040.be\/wp-content\/uploads\/2025\/04\/pexels-rdne-10566470-1024x683.jpg 1024w, https:\/\/mydentist1040.be\/wp-content\/uploads\/2025\/04\/pexels-rdne-10566470-300x200.jpg 300w, https:\/\/mydentist1040.be\/wp-content\/uploads\/2025\/04\/pexels-rdne-10566470-768x512.jpg 768w, https:\/\/mydentist1040.be\/wp-content\/uploads\/2025\/04\/pexels-rdne-10566470-1536x1024.jpg 1536w, https:\/\/mydentist1040.be\/wp-content\/uploads\/2025\/04\/pexels-rdne-10566470.jpg 1920w\" sizes=\"auto, (max-width: 1024px) 100vw, 1024px\" \/><\/figure>\n\n\n\n<p><a href=\"https:\/\/mydentist1040.be\/en\/est-ce-que-mon-brossage-est-efficace\/\" data-type=\"page\" data-id=\"802\">Is my brushing effective?<br><\/a><\/p>\n<\/div>\n\n\n\n<div class=\"wp-block-column is-layout-flow wp-block-column-is-layout-flow\"><\/div>\n<\/div>\n\n\n\n<div class=\"wp-block-group alignfull has-global-padding is-layout-constrained wp-container-core-group-is-layout-1c2ac5aa wp-block-group-is-layout-constrained\">\n<div class=\"wp-block-query alignfull is-layout-flow wp-block-query-is-layout-flow\">\n<div class=\"wp-block-group alignwide variations-posts-grid has-global-padding is-layout-constrained wp-container-core-group-is-layout-ae5cbd71 wp-block-group-is-layout-constrained\" style=\"border-style:none;border-width:0px;border-radius:0px;min-height:0px;margin-top:0;margin-bottom:0;padding-top:3.51rem;padding-right:1.5rem;padding-bottom:2.01rem;padding-left:1.5rem\">\n<div class=\"wp-block-group alignwide has-global-padding is-layout-constrained wp-container-core-group-is-layout-1401ebcd wp-block-group-is-layout-constrained\" style=\"margin-top:2.01rem;padding-top:2.01rem;padding-right:0;padding-bottom:2.01rem;padding-left:0\"><\/div>\n<\/div>\n<\/div>\n<\/div>","protected":false},"excerpt":{"rendered":"<p>Comment choisir sa brosse \u00e0 dent. Comprendre les caries : Les causes, la pr\u00e9vention et les options de traitement expliqu\u00e9es ! Comment r\u00e9ussir son \u00e9claircissement dentaire. Pourquoi mes gencives saignent? Est-ce que mon brossage est efficace?<\/p>","protected":false},"author":1,"featured_media":0,"parent":0,"menu_order":0,"comment_status":"closed","ping_status":"closed","template":"","meta":{"footnotes":""},"class_list":["post-691","page","type-page","status-publish","hentry"],"yoast_head":"<!-- This site is optimized with the Yoast SEO plugin v27.5 - https:\/\/yoast.com\/product\/yoast-seo-wordpress\/ -->\n<title>Conseils -<\/title>\n<meta name=\"description\" content=\"Conseils Cabinet dentaire de Vinck - Jafarli %\" \/>\n<meta name=\"robots\" content=\"index, follow, max-snippet:-1, max-image-preview:large, max-video-preview:-1\" \/>\n<link rel=\"canonical\" href=\"https:\/\/mydentist1040.be\/en\/conseils-2\/\" \/>\n<meta property=\"og:locale\" content=\"en_US\" \/>\n<meta property=\"og:type\" content=\"article\" \/>\n<meta property=\"og:title\" content=\"Conseils -\" \/>\n<meta property=\"og:description\" content=\"Conseils Cabinet dentaire de Vinck - Jafarli %\" \/>\n<meta property=\"og:url\" content=\"https:\/\/mydentist1040.be\/en\/conseils-2\/\" \/>\n<meta property=\"og:site_name\" content=\"Cabinet dentaire de Vinck - Jafarli\" \/>\n<meta property=\"article:modified_time\" content=\"2025-07-09T15:35:58+00:00\" \/>\n<meta property=\"og:image\" content=\"https:\/\/mydentist1040.be\/wp-content\/uploads\/2025\/06\/IMG_5920-1-scaled.jpg\" \/>\n\t<meta property=\"og:image:width\" content=\"2560\" \/>\n\t<meta property=\"og:image:height\" content=\"1707\" \/>\n\t<meta property=\"og:image:type\" content=\"image\/jpeg\" \/>\n<meta name=\"twitter:card\" content=\"summary_large_image\" \/>\n<script type=\"application\/ld+json\" class=\"yoast-schema-graph\">{\"@context\":\"https:\\\/\\\/schema.org\",\"@graph\":[{\"@type\":\"WebPage\",\"@id\":\"https:\\\/\\\/mydentist1040.be\\\/conseils-2\\\/\",\"url\":\"https:\\\/\\\/mydentist1040.be\\\/conseils-2\\\/\",\"name\":\"Conseils -\",\"isPartOf\":{\"@id\":\"https:\\\/\\\/mydentist1040.be\\\/#website\"},\"primaryImageOfPage\":{\"@id\":\"https:\\\/\\\/mydentist1040.be\\\/conseils-2\\\/#primaryimage\"},\"image\":{\"@id\":\"https:\\\/\\\/mydentist1040.be\\\/conseils-2\\\/#primaryimage\"},\"thumbnailUrl\":\"https:\\\/\\\/mydentist1040.be\\\/wp-content\\\/uploads\\\/2025\\\/06\\\/IMG_5920-1-1024x683.jpg\",\"datePublished\":\"2025-04-28T17:00:24+00:00\",\"dateModified\":\"2025-07-09T15:35:58+00:00\",\"description\":\"Conseils Cabinet dentaire de Vinck - Jafarli %\",\"breadcrumb\":{\"@id\":\"https:\\\/\\\/mydentist1040.be\\\/conseils-2\\\/#breadcrumb\"},\"inLanguage\":\"en-US\",\"potentialAction\":[{\"@type\":\"ReadAction\",\"target\":[\"https:\\\/\\\/mydentist1040.be\\\/conseils-2\\\/\"]}]},{\"@type\":\"ImageObject\",\"inLanguage\":\"en-US\",\"@id\":\"https:\\\/\\\/mydentist1040.be\\\/conseils-2\\\/#primaryimage\",\"url\":\"https:\\\/\\\/mydentist1040.be\\\/wp-content\\\/uploads\\\/2025\\\/06\\\/IMG_5920-1-1024x683.jpg\",\"contentUrl\":\"https:\\\/\\\/mydentist1040.be\\\/wp-content\\\/uploads\\\/2025\\\/06\\\/IMG_5920-1-1024x683.jpg\"},{\"@type\":\"BreadcrumbList\",\"@id\":\"https:\\\/\\\/mydentist1040.be\\\/conseils-2\\\/#breadcrumb\",\"itemListElement\":[{\"@type\":\"ListItem\",\"position\":1,\"name\":\"Accueil\",\"item\":\"https:\\\/\\\/mydentist1040.be\\\/\"},{\"@type\":\"ListItem\",\"position\":2,\"name\":\"Conseils\"}]},{\"@type\":\"WebSite\",\"@id\":\"https:\\\/\\\/mydentist1040.be\\\/#website\",\"url\":\"https:\\\/\\\/mydentist1040.be\\\/\",\"name\":\"Cabinet dentaire de Vinck - Jafarli\",\"description\":\"\",\"publisher\":{\"@id\":\"https:\\\/\\\/mydentist1040.be\\\/#organization\"},\"potentialAction\":[{\"@type\":\"SearchAction\",\"target\":{\"@type\":\"EntryPoint\",\"urlTemplate\":\"https:\\\/\\\/mydentist1040.be\\\/?s={search_term_string}\"},\"query-input\":{\"@type\":\"PropertyValueSpecification\",\"valueRequired\":true,\"valueName\":\"search_term_string\"}}],\"inLanguage\":\"en-US\"},{\"@type\":\"Organization\",\"@id\":\"https:\\\/\\\/mydentist1040.be\\\/#organization\",\"name\":\"Cabinet dentaire de Vinck - Jafarli\",\"url\":\"https:\\\/\\\/mydentist1040.be\\\/\",\"logo\":{\"@type\":\"ImageObject\",\"inLanguage\":\"en-US\",\"@id\":\"https:\\\/\\\/mydentist1040.be\\\/#\\\/schema\\\/logo\\\/image\\\/\",\"url\":\"https:\\\/\\\/mydentist1040.be\\\/wp-content\\\/uploads\\\/2025\\\/01\\\/dvj.png\",\"contentUrl\":\"https:\\\/\\\/mydentist1040.be\\\/wp-content\\\/uploads\\\/2025\\\/01\\\/dvj.png\",\"width\":862,\"height\":458,\"caption\":\"Cabinet dentaire de Vinck - Jafarli\"},\"image\":{\"@id\":\"https:\\\/\\\/mydentist1040.be\\\/#\\\/schema\\\/logo\\\/image\\\/\"},\"sameAs\":[\"https:\\\/\\\/www.linkedin.com\\\/in\\\/sona-jafarli-b012a2355\\\/\"]}]}<\/script>\n<!-- \/ Yoast SEO plugin. -->","yoast_head_json":{"title":"Conseils -","description":"Conseils Cabinet dentaire de Vinck - Jafarli %","robots":{"index":"index","follow":"follow","max-snippet":"max-snippet:-1","max-image-preview":"max-image-preview:large","max-video-preview":"max-video-preview:-1"},"canonical":"https:\/\/mydentist1040.be\/en\/conseils-2\/","og_locale":"en_US","og_type":"article","og_title":"Conseils -","og_description":"Conseils Cabinet dentaire de Vinck - Jafarli %","og_url":"https:\/\/mydentist1040.be\/en\/conseils-2\/","og_site_name":"Cabinet dentaire de Vinck - Jafarli","article_modified_time":"2025-07-09T15:35:58+00:00","og_image":[{"width":2560,"height":1707,"url":"https:\/\/mydentist1040.be\/wp-content\/uploads\/2025\/06\/IMG_5920-1-scaled.jpg","type":"image\/jpeg"}],"twitter_card":"summary_large_image","schema":{"@context":"https:\/\/schema.org","@graph":[{"@type":"WebPage","@id":"https:\/\/mydentist1040.be\/conseils-2\/","url":"https:\/\/mydentist1040.be\/conseils-2\/","name":"Conseils -","isPartOf":{"@id":"https:\/\/mydentist1040.be\/#website"},"primaryImageOfPage":{"@id":"https:\/\/mydentist1040.be\/conseils-2\/#primaryimage"},"image":{"@id":"https:\/\/mydentist1040.be\/conseils-2\/#primaryimage"},"thumbnailUrl":"https:\/\/mydentist1040.be\/wp-content\/uploads\/2025\/06\/IMG_5920-1-1024x683.jpg","datePublished":"2025-04-28T17:00:24+00:00","dateModified":"2025-07-09T15:35:58+00:00","description":"Conseils Cabinet dentaire de Vinck - Jafarli %","breadcrumb":{"@id":"https:\/\/mydentist1040.be\/conseils-2\/#breadcrumb"},"inLanguage":"en-US","potentialAction":[{"@type":"ReadAction","target":["https:\/\/mydentist1040.be\/conseils-2\/"]}]},{"@type":"ImageObject","inLanguage":"en-US","@id":"https:\/\/mydentist1040.be\/conseils-2\/#primaryimage","url":"https:\/\/mydentist1040.be\/wp-content\/uploads\/2025\/06\/IMG_5920-1-1024x683.jpg","contentUrl":"https:\/\/mydentist1040.be\/wp-content\/uploads\/2025\/06\/IMG_5920-1-1024x683.jpg"},{"@type":"BreadcrumbList","@id":"https:\/\/mydentist1040.be\/conseils-2\/#breadcrumb","itemListElement":[{"@type":"ListItem","position":1,"name":"Accueil","item":"https:\/\/mydentist1040.be\/"},{"@type":"ListItem","position":2,"name":"Conseils"}]},{"@type":"WebSite","@id":"https:\/\/mydentist1040.be\/#website","url":"https:\/\/mydentist1040.be\/","name":"Cabinet dentaire de Vinck - Jafarli","description":"","publisher":{"@id":"https:\/\/mydentist1040.be\/#organization"},"potentialAction":[{"@type":"SearchAction","target":{"@type":"EntryPoint","urlTemplate":"https:\/\/mydentist1040.be\/?s={search_term_string}"},"query-input":{"@type":"PropertyValueSpecification","valueRequired":true,"valueName":"search_term_string"}}],"inLanguage":"en-US"},{"@type":"Organization","@id":"https:\/\/mydentist1040.be\/#organization","name":"Cabinet dentaire de Vinck - Jafarli","url":"https:\/\/mydentist1040.be\/","logo":{"@type":"ImageObject","inLanguage":"en-US","@id":"https:\/\/mydentist1040.be\/#\/schema\/logo\/image\/","url":"https:\/\/mydentist1040.be\/wp-content\/uploads\/2025\/01\/dvj.png","contentUrl":"https:\/\/mydentist1040.be\/wp-content\/uploads\/2025\/01\/dvj.png","width":862,"height":458,"caption":"Cabinet dentaire de Vinck - Jafarli"},"image":{"@id":"https:\/\/mydentist1040.be\/#\/schema\/logo\/image\/"},"sameAs":["https:\/\/www.linkedin.com\/in\/sona-jafarli-b012a2355\/"]}]}},"_links":{"self":[{"href":"https:\/\/mydentist1040.be\/en\/wp-json\/wp\/v2\/pages\/691","targetHints":{"allow":["GET"]}}],"collection":[{"href":"https:\/\/mydentist1040.be\/en\/wp-json\/wp\/v2\/pages"}],"about":[{"href":"https:\/\/mydentist1040.be\/en\/wp-json\/wp\/v2\/types\/page"}],"author":[{"embeddable":true,"href":"https:\/\/mydentist1040.be\/en\/wp-json\/wp\/v2\/users\/1"}],"replies":[{"embeddable":true,"href":"https:\/\/mydentist1040.be\/en\/wp-json\/wp\/v2\/comments?post=691"}],"version-history":[{"count":15,"href":"https:\/\/mydentist1040.be\/en\/wp-json\/wp\/v2\/pages\/691\/revisions"}],"predecessor-version":[{"id":1029,"href":"https:\/\/mydentist1040.be\/en\/wp-json\/wp\/v2\/pages\/691\/revisions\/1029"}],"wp:attachment":[{"href":"https:\/\/mydentist1040.be\/en\/wp-json\/wp\/v2\/media?parent=691"}],"curies":[{"name":"wp","href":"https:\/\/api.w.org\/{rel}","templated":true}]}}