{"id":461,"date":"2025-04-06T17:58:55","date_gmt":"2025-04-06T17:58:55","guid":{"rendered":"https:\/\/mydentist1040.be\/?page_id=461"},"modified":"2025-07-09T15:38:55","modified_gmt":"2025-07-09T15:38:55","slug":"orthodontie","status":"publish","type":"page","link":"https:\/\/mydentist1040.be\/en\/soins\/orthodontie\/","title":{"rendered":"Orthodontics"},"content":{"rendered":"<div style=\"height:0px\" aria-hidden=\"true\" class=\"wp-block-spacer\"><\/div>\n\n\n\n<div class=\"wp-block-cover alignfull\"><img loading=\"lazy\" decoding=\"async\" width=\"1024\" height=\"637\" class=\"wp-block-cover__image-background wp-image-964 size-large\" alt=\"\" src=\"https:\/\/mydentist1040.be\/wp-content\/uploads\/2025\/06\/IMG_5888-3-1024x637.jpg\" style=\"object-position:55% 88%\" data-object-fit=\"cover\" data-object-position=\"55% 88%\" srcset=\"https:\/\/mydentist1040.be\/wp-content\/uploads\/2025\/06\/IMG_5888-3-1024x637.jpg 1024w, https:\/\/mydentist1040.be\/wp-content\/uploads\/2025\/06\/IMG_5888-3-300x187.jpg 300w, https:\/\/mydentist1040.be\/wp-content\/uploads\/2025\/06\/IMG_5888-3-768x478.jpg 768w, https:\/\/mydentist1040.be\/wp-content\/uploads\/2025\/06\/IMG_5888-3-1536x955.jpg 1536w, https:\/\/mydentist1040.be\/wp-content\/uploads\/2025\/06\/IMG_5888-3-2048x1274.jpg 2048w, https:\/\/mydentist1040.be\/wp-content\/uploads\/2025\/06\/IMG_5888-3-18x12.jpg 18w\" sizes=\"auto, (max-width: 1024px) 100vw, 1024px\" \/><span aria-hidden=\"true\" class=\"wp-block-cover__background has-black-background-color has-background-dim-30 has-background-dim\"><\/span><div class=\"wp-block-cover__inner-container has-global-padding is-layout-constrained wp-block-cover-is-layout-constrained\">\n<blockquote class=\"wp-block-quote alignleft is-layout-flow wp-block-quote-is-layout-flow\">\n<p class=\"has-text-align-left has-text-color has-link-color wp-elements-be34d3db05407823a50d206292a0f316\" style=\"color:#ffffff;font-size:clamp(31.152px, 1.947rem + ((1vw - 3.2px) * 2.71), 55px);\">Orthodontics<\/p>\n<\/blockquote>\n<\/div><\/div>\n\n\n\n<div class=\"wp-block-columns alignwide are-vertically-aligned-center is-layout-flex wp-container-core-columns-is-layout-0021d88a wp-block-columns-is-layout-flex\" style=\"margin-top:var(--wp--preset--spacing--80);margin-bottom:var(--wp--preset--spacing--80)\">\n<div class=\"wp-block-column is-vertically-aligned-center is-layout-flow wp-block-column-is-layout-flow\">\n<figure class=\"wp-block-image aligncenter size-large is-resized\"><img loading=\"lazy\" decoding=\"async\" width=\"960\" height=\"1280\" src=\"https:\/\/mydentist1040.be\/wp-content\/uploads\/2025\/04\/ozkan-guner-YKqYvUYzw0w-unsplash-1-edited.jpg\" alt=\"\" class=\"wp-image-651\" style=\"width:313px;height:auto\" srcset=\"https:\/\/mydentist1040.be\/wp-content\/uploads\/2025\/04\/ozkan-guner-YKqYvUYzw0w-unsplash-1-edited.jpg 960w, https:\/\/mydentist1040.be\/wp-content\/uploads\/2025\/04\/ozkan-guner-YKqYvUYzw0w-unsplash-1-edited-225x300.jpg 225w, https:\/\/mydentist1040.be\/wp-content\/uploads\/2025\/04\/ozkan-guner-YKqYvUYzw0w-unsplash-1-edited-768x1024.jpg 768w\" sizes=\"auto, (max-width: 960px) 100vw, 960px\" \/><\/figure>\n<\/div>\n\n\n\n<div class=\"wp-block-column is-vertically-aligned-center is-layout-flow wp-block-column-is-layout-flow\">\n<p>Orthodontics is a dental specialty that corrects the alignment of teeth and jaws to improve both function (chewing, speaking, breathing) and smile aesthetics.<\/p>\n\n\n\n<p>It is aimed at children, teenagers and adults alike, thanks to discreet solutions such as transparent aligners. <\/p>\n\n\n\n<p>Well-conducted orthodontic treatment not only ensures that your teeth are properly aligned, but also prevents premature wear, joint pain and gum problems. By restoring a healthy oral balance, orthodontics contributes to your overall health and self-confidence.<\/p>\n\n\n\n<p>Talk to your dentist to find out if treatment is right for you.<\/p>\n\n\n\n<p><\/p>\n\n\n\n<p><\/p>\n<\/div>\n<\/div>\n\n\n\n<p><\/p>","protected":false},"excerpt":{"rendered":"<p>L\u2019orthodontie est une sp\u00e9cialit\u00e9 dentaire qui permet de corriger l\u2019alignement des dents et des m\u00e2choires pour am\u00e9liorer \u00e0 la fois la fonction (m\u00e2cher, parler, respirer) et l\u2019esth\u00e9tique du sourire. Elle s\u2019adresse aux enfants, aux adolescents, mais aussi aux adultes, gr\u00e2ce \u00e0 des solutions discr\u00e8tes comme les appareils transparents (goutti\u00e8res ou aligneurs). Un traitement orthodontique bien [&hellip;]<\/p>\n","protected":false},"author":1,"featured_media":0,"parent":190,"menu_order":0,"comment_status":"closed","ping_status":"closed","template":"","meta":{"footnotes":""},"class_list":["post-461","page","type-page","status-publish","hentry"],"yoast_head":"<!-- This site is optimized with the Yoast SEO plugin v27.5 - https:\/\/yoast.com\/product\/yoast-seo-wordpress\/ -->\n<title>Orthodontie -<\/title>\n<meta name=\"description\" content=\"Orthodontie Cabinet dentaire de Vinck - Jafarli %\" \/>\n<meta name=\"robots\" content=\"index, follow, max-snippet:-1, max-image-preview:large, max-video-preview:-1\" \/>\n<link rel=\"canonical\" href=\"https:\/\/mydentist1040.be\/en\/soins\/orthodontie\/\" \/>\n<meta property=\"og:locale\" content=\"en_US\" \/>\n<meta property=\"og:type\" content=\"article\" \/>\n<meta property=\"og:title\" content=\"Orthodontie -\" \/>\n<meta property=\"og:description\" content=\"Orthodontie Cabinet dentaire de Vinck - Jafarli %\" \/>\n<meta property=\"og:url\" content=\"https:\/\/mydentist1040.be\/en\/soins\/orthodontie\/\" \/>\n<meta property=\"og:site_name\" content=\"Cabinet dentaire de Vinck - Jafarli\" \/>\n<meta property=\"article:modified_time\" content=\"2025-07-09T15:38:55+00:00\" \/>\n<meta property=\"og:image\" content=\"https:\/\/mydentist1040.be\/wp-content\/uploads\/2025\/06\/IMG_5888-3-scaled.jpg\" \/>\n\t<meta property=\"og:image:width\" content=\"2560\" \/>\n\t<meta property=\"og:image:height\" content=\"1592\" \/>\n\t<meta property=\"og:image:type\" content=\"image\/jpeg\" \/>\n<meta name=\"twitter:card\" content=\"summary_large_image\" \/>\n<meta name=\"twitter:label1\" content=\"Est. reading time\" \/>\n\t<meta name=\"twitter:data1\" content=\"1 minute\" \/>\n<script type=\"application\/ld+json\" class=\"yoast-schema-graph\">{\"@context\":\"https:\\\/\\\/schema.org\",\"@graph\":[{\"@type\":\"WebPage\",\"@id\":\"https:\\\/\\\/mydentist1040.be\\\/soins\\\/orthodontie\\\/\",\"url\":\"https:\\\/\\\/mydentist1040.be\\\/soins\\\/orthodontie\\\/\",\"name\":\"Orthodontie -\",\"isPartOf\":{\"@id\":\"https:\\\/\\\/mydentist1040.be\\\/#website\"},\"primaryImageOfPage\":{\"@id\":\"https:\\\/\\\/mydentist1040.be\\\/soins\\\/orthodontie\\\/#primaryimage\"},\"image\":{\"@id\":\"https:\\\/\\\/mydentist1040.be\\\/soins\\\/orthodontie\\\/#primaryimage\"},\"thumbnailUrl\":\"https:\\\/\\\/mydentist1040.be\\\/wp-content\\\/uploads\\\/2025\\\/06\\\/IMG_5888-3-1024x637.jpg\",\"datePublished\":\"2025-04-06T17:58:55+00:00\",\"dateModified\":\"2025-07-09T15:38:55+00:00\",\"description\":\"Orthodontie Cabinet dentaire de Vinck - Jafarli %\",\"breadcrumb\":{\"@id\":\"https:\\\/\\\/mydentist1040.be\\\/soins\\\/orthodontie\\\/#breadcrumb\"},\"inLanguage\":\"en-US\",\"potentialAction\":[{\"@type\":\"ReadAction\",\"target\":[\"https:\\\/\\\/mydentist1040.be\\\/soins\\\/orthodontie\\\/\"]}]},{\"@type\":\"ImageObject\",\"inLanguage\":\"en-US\",\"@id\":\"https:\\\/\\\/mydentist1040.be\\\/soins\\\/orthodontie\\\/#primaryimage\",\"url\":\"https:\\\/\\\/mydentist1040.be\\\/wp-content\\\/uploads\\\/2025\\\/06\\\/IMG_5888-3-1024x637.jpg\",\"contentUrl\":\"https:\\\/\\\/mydentist1040.be\\\/wp-content\\\/uploads\\\/2025\\\/06\\\/IMG_5888-3-1024x637.jpg\"},{\"@type\":\"BreadcrumbList\",\"@id\":\"https:\\\/\\\/mydentist1040.be\\\/soins\\\/orthodontie\\\/#breadcrumb\",\"itemListElement\":[{\"@type\":\"ListItem\",\"position\":1,\"name\":\"Accueil\",\"item\":\"https:\\\/\\\/mydentist1040.be\\\/\"},{\"@type\":\"ListItem\",\"position\":2,\"name\":\"Soins\",\"item\":\"https:\\\/\\\/mydentist1040.be\\\/soins\\\/\"},{\"@type\":\"ListItem\",\"position\":3,\"name\":\"Orthodontie\"}]},{\"@type\":\"WebSite\",\"@id\":\"https:\\\/\\\/mydentist1040.be\\\/#website\",\"url\":\"https:\\\/\\\/mydentist1040.be\\\/\",\"name\":\"Cabinet dentaire de Vinck - Jafarli\",\"description\":\"\",\"publisher\":{\"@id\":\"https:\\\/\\\/mydentist1040.be\\\/#organization\"},\"potentialAction\":[{\"@type\":\"SearchAction\",\"target\":{\"@type\":\"EntryPoint\",\"urlTemplate\":\"https:\\\/\\\/mydentist1040.be\\\/?s={search_term_string}\"},\"query-input\":{\"@type\":\"PropertyValueSpecification\",\"valueRequired\":true,\"valueName\":\"search_term_string\"}}],\"inLanguage\":\"en-US\"},{\"@type\":\"Organization\",\"@id\":\"https:\\\/\\\/mydentist1040.be\\\/#organization\",\"name\":\"Cabinet dentaire de Vinck - Jafarli\",\"url\":\"https:\\\/\\\/mydentist1040.be\\\/\",\"logo\":{\"@type\":\"ImageObject\",\"inLanguage\":\"en-US\",\"@id\":\"https:\\\/\\\/mydentist1040.be\\\/#\\\/schema\\\/logo\\\/image\\\/\",\"url\":\"https:\\\/\\\/mydentist1040.be\\\/wp-content\\\/uploads\\\/2025\\\/01\\\/dvj.png\",\"contentUrl\":\"https:\\\/\\\/mydentist1040.be\\\/wp-content\\\/uploads\\\/2025\\\/01\\\/dvj.png\",\"width\":862,\"height\":458,\"caption\":\"Cabinet dentaire de Vinck - Jafarli\"},\"image\":{\"@id\":\"https:\\\/\\\/mydentist1040.be\\\/#\\\/schema\\\/logo\\\/image\\\/\"},\"sameAs\":[\"https:\\\/\\\/www.linkedin.com\\\/in\\\/sona-jafarli-b012a2355\\\/\"]}]}<\/script>\n<!-- \/ Yoast SEO plugin. -->","yoast_head_json":{"title":"Orthodontie -","description":"Orthodontie Cabinet dentaire de Vinck - Jafarli %","robots":{"index":"index","follow":"follow","max-snippet":"max-snippet:-1","max-image-preview":"max-image-preview:large","max-video-preview":"max-video-preview:-1"},"canonical":"https:\/\/mydentist1040.be\/en\/soins\/orthodontie\/","og_locale":"en_US","og_type":"article","og_title":"Orthodontie -","og_description":"Orthodontie Cabinet dentaire de Vinck - Jafarli %","og_url":"https:\/\/mydentist1040.be\/en\/soins\/orthodontie\/","og_site_name":"Cabinet dentaire de Vinck - Jafarli","article_modified_time":"2025-07-09T15:38:55+00:00","og_image":[{"width":2560,"height":1592,"url":"https:\/\/mydentist1040.be\/wp-content\/uploads\/2025\/06\/IMG_5888-3-scaled.jpg","type":"image\/jpeg"}],"twitter_card":"summary_large_image","twitter_misc":{"Est. reading time":"1 minute"},"schema":{"@context":"https:\/\/schema.org","@graph":[{"@type":"WebPage","@id":"https:\/\/mydentist1040.be\/soins\/orthodontie\/","url":"https:\/\/mydentist1040.be\/soins\/orthodontie\/","name":"Orthodontie -","isPartOf":{"@id":"https:\/\/mydentist1040.be\/#website"},"primaryImageOfPage":{"@id":"https:\/\/mydentist1040.be\/soins\/orthodontie\/#primaryimage"},"image":{"@id":"https:\/\/mydentist1040.be\/soins\/orthodontie\/#primaryimage"},"thumbnailUrl":"https:\/\/mydentist1040.be\/wp-content\/uploads\/2025\/06\/IMG_5888-3-1024x637.jpg","datePublished":"2025-04-06T17:58:55+00:00","dateModified":"2025-07-09T15:38:55+00:00","description":"Orthodontie Cabinet dentaire de Vinck - Jafarli %","breadcrumb":{"@id":"https:\/\/mydentist1040.be\/soins\/orthodontie\/#breadcrumb"},"inLanguage":"en-US","potentialAction":[{"@type":"ReadAction","target":["https:\/\/mydentist1040.be\/soins\/orthodontie\/"]}]},{"@type":"ImageObject","inLanguage":"en-US","@id":"https:\/\/mydentist1040.be\/soins\/orthodontie\/#primaryimage","url":"https:\/\/mydentist1040.be\/wp-content\/uploads\/2025\/06\/IMG_5888-3-1024x637.jpg","contentUrl":"https:\/\/mydentist1040.be\/wp-content\/uploads\/2025\/06\/IMG_5888-3-1024x637.jpg"},{"@type":"BreadcrumbList","@id":"https:\/\/mydentist1040.be\/soins\/orthodontie\/#breadcrumb","itemListElement":[{"@type":"ListItem","position":1,"name":"Accueil","item":"https:\/\/mydentist1040.be\/"},{"@type":"ListItem","position":2,"name":"Soins","item":"https:\/\/mydentist1040.be\/soins\/"},{"@type":"ListItem","position":3,"name":"Orthodontie"}]},{"@type":"WebSite","@id":"https:\/\/mydentist1040.be\/#website","url":"https:\/\/mydentist1040.be\/","name":"Cabinet dentaire de Vinck - Jafarli","description":"","publisher":{"@id":"https:\/\/mydentist1040.be\/#organization"},"potentialAction":[{"@type":"SearchAction","target":{"@type":"EntryPoint","urlTemplate":"https:\/\/mydentist1040.be\/?s={search_term_string}"},"query-input":{"@type":"PropertyValueSpecification","valueRequired":true,"valueName":"search_term_string"}}],"inLanguage":"en-US"},{"@type":"Organization","@id":"https:\/\/mydentist1040.be\/#organization","name":"Cabinet dentaire de Vinck - Jafarli","url":"https:\/\/mydentist1040.be\/","logo":{"@type":"ImageObject","inLanguage":"en-US","@id":"https:\/\/mydentist1040.be\/#\/schema\/logo\/image\/","url":"https:\/\/mydentist1040.be\/wp-content\/uploads\/2025\/01\/dvj.png","contentUrl":"https:\/\/mydentist1040.be\/wp-content\/uploads\/2025\/01\/dvj.png","width":862,"height":458,"caption":"Cabinet dentaire de Vinck - Jafarli"},"image":{"@id":"https:\/\/mydentist1040.be\/#\/schema\/logo\/image\/"},"sameAs":["https:\/\/www.linkedin.com\/in\/sona-jafarli-b012a2355\/"]}]}},"_links":{"self":[{"href":"https:\/\/mydentist1040.be\/en\/wp-json\/wp\/v2\/pages\/461","targetHints":{"allow":["GET"]}}],"collection":[{"href":"https:\/\/mydentist1040.be\/en\/wp-json\/wp\/v2\/pages"}],"about":[{"href":"https:\/\/mydentist1040.be\/en\/wp-json\/wp\/v2\/types\/page"}],"author":[{"embeddable":true,"href":"https:\/\/mydentist1040.be\/en\/wp-json\/wp\/v2\/users\/1"}],"replies":[{"embeddable":true,"href":"https:\/\/mydentist1040.be\/en\/wp-json\/wp\/v2\/comments?post=461"}],"version-history":[{"count":19,"href":"https:\/\/mydentist1040.be\/en\/wp-json\/wp\/v2\/pages\/461\/revisions"}],"predecessor-version":[{"id":1038,"href":"https:\/\/mydentist1040.be\/en\/wp-json\/wp\/v2\/pages\/461\/revisions\/1038"}],"up":[{"embeddable":true,"href":"https:\/\/mydentist1040.be\/en\/wp-json\/wp\/v2\/pages\/190"}],"wp:attachment":[{"href":"https:\/\/mydentist1040.be\/en\/wp-json\/wp\/v2\/media?parent=461"}],"curies":[{"name":"wp","href":"https:\/\/api.w.org\/{rel}","templated":true}]}}