{"id":459,"date":"2025-04-06T17:55:37","date_gmt":"2025-04-06T17:55:37","guid":{"rendered":"https:\/\/mydentist1040.be\/?page_id=459"},"modified":"2025-07-09T15:38:33","modified_gmt":"2025-07-09T15:38:33","slug":"endodontie","status":"publish","type":"page","link":"https:\/\/mydentist1040.be\/en\/soins\/endodontie\/","title":{"rendered":"Endodontics"},"content":{"rendered":"<div style=\"height:0px\" aria-hidden=\"true\" class=\"wp-block-spacer\"><\/div>\n\n\n\n<div class=\"wp-block-cover alignfull\" style=\"margin-bottom:172px\"><img loading=\"lazy\" decoding=\"async\" width=\"1024\" height=\"637\" class=\"wp-block-cover__image-background wp-image-964 size-large\" alt=\"\" src=\"https:\/\/mydentist1040.be\/wp-content\/uploads\/2025\/06\/IMG_5888-3-1024x637.jpg\" style=\"object-position:53% 86%\" data-object-fit=\"cover\" data-object-position=\"53% 86%\" srcset=\"https:\/\/mydentist1040.be\/wp-content\/uploads\/2025\/06\/IMG_5888-3-1024x637.jpg 1024w, https:\/\/mydentist1040.be\/wp-content\/uploads\/2025\/06\/IMG_5888-3-300x187.jpg 300w, https:\/\/mydentist1040.be\/wp-content\/uploads\/2025\/06\/IMG_5888-3-768x478.jpg 768w, https:\/\/mydentist1040.be\/wp-content\/uploads\/2025\/06\/IMG_5888-3-1536x955.jpg 1536w, https:\/\/mydentist1040.be\/wp-content\/uploads\/2025\/06\/IMG_5888-3-2048x1274.jpg 2048w, https:\/\/mydentist1040.be\/wp-content\/uploads\/2025\/06\/IMG_5888-3-18x12.jpg 18w\" sizes=\"auto, (max-width: 1024px) 100vw, 1024px\" \/><span aria-hidden=\"true\" class=\"wp-block-cover__background has-black-background-color has-background-dim-30 has-background-dim\"><\/span><div class=\"wp-block-cover__inner-container has-global-padding is-layout-constrained wp-block-cover-is-layout-constrained\">\n<blockquote class=\"wp-block-quote alignleft is-layout-flow wp-block-quote-is-layout-flow\">\n<p class=\"has-text-align-left has-text-color has-link-color wp-elements-56c5ed2db2d6194e81ce561302efe2ee\" style=\"color:#ffffff;font-size:clamp(31.152px, 1.947rem + ((1vw - 3.2px) * 2.71), 55px);\">Endodontics<\/p>\n<\/blockquote>\n<\/div><\/div>\n\n\n\n<div class=\"wp-block-columns alignfull are-vertically-aligned-center is-layout-flex wp-container-core-columns-is-layout-3c19b1c5 wp-block-columns-is-layout-flex\" style=\"margin-top:var(--wp--preset--spacing--70);margin-bottom:var(--wp--preset--spacing--70)\">\n<div class=\"wp-block-column is-vertically-aligned-center is-layout-flow wp-block-column-is-layout-flow\" style=\"flex-basis:33.33%\">\n<figure class=\"wp-block-image size-large is-style-rounded\"><img loading=\"lazy\" decoding=\"async\" width=\"683\" height=\"1024\" src=\"https:\/\/mydentist1040.be\/wp-content\/uploads\/2025\/04\/pexels-mm-dental-56682202-8176838-683x1024.jpg\" alt=\"\" class=\"wp-image-657\" style=\"aspect-ratio:0.75;object-fit:cover\" srcset=\"https:\/\/mydentist1040.be\/wp-content\/uploads\/2025\/04\/pexels-mm-dental-56682202-8176838-683x1024.jpg 683w, https:\/\/mydentist1040.be\/wp-content\/uploads\/2025\/04\/pexels-mm-dental-56682202-8176838-200x300.jpg 200w, https:\/\/mydentist1040.be\/wp-content\/uploads\/2025\/04\/pexels-mm-dental-56682202-8176838-768x1151.jpg 768w, https:\/\/mydentist1040.be\/wp-content\/uploads\/2025\/04\/pexels-mm-dental-56682202-8176838-1025x1536.jpg 1025w, https:\/\/mydentist1040.be\/wp-content\/uploads\/2025\/04\/pexels-mm-dental-56682202-8176838.jpg 1280w\" sizes=\"auto, (max-width: 683px) 100vw, 683px\" \/><\/figure>\n<\/div>\n\n\n\n<div class=\"wp-block-column is-vertically-aligned-center has-global-padding is-content-justification-center is-layout-constrained wp-block-column-is-layout-constrained\" style=\"flex-basis:66.66%\">\n<p>Endodontics, also known as root canal therapy, involves treating the inside of the tooth when the pulp (nerve) is infected or damaged, often due to deep decay, trauma or cracking. The aim is to preserve the tooth by removing the infected part, thoroughly cleaning the canals, then sealing them to prevent recurrence.<\/p>\n\n\n\n<p>Contrary to popular belief, this treatment is painless thanks to the local anaesthetic, and avoids tooth extraction.<\/p>\n\n\n\n<p>Once treatment is complete, the tooth can be reinforced with a crown or a suitable restoration. <\/p>\n\n\n\n<p>Once treatment is complete, the tooth can be strengthened with a crown or an adapted Endodontics is a safe and effective solution for preserving your natural teeth and maintaining a healthy mouth.<\/p>\n\n\n\n<p><\/p>\n\n\n\n<p><\/p>\n\n\n\n<p><\/p>\n\n\n\n<p><\/p>\n\n\n\n<p><\/p>\n\n\n\n<p><\/p>\n<\/div>\n<\/div>","protected":false},"excerpt":{"rendered":"<p>L\u2019endodontie, aussi appel\u00e9e traitement de canal, consiste \u00e0 soigner l\u2019int\u00e9rieur de la dent lorsque la pulpe (le nerf) est infect\u00e9e ou endommag\u00e9e, souvent \u00e0 cause d\u2019une carie profonde, d\u2019un traumatisme ou d\u2019une fissure. Le but est de conserver la dent en retirant la partie infect\u00e9e, en nettoyant minutieusement les canaux, puis en les scellant pour [&hellip;]<\/p>\n","protected":false},"author":1,"featured_media":0,"parent":190,"menu_order":0,"comment_status":"closed","ping_status":"closed","template":"","meta":{"footnotes":""},"class_list":["post-459","page","type-page","status-publish","hentry"],"yoast_head":"<!-- This site is optimized with the Yoast SEO plugin v27.5 - https:\/\/yoast.com\/product\/yoast-seo-wordpress\/ -->\n<title>Endodontie -<\/title>\n<meta name=\"description\" content=\"Endodontie Cabinet dentaire de Vinck - Jafarli %\" \/>\n<meta name=\"robots\" content=\"index, follow, max-snippet:-1, max-image-preview:large, max-video-preview:-1\" \/>\n<link rel=\"canonical\" href=\"https:\/\/mydentist1040.be\/en\/soins\/endodontie\/\" \/>\n<meta property=\"og:locale\" content=\"en_US\" \/>\n<meta property=\"og:type\" content=\"article\" \/>\n<meta property=\"og:title\" content=\"Endodontie -\" \/>\n<meta property=\"og:description\" content=\"Endodontie Cabinet dentaire de Vinck - Jafarli %\" \/>\n<meta property=\"og:url\" content=\"https:\/\/mydentist1040.be\/en\/soins\/endodontie\/\" \/>\n<meta property=\"og:site_name\" content=\"Cabinet dentaire de Vinck - Jafarli\" \/>\n<meta property=\"article:modified_time\" content=\"2025-07-09T15:38:33+00:00\" \/>\n<meta property=\"og:image\" content=\"https:\/\/mydentist1040.be\/wp-content\/uploads\/2025\/06\/IMG_5888-3-scaled.jpg\" \/>\n\t<meta property=\"og:image:width\" content=\"2560\" \/>\n\t<meta property=\"og:image:height\" content=\"1592\" \/>\n\t<meta property=\"og:image:type\" content=\"image\/jpeg\" \/>\n<meta name=\"twitter:card\" content=\"summary_large_image\" \/>\n<meta name=\"twitter:label1\" content=\"Est. reading time\" \/>\n\t<meta name=\"twitter:data1\" content=\"1 minute\" \/>\n<script type=\"application\/ld+json\" class=\"yoast-schema-graph\">{\"@context\":\"https:\\\/\\\/schema.org\",\"@graph\":[{\"@type\":\"WebPage\",\"@id\":\"https:\\\/\\\/mydentist1040.be\\\/soins\\\/endodontie\\\/\",\"url\":\"https:\\\/\\\/mydentist1040.be\\\/soins\\\/endodontie\\\/\",\"name\":\"Endodontie -\",\"isPartOf\":{\"@id\":\"https:\\\/\\\/mydentist1040.be\\\/#website\"},\"primaryImageOfPage\":{\"@id\":\"https:\\\/\\\/mydentist1040.be\\\/soins\\\/endodontie\\\/#primaryimage\"},\"image\":{\"@id\":\"https:\\\/\\\/mydentist1040.be\\\/soins\\\/endodontie\\\/#primaryimage\"},\"thumbnailUrl\":\"https:\\\/\\\/mydentist1040.be\\\/wp-content\\\/uploads\\\/2025\\\/06\\\/IMG_5888-3-1024x637.jpg\",\"datePublished\":\"2025-04-06T17:55:37+00:00\",\"dateModified\":\"2025-07-09T15:38:33+00:00\",\"description\":\"Endodontie Cabinet dentaire de Vinck - Jafarli %\",\"breadcrumb\":{\"@id\":\"https:\\\/\\\/mydentist1040.be\\\/soins\\\/endodontie\\\/#breadcrumb\"},\"inLanguage\":\"en-US\",\"potentialAction\":[{\"@type\":\"ReadAction\",\"target\":[\"https:\\\/\\\/mydentist1040.be\\\/soins\\\/endodontie\\\/\"]}]},{\"@type\":\"ImageObject\",\"inLanguage\":\"en-US\",\"@id\":\"https:\\\/\\\/mydentist1040.be\\\/soins\\\/endodontie\\\/#primaryimage\",\"url\":\"https:\\\/\\\/mydentist1040.be\\\/wp-content\\\/uploads\\\/2025\\\/06\\\/IMG_5888-3-1024x637.jpg\",\"contentUrl\":\"https:\\\/\\\/mydentist1040.be\\\/wp-content\\\/uploads\\\/2025\\\/06\\\/IMG_5888-3-1024x637.jpg\"},{\"@type\":\"BreadcrumbList\",\"@id\":\"https:\\\/\\\/mydentist1040.be\\\/soins\\\/endodontie\\\/#breadcrumb\",\"itemListElement\":[{\"@type\":\"ListItem\",\"position\":1,\"name\":\"Accueil\",\"item\":\"https:\\\/\\\/mydentist1040.be\\\/\"},{\"@type\":\"ListItem\",\"position\":2,\"name\":\"Soins\",\"item\":\"https:\\\/\\\/mydentist1040.be\\\/soins\\\/\"},{\"@type\":\"ListItem\",\"position\":3,\"name\":\"Endodontie\"}]},{\"@type\":\"WebSite\",\"@id\":\"https:\\\/\\\/mydentist1040.be\\\/#website\",\"url\":\"https:\\\/\\\/mydentist1040.be\\\/\",\"name\":\"Cabinet dentaire de Vinck - Jafarli\",\"description\":\"\",\"publisher\":{\"@id\":\"https:\\\/\\\/mydentist1040.be\\\/#organization\"},\"potentialAction\":[{\"@type\":\"SearchAction\",\"target\":{\"@type\":\"EntryPoint\",\"urlTemplate\":\"https:\\\/\\\/mydentist1040.be\\\/?s={search_term_string}\"},\"query-input\":{\"@type\":\"PropertyValueSpecification\",\"valueRequired\":true,\"valueName\":\"search_term_string\"}}],\"inLanguage\":\"en-US\"},{\"@type\":\"Organization\",\"@id\":\"https:\\\/\\\/mydentist1040.be\\\/#organization\",\"name\":\"Cabinet dentaire de Vinck - Jafarli\",\"url\":\"https:\\\/\\\/mydentist1040.be\\\/\",\"logo\":{\"@type\":\"ImageObject\",\"inLanguage\":\"en-US\",\"@id\":\"https:\\\/\\\/mydentist1040.be\\\/#\\\/schema\\\/logo\\\/image\\\/\",\"url\":\"https:\\\/\\\/mydentist1040.be\\\/wp-content\\\/uploads\\\/2025\\\/01\\\/dvj.png\",\"contentUrl\":\"https:\\\/\\\/mydentist1040.be\\\/wp-content\\\/uploads\\\/2025\\\/01\\\/dvj.png\",\"width\":862,\"height\":458,\"caption\":\"Cabinet dentaire de Vinck - Jafarli\"},\"image\":{\"@id\":\"https:\\\/\\\/mydentist1040.be\\\/#\\\/schema\\\/logo\\\/image\\\/\"},\"sameAs\":[\"https:\\\/\\\/www.linkedin.com\\\/in\\\/sona-jafarli-b012a2355\\\/\"]}]}<\/script>\n<!-- \/ Yoast SEO plugin. -->","yoast_head_json":{"title":"Endodontie -","description":"Endodontie Cabinet dentaire de Vinck - Jafarli %","robots":{"index":"index","follow":"follow","max-snippet":"max-snippet:-1","max-image-preview":"max-image-preview:large","max-video-preview":"max-video-preview:-1"},"canonical":"https:\/\/mydentist1040.be\/en\/soins\/endodontie\/","og_locale":"en_US","og_type":"article","og_title":"Endodontie -","og_description":"Endodontie Cabinet dentaire de Vinck - Jafarli %","og_url":"https:\/\/mydentist1040.be\/en\/soins\/endodontie\/","og_site_name":"Cabinet dentaire de Vinck - Jafarli","article_modified_time":"2025-07-09T15:38:33+00:00","og_image":[{"width":2560,"height":1592,"url":"https:\/\/mydentist1040.be\/wp-content\/uploads\/2025\/06\/IMG_5888-3-scaled.jpg","type":"image\/jpeg"}],"twitter_card":"summary_large_image","twitter_misc":{"Est. reading time":"1 minute"},"schema":{"@context":"https:\/\/schema.org","@graph":[{"@type":"WebPage","@id":"https:\/\/mydentist1040.be\/soins\/endodontie\/","url":"https:\/\/mydentist1040.be\/soins\/endodontie\/","name":"Endodontie -","isPartOf":{"@id":"https:\/\/mydentist1040.be\/#website"},"primaryImageOfPage":{"@id":"https:\/\/mydentist1040.be\/soins\/endodontie\/#primaryimage"},"image":{"@id":"https:\/\/mydentist1040.be\/soins\/endodontie\/#primaryimage"},"thumbnailUrl":"https:\/\/mydentist1040.be\/wp-content\/uploads\/2025\/06\/IMG_5888-3-1024x637.jpg","datePublished":"2025-04-06T17:55:37+00:00","dateModified":"2025-07-09T15:38:33+00:00","description":"Endodontie Cabinet dentaire de Vinck - Jafarli %","breadcrumb":{"@id":"https:\/\/mydentist1040.be\/soins\/endodontie\/#breadcrumb"},"inLanguage":"en-US","potentialAction":[{"@type":"ReadAction","target":["https:\/\/mydentist1040.be\/soins\/endodontie\/"]}]},{"@type":"ImageObject","inLanguage":"en-US","@id":"https:\/\/mydentist1040.be\/soins\/endodontie\/#primaryimage","url":"https:\/\/mydentist1040.be\/wp-content\/uploads\/2025\/06\/IMG_5888-3-1024x637.jpg","contentUrl":"https:\/\/mydentist1040.be\/wp-content\/uploads\/2025\/06\/IMG_5888-3-1024x637.jpg"},{"@type":"BreadcrumbList","@id":"https:\/\/mydentist1040.be\/soins\/endodontie\/#breadcrumb","itemListElement":[{"@type":"ListItem","position":1,"name":"Accueil","item":"https:\/\/mydentist1040.be\/"},{"@type":"ListItem","position":2,"name":"Soins","item":"https:\/\/mydentist1040.be\/soins\/"},{"@type":"ListItem","position":3,"name":"Endodontie"}]},{"@type":"WebSite","@id":"https:\/\/mydentist1040.be\/#website","url":"https:\/\/mydentist1040.be\/","name":"Cabinet dentaire de Vinck - Jafarli","description":"","publisher":{"@id":"https:\/\/mydentist1040.be\/#organization"},"potentialAction":[{"@type":"SearchAction","target":{"@type":"EntryPoint","urlTemplate":"https:\/\/mydentist1040.be\/?s={search_term_string}"},"query-input":{"@type":"PropertyValueSpecification","valueRequired":true,"valueName":"search_term_string"}}],"inLanguage":"en-US"},{"@type":"Organization","@id":"https:\/\/mydentist1040.be\/#organization","name":"Cabinet dentaire de Vinck - Jafarli","url":"https:\/\/mydentist1040.be\/","logo":{"@type":"ImageObject","inLanguage":"en-US","@id":"https:\/\/mydentist1040.be\/#\/schema\/logo\/image\/","url":"https:\/\/mydentist1040.be\/wp-content\/uploads\/2025\/01\/dvj.png","contentUrl":"https:\/\/mydentist1040.be\/wp-content\/uploads\/2025\/01\/dvj.png","width":862,"height":458,"caption":"Cabinet dentaire de Vinck - Jafarli"},"image":{"@id":"https:\/\/mydentist1040.be\/#\/schema\/logo\/image\/"},"sameAs":["https:\/\/www.linkedin.com\/in\/sona-jafarli-b012a2355\/"]}]}},"_links":{"self":[{"href":"https:\/\/mydentist1040.be\/en\/wp-json\/wp\/v2\/pages\/459","targetHints":{"allow":["GET"]}}],"collection":[{"href":"https:\/\/mydentist1040.be\/en\/wp-json\/wp\/v2\/pages"}],"about":[{"href":"https:\/\/mydentist1040.be\/en\/wp-json\/wp\/v2\/types\/page"}],"author":[{"embeddable":true,"href":"https:\/\/mydentist1040.be\/en\/wp-json\/wp\/v2\/users\/1"}],"replies":[{"embeddable":true,"href":"https:\/\/mydentist1040.be\/en\/wp-json\/wp\/v2\/comments?post=459"}],"version-history":[{"count":24,"href":"https:\/\/mydentist1040.be\/en\/wp-json\/wp\/v2\/pages\/459\/revisions"}],"predecessor-version":[{"id":1037,"href":"https:\/\/mydentist1040.be\/en\/wp-json\/wp\/v2\/pages\/459\/revisions\/1037"}],"up":[{"embeddable":true,"href":"https:\/\/mydentist1040.be\/en\/wp-json\/wp\/v2\/pages\/190"}],"wp:attachment":[{"href":"https:\/\/mydentist1040.be\/en\/wp-json\/wp\/v2\/media?parent=459"}],"curies":[{"name":"wp","href":"https:\/\/api.w.org\/{rel}","templated":true}]}}