{"id":456,"date":"2025-04-06T17:51:51","date_gmt":"2025-04-06T17:51:51","guid":{"rendered":"https:\/\/mydentist1040.be\/?page_id=456"},"modified":"2025-07-09T15:39:16","modified_gmt":"2025-07-09T15:39:16","slug":"prevention","status":"publish","type":"page","link":"https:\/\/mydentist1040.be\/en\/soins\/prevention\/","title":{"rendered":"Prevention"},"content":{"rendered":"<div style=\"height:0px\" aria-hidden=\"true\" class=\"wp-block-spacer\"><\/div>\n\n\n\n<div class=\"wp-block-cover alignfull\"><img loading=\"lazy\" decoding=\"async\" width=\"1024\" height=\"637\" class=\"wp-block-cover__image-background wp-image-964 size-large\" alt=\"\" src=\"https:\/\/mydentist1040.be\/wp-content\/uploads\/2025\/06\/IMG_5888-3-1024x637.jpg\" style=\"object-position:49% 91%\" data-object-fit=\"cover\" data-object-position=\"49% 91%\" srcset=\"https:\/\/mydentist1040.be\/wp-content\/uploads\/2025\/06\/IMG_5888-3-1024x637.jpg 1024w, https:\/\/mydentist1040.be\/wp-content\/uploads\/2025\/06\/IMG_5888-3-300x187.jpg 300w, https:\/\/mydentist1040.be\/wp-content\/uploads\/2025\/06\/IMG_5888-3-768x478.jpg 768w, https:\/\/mydentist1040.be\/wp-content\/uploads\/2025\/06\/IMG_5888-3-1536x955.jpg 1536w, https:\/\/mydentist1040.be\/wp-content\/uploads\/2025\/06\/IMG_5888-3-2048x1274.jpg 2048w, https:\/\/mydentist1040.be\/wp-content\/uploads\/2025\/06\/IMG_5888-3-18x12.jpg 18w\" sizes=\"auto, (max-width: 1024px) 100vw, 1024px\" \/><span aria-hidden=\"true\" class=\"wp-block-cover__background has-black-background-color has-background-dim-30 has-background-dim\"><\/span><div class=\"wp-block-cover__inner-container has-global-padding is-layout-constrained wp-block-cover-is-layout-constrained\">\n<blockquote class=\"wp-block-quote alignleft is-layout-flow wp-block-quote-is-layout-flow\">\n<p class=\"has-text-align-left has-text-color has-link-color wp-elements-497b1c14ae96f8766fb1d1242e65ad46\" style=\"color:#fefefe;font-size:clamp(31.152px, 1.947rem + ((1vw - 3.2px) * 2.71), 55px);\">Prevention<\/p>\n<\/blockquote>\n<\/div><\/div>\n\n\n\n<div class=\"wp-block-columns alignwide are-vertically-aligned-center is-layout-flex wp-container-core-columns-is-layout-1e8785ff wp-block-columns-is-layout-flex\" style=\"margin-top:6.1rem;margin-bottom:6.1rem\">\n<div class=\"wp-block-column is-vertically-aligned-center is-layout-flow wp-block-column-is-layout-flow\">\n<figure class=\"wp-block-image aligncenter size-large is-resized\"><img loading=\"lazy\" decoding=\"async\" width=\"1921\" height=\"2560\" src=\"https:\/\/mydentist1040.be\/wp-content\/uploads\/2025\/04\/pexels-shvetsa-3845757-edited-scaled.jpg\" alt=\"\" class=\"wp-image-569\" style=\"aspect-ratio:0.75;object-fit:cover;width:490px;height:auto\" srcset=\"https:\/\/mydentist1040.be\/wp-content\/uploads\/2025\/04\/pexels-shvetsa-3845757-edited-scaled.jpg 1921w, https:\/\/mydentist1040.be\/wp-content\/uploads\/2025\/04\/pexels-shvetsa-3845757-edited-225x300.jpg 225w, https:\/\/mydentist1040.be\/wp-content\/uploads\/2025\/04\/pexels-shvetsa-3845757-edited-768x1024.jpg 768w, https:\/\/mydentist1040.be\/wp-content\/uploads\/2025\/04\/pexels-shvetsa-3845757-edited-1152x1536.jpg 1152w, https:\/\/mydentist1040.be\/wp-content\/uploads\/2025\/04\/pexels-shvetsa-3845757-edited-1537x2048.jpg 1537w\" sizes=\"auto, (max-width: 1921px) 100vw, 1921px\" \/><\/figure>\n<\/div>\n\n\n\n<div class=\"wp-block-column is-vertically-aligned-center is-layout-flow wp-block-column-is-layout-flow\">\n<p class=\"has-text-color has-link-color has-pontano-sans-font-family wp-elements-9b8a1823d26edba528cc6b357435b018\" style=\"color:#7b6a58;font-size:clamp(14px, 0.875rem + ((1vw - 3.2px) * 0.455), 18px);\">Dental prevention is the key to maintaining a healthy mouth throughout life. It's based on simple but essential gestures: careful brushing twice a day, flossing, a balanced diet and regular visits to the dentist. <\/p>\n\n\n\n<p class=\"has-text-color has-link-color has-pontano-sans-font-family wp-elements-145b8a408debdd9165f474449b6ec751\" style=\"color:#7b6a58;font-size:clamp(14px, 0.875rem + ((1vw - 3.2px) * 0.455), 18px);\">When it comes to oral health, prevention is better than cure. With prevention and regular check-ups, you can avoid cavities and gum disease, and detect problems early, before they become painful or costly to treat. Prevention also means protecting your smile, your day-to-day comfort and your general health.<\/p>\n\n\n\n<p>We believe in educating our patients! During your visit, we'll give you tips on brushing techniques and flossing\/interdental brushes, to help you set up a good home care routine. A healthy smile starts with good habits - let's start there!<\/p>\n\n\n\n<p><\/p>\n\n\n\n<p class=\"has-text-color has-link-color has-pontano-sans-font-family wp-elements-00a07ff0302ce19d2b9dcfff177fe43d\" style=\"color:#7b6a58;font-size:clamp(14px, 0.875rem + ((1vw - 3.2px) * 0.455), 18px);\"><\/p>\n<\/div>\n<\/div>","protected":false},"excerpt":{"rendered":"<p>La pr\u00e9vention dentaire est la cl\u00e9 pour garder une bouche en bonne sant\u00e9 tout au long de la vie. Elle repose sur des gestes simples mais essentiels : un brossage soigneux deux fois par jour, l\u2019utilisation du fil dentaire, une alimentation \u00e9quilibr\u00e9e et des visites r\u00e9guli\u00e8res chez le dentiste. En mati\u00e8re de sant\u00e9 bucco-dentaire, mieux [&hellip;]<\/p>\n","protected":false},"author":1,"featured_media":0,"parent":190,"menu_order":0,"comment_status":"closed","ping_status":"closed","template":"","meta":{"footnotes":""},"class_list":["post-456","page","type-page","status-publish","hentry"],"yoast_head":"<!-- This site is optimized with the Yoast SEO plugin v27.5 - https:\/\/yoast.com\/product\/yoast-seo-wordpress\/ -->\n<title>Pr\u00e9vention -<\/title>\n<meta name=\"description\" content=\"Pr\u00e9vention Cabinet dentaire de Vinck - Jafarli %\" \/>\n<meta name=\"robots\" content=\"index, follow, max-snippet:-1, max-image-preview:large, max-video-preview:-1\" \/>\n<link rel=\"canonical\" href=\"https:\/\/mydentist1040.be\/en\/soins\/prevention\/\" \/>\n<meta property=\"og:locale\" content=\"en_US\" \/>\n<meta property=\"og:type\" content=\"article\" \/>\n<meta property=\"og:title\" content=\"Pr\u00e9vention -\" \/>\n<meta property=\"og:description\" content=\"Pr\u00e9vention Cabinet dentaire de Vinck - Jafarli %\" \/>\n<meta property=\"og:url\" content=\"https:\/\/mydentist1040.be\/en\/soins\/prevention\/\" \/>\n<meta property=\"og:site_name\" content=\"Cabinet dentaire de Vinck - Jafarli\" \/>\n<meta property=\"article:modified_time\" content=\"2025-07-09T15:39:16+00:00\" \/>\n<meta property=\"og:image\" content=\"https:\/\/mydentist1040.be\/wp-content\/uploads\/2025\/06\/IMG_5888-3-scaled.jpg\" \/>\n\t<meta property=\"og:image:width\" content=\"2560\" \/>\n\t<meta property=\"og:image:height\" content=\"1592\" \/>\n\t<meta property=\"og:image:type\" content=\"image\/jpeg\" \/>\n<meta name=\"twitter:card\" content=\"summary_large_image\" \/>\n<meta name=\"twitter:label1\" content=\"Est. reading time\" \/>\n\t<meta name=\"twitter:data1\" content=\"2 minutes\" \/>\n<script type=\"application\/ld+json\" class=\"yoast-schema-graph\">{\"@context\":\"https:\\\/\\\/schema.org\",\"@graph\":[{\"@type\":\"WebPage\",\"@id\":\"https:\\\/\\\/mydentist1040.be\\\/soins\\\/prevention\\\/\",\"url\":\"https:\\\/\\\/mydentist1040.be\\\/soins\\\/prevention\\\/\",\"name\":\"Pr\u00e9vention -\",\"isPartOf\":{\"@id\":\"https:\\\/\\\/mydentist1040.be\\\/#website\"},\"primaryImageOfPage\":{\"@id\":\"https:\\\/\\\/mydentist1040.be\\\/soins\\\/prevention\\\/#primaryimage\"},\"image\":{\"@id\":\"https:\\\/\\\/mydentist1040.be\\\/soins\\\/prevention\\\/#primaryimage\"},\"thumbnailUrl\":\"https:\\\/\\\/mydentist1040.be\\\/wp-content\\\/uploads\\\/2025\\\/06\\\/IMG_5888-3-1024x637.jpg\",\"datePublished\":\"2025-04-06T17:51:51+00:00\",\"dateModified\":\"2025-07-09T15:39:16+00:00\",\"description\":\"Pr\u00e9vention Cabinet dentaire de Vinck - Jafarli %\",\"breadcrumb\":{\"@id\":\"https:\\\/\\\/mydentist1040.be\\\/soins\\\/prevention\\\/#breadcrumb\"},\"inLanguage\":\"en-US\",\"potentialAction\":[{\"@type\":\"ReadAction\",\"target\":[\"https:\\\/\\\/mydentist1040.be\\\/soins\\\/prevention\\\/\"]}]},{\"@type\":\"ImageObject\",\"inLanguage\":\"en-US\",\"@id\":\"https:\\\/\\\/mydentist1040.be\\\/soins\\\/prevention\\\/#primaryimage\",\"url\":\"https:\\\/\\\/mydentist1040.be\\\/wp-content\\\/uploads\\\/2025\\\/06\\\/IMG_5888-3-1024x637.jpg\",\"contentUrl\":\"https:\\\/\\\/mydentist1040.be\\\/wp-content\\\/uploads\\\/2025\\\/06\\\/IMG_5888-3-1024x637.jpg\"},{\"@type\":\"BreadcrumbList\",\"@id\":\"https:\\\/\\\/mydentist1040.be\\\/soins\\\/prevention\\\/#breadcrumb\",\"itemListElement\":[{\"@type\":\"ListItem\",\"position\":1,\"name\":\"Accueil\",\"item\":\"https:\\\/\\\/mydentist1040.be\\\/\"},{\"@type\":\"ListItem\",\"position\":2,\"name\":\"Soins\",\"item\":\"https:\\\/\\\/mydentist1040.be\\\/soins\\\/\"},{\"@type\":\"ListItem\",\"position\":3,\"name\":\"Pr\u00e9vention\"}]},{\"@type\":\"WebSite\",\"@id\":\"https:\\\/\\\/mydentist1040.be\\\/#website\",\"url\":\"https:\\\/\\\/mydentist1040.be\\\/\",\"name\":\"Cabinet dentaire de Vinck - Jafarli\",\"description\":\"\",\"publisher\":{\"@id\":\"https:\\\/\\\/mydentist1040.be\\\/#organization\"},\"potentialAction\":[{\"@type\":\"SearchAction\",\"target\":{\"@type\":\"EntryPoint\",\"urlTemplate\":\"https:\\\/\\\/mydentist1040.be\\\/?s={search_term_string}\"},\"query-input\":{\"@type\":\"PropertyValueSpecification\",\"valueRequired\":true,\"valueName\":\"search_term_string\"}}],\"inLanguage\":\"en-US\"},{\"@type\":\"Organization\",\"@id\":\"https:\\\/\\\/mydentist1040.be\\\/#organization\",\"name\":\"Cabinet dentaire de Vinck - Jafarli\",\"url\":\"https:\\\/\\\/mydentist1040.be\\\/\",\"logo\":{\"@type\":\"ImageObject\",\"inLanguage\":\"en-US\",\"@id\":\"https:\\\/\\\/mydentist1040.be\\\/#\\\/schema\\\/logo\\\/image\\\/\",\"url\":\"https:\\\/\\\/mydentist1040.be\\\/wp-content\\\/uploads\\\/2025\\\/01\\\/dvj.png\",\"contentUrl\":\"https:\\\/\\\/mydentist1040.be\\\/wp-content\\\/uploads\\\/2025\\\/01\\\/dvj.png\",\"width\":862,\"height\":458,\"caption\":\"Cabinet dentaire de Vinck - Jafarli\"},\"image\":{\"@id\":\"https:\\\/\\\/mydentist1040.be\\\/#\\\/schema\\\/logo\\\/image\\\/\"},\"sameAs\":[\"https:\\\/\\\/www.linkedin.com\\\/in\\\/sona-jafarli-b012a2355\\\/\"]}]}<\/script>\n<!-- \/ Yoast SEO plugin. -->","yoast_head_json":{"title":"Pr\u00e9vention -","description":"Pr\u00e9vention Cabinet dentaire de Vinck - Jafarli %","robots":{"index":"index","follow":"follow","max-snippet":"max-snippet:-1","max-image-preview":"max-image-preview:large","max-video-preview":"max-video-preview:-1"},"canonical":"https:\/\/mydentist1040.be\/en\/soins\/prevention\/","og_locale":"en_US","og_type":"article","og_title":"Pr\u00e9vention -","og_description":"Pr\u00e9vention Cabinet dentaire de Vinck - Jafarli %","og_url":"https:\/\/mydentist1040.be\/en\/soins\/prevention\/","og_site_name":"Cabinet dentaire de Vinck - Jafarli","article_modified_time":"2025-07-09T15:39:16+00:00","og_image":[{"width":2560,"height":1592,"url":"https:\/\/mydentist1040.be\/wp-content\/uploads\/2025\/06\/IMG_5888-3-scaled.jpg","type":"image\/jpeg"}],"twitter_card":"summary_large_image","twitter_misc":{"Est. reading time":"2 minutes"},"schema":{"@context":"https:\/\/schema.org","@graph":[{"@type":"WebPage","@id":"https:\/\/mydentist1040.be\/soins\/prevention\/","url":"https:\/\/mydentist1040.be\/soins\/prevention\/","name":"Pr\u00e9vention -","isPartOf":{"@id":"https:\/\/mydentist1040.be\/#website"},"primaryImageOfPage":{"@id":"https:\/\/mydentist1040.be\/soins\/prevention\/#primaryimage"},"image":{"@id":"https:\/\/mydentist1040.be\/soins\/prevention\/#primaryimage"},"thumbnailUrl":"https:\/\/mydentist1040.be\/wp-content\/uploads\/2025\/06\/IMG_5888-3-1024x637.jpg","datePublished":"2025-04-06T17:51:51+00:00","dateModified":"2025-07-09T15:39:16+00:00","description":"Pr\u00e9vention Cabinet dentaire de Vinck - Jafarli %","breadcrumb":{"@id":"https:\/\/mydentist1040.be\/soins\/prevention\/#breadcrumb"},"inLanguage":"en-US","potentialAction":[{"@type":"ReadAction","target":["https:\/\/mydentist1040.be\/soins\/prevention\/"]}]},{"@type":"ImageObject","inLanguage":"en-US","@id":"https:\/\/mydentist1040.be\/soins\/prevention\/#primaryimage","url":"https:\/\/mydentist1040.be\/wp-content\/uploads\/2025\/06\/IMG_5888-3-1024x637.jpg","contentUrl":"https:\/\/mydentist1040.be\/wp-content\/uploads\/2025\/06\/IMG_5888-3-1024x637.jpg"},{"@type":"BreadcrumbList","@id":"https:\/\/mydentist1040.be\/soins\/prevention\/#breadcrumb","itemListElement":[{"@type":"ListItem","position":1,"name":"Accueil","item":"https:\/\/mydentist1040.be\/"},{"@type":"ListItem","position":2,"name":"Soins","item":"https:\/\/mydentist1040.be\/soins\/"},{"@type":"ListItem","position":3,"name":"Pr\u00e9vention"}]},{"@type":"WebSite","@id":"https:\/\/mydentist1040.be\/#website","url":"https:\/\/mydentist1040.be\/","name":"Cabinet dentaire de Vinck - Jafarli","description":"","publisher":{"@id":"https:\/\/mydentist1040.be\/#organization"},"potentialAction":[{"@type":"SearchAction","target":{"@type":"EntryPoint","urlTemplate":"https:\/\/mydentist1040.be\/?s={search_term_string}"},"query-input":{"@type":"PropertyValueSpecification","valueRequired":true,"valueName":"search_term_string"}}],"inLanguage":"en-US"},{"@type":"Organization","@id":"https:\/\/mydentist1040.be\/#organization","name":"Cabinet dentaire de Vinck - Jafarli","url":"https:\/\/mydentist1040.be\/","logo":{"@type":"ImageObject","inLanguage":"en-US","@id":"https:\/\/mydentist1040.be\/#\/schema\/logo\/image\/","url":"https:\/\/mydentist1040.be\/wp-content\/uploads\/2025\/01\/dvj.png","contentUrl":"https:\/\/mydentist1040.be\/wp-content\/uploads\/2025\/01\/dvj.png","width":862,"height":458,"caption":"Cabinet dentaire de Vinck - Jafarli"},"image":{"@id":"https:\/\/mydentist1040.be\/#\/schema\/logo\/image\/"},"sameAs":["https:\/\/www.linkedin.com\/in\/sona-jafarli-b012a2355\/"]}]}},"_links":{"self":[{"href":"https:\/\/mydentist1040.be\/en\/wp-json\/wp\/v2\/pages\/456","targetHints":{"allow":["GET"]}}],"collection":[{"href":"https:\/\/mydentist1040.be\/en\/wp-json\/wp\/v2\/pages"}],"about":[{"href":"https:\/\/mydentist1040.be\/en\/wp-json\/wp\/v2\/types\/page"}],"author":[{"embeddable":true,"href":"https:\/\/mydentist1040.be\/en\/wp-json\/wp\/v2\/users\/1"}],"replies":[{"embeddable":true,"href":"https:\/\/mydentist1040.be\/en\/wp-json\/wp\/v2\/comments?post=456"}],"version-history":[{"count":11,"href":"https:\/\/mydentist1040.be\/en\/wp-json\/wp\/v2\/pages\/456\/revisions"}],"predecessor-version":[{"id":1040,"href":"https:\/\/mydentist1040.be\/en\/wp-json\/wp\/v2\/pages\/456\/revisions\/1040"}],"up":[{"embeddable":true,"href":"https:\/\/mydentist1040.be\/en\/wp-json\/wp\/v2\/pages\/190"}],"wp:attachment":[{"href":"https:\/\/mydentist1040.be\/en\/wp-json\/wp\/v2\/media?parent=456"}],"curies":[{"name":"wp","href":"https:\/\/api.w.org\/{rel}","templated":true}]}}