{"id":448,"date":"2025-04-06T17:42:04","date_gmt":"2025-04-06T17:42:04","guid":{"rendered":"https:\/\/mydentist1040.be\/?page_id=448"},"modified":"2025-07-09T15:39:30","modified_gmt":"2025-07-09T15:39:30","slug":"implants-dentaires","status":"publish","type":"page","link":"https:\/\/mydentist1040.be\/en\/soins\/implants-dentaires\/","title":{"rendered":"Prothesis and implants"},"content":{"rendered":"<div style=\"height:0px\" aria-hidden=\"true\" class=\"wp-block-spacer\"><\/div>\n\n\n\n<div class=\"wp-block-cover alignfull\"><img loading=\"lazy\" decoding=\"async\" width=\"1024\" height=\"637\" class=\"wp-block-cover__image-background wp-image-964 size-large\" alt=\"\" src=\"https:\/\/mydentist1040.be\/wp-content\/uploads\/2025\/06\/IMG_5888-3-1024x637.jpg\" style=\"object-position:47% 86%\" data-object-fit=\"cover\" data-object-position=\"47% 86%\" srcset=\"https:\/\/mydentist1040.be\/wp-content\/uploads\/2025\/06\/IMG_5888-3-1024x637.jpg 1024w, https:\/\/mydentist1040.be\/wp-content\/uploads\/2025\/06\/IMG_5888-3-300x187.jpg 300w, https:\/\/mydentist1040.be\/wp-content\/uploads\/2025\/06\/IMG_5888-3-768x478.jpg 768w, https:\/\/mydentist1040.be\/wp-content\/uploads\/2025\/06\/IMG_5888-3-1536x955.jpg 1536w, https:\/\/mydentist1040.be\/wp-content\/uploads\/2025\/06\/IMG_5888-3-2048x1274.jpg 2048w, https:\/\/mydentist1040.be\/wp-content\/uploads\/2025\/06\/IMG_5888-3-18x12.jpg 18w\" sizes=\"auto, (max-width: 1024px) 100vw, 1024px\" \/><span aria-hidden=\"true\" class=\"wp-block-cover__background has-black-background-color has-background-dim-30 has-background-dim\"><\/span><div class=\"wp-block-cover__inner-container has-global-padding is-layout-constrained wp-block-cover-is-layout-constrained\">\n<blockquote class=\"wp-block-quote alignleft is-layout-flow wp-block-quote-is-layout-flow\">\n<p class=\"has-text-align-left has-text-color has-link-color wp-elements-be03b73cf13c46ae04ee56bd56f223ff\" style=\"color:#ffffff;font-size:clamp(26.465px, 1.654rem + ((1vw - 3.2px) * 2.106), 45px);\">Prothesis and implants<\/p>\n<\/blockquote>\n<\/div><\/div>\n\n\n\n<p><\/p>\n\n\n\n<div class=\"wp-block-columns alignwide are-vertically-aligned-center is-layout-flex wp-container-core-columns-is-layout-dd9bbc68 wp-block-columns-is-layout-flex\" style=\"margin-top:6.6rem;margin-bottom:6.6rem\">\n<div class=\"wp-block-column is-vertically-aligned-center has-global-padding is-layout-constrained wp-block-column-is-layout-constrained\">\n<figure class=\"wp-block-image aligncenter size-large is-resized is-style-default\"><img loading=\"lazy\" decoding=\"async\" width=\"1024\" height=\"683\" src=\"https:\/\/mydentist1040.be\/wp-content\/uploads\/2025\/04\/jonathan-borba-W9YEY6G8LVM-unsplash-1024x683.jpg\" alt=\"\" class=\"wp-image-572\" style=\"aspect-ratio:3\/4;object-fit:cover;width:524px;height:auto\" srcset=\"https:\/\/mydentist1040.be\/wp-content\/uploads\/2025\/04\/jonathan-borba-W9YEY6G8LVM-unsplash-1024x683.jpg 1024w, https:\/\/mydentist1040.be\/wp-content\/uploads\/2025\/04\/jonathan-borba-W9YEY6G8LVM-unsplash-300x200.jpg 300w, https:\/\/mydentist1040.be\/wp-content\/uploads\/2025\/04\/jonathan-borba-W9YEY6G8LVM-unsplash-768x512.jpg 768w, https:\/\/mydentist1040.be\/wp-content\/uploads\/2025\/04\/jonathan-borba-W9YEY6G8LVM-unsplash-1536x1024.jpg 1536w, https:\/\/mydentist1040.be\/wp-content\/uploads\/2025\/04\/jonathan-borba-W9YEY6G8LVM-unsplash-2048x1365.jpg 2048w\" sizes=\"auto, (max-width: 1024px) 100vw, 1024px\" \/><\/figure>\n<\/div>\n\n\n\n<div class=\"wp-block-column is-vertically-aligned-center has-global-padding is-content-justification-left is-layout-constrained wp-container-core-column-is-layout-12dd3699 wp-block-column-is-layout-constrained\">\n<h2 class=\"wp-block-heading\">Implants<\/h2>\n\n\n\n<hr class=\"wp-block-separator has-alpha-channel-opacity\"\/>\n\n\n\n<p>Dental implants are a reliable, long-lasting solution for replacing one or more missing teeth. They consist of a small titanium screw that is placed in the jawbone in place of the natural root.<\/p>\n\n\n\n<p>Once the implant has been properly integrated, a crown, bridge or prosthesis is attached, to recreate a tooth that is aesthetically pleasing, strong and comfortable.<\/p>\n\n\n\n<p>Unlike removable appliances, implants are fixed, giving a very natural feel and facilitating chewing and speaking. It's a discreet solution that preserves neighboring teeth and limits bone resorption. Properly maintained, an implant can last for many years.<\/p>\n\n\n\n<p>Your dentist will assess whether this treatment is right for you, taking into account your general health, oral hygiene and bone structure.<\/p>\n\n\n\n<p><\/p>\n\n\n\n<p><\/p>\n\n\n\n<p><\/p>\n\n\n\n<p style=\"font-size:clamp(14px, 0.875rem + ((1vw - 3.2px) * 0.455), 18px);\"><\/p>\n<\/div>\n<\/div>\n\n\n\n<div class=\"wp-block-columns alignwide are-vertically-aligned-center is-layout-flex wp-container-core-columns-is-layout-459fe6a6 wp-block-columns-is-layout-flex\" style=\"margin-top:173px;margin-bottom:173px\">\n<div class=\"wp-block-column is-vertically-aligned-center is-layout-flow wp-block-column-is-layout-flow\">\n<h2 class=\"wp-block-heading\">Fixed prostheses<\/h2>\n\n\n\n<hr class=\"wp-block-separator has-alpha-channel-opacity\"\/>\n\n\n\n<p>A fixed prosthesis is a solution used to restore one or more severely damaged or missing teeth in a stable, comfortable and aesthetically pleasing manner.<\/p>\n\n\n\n<p>It can take the form of a crown (which covers a damaged tooth), a bridge (which replaces one or more teeth by resting on neighboring teeth) or a dental implant.<\/p>\n\n\n\n<p>Unlike removable prostheses, fixed prostheses are firmly attached in the mouth: they don't move, they can't be removed, and they feel very much like natural teeth. The result is efficient chewing, a harmonious smile and a better quality of daily life.<\/p>\n\n\n\n<p>Easy to maintain with good oral hygiene and regular visits to the dentist, fixed prostheses are a discreet, durable and reliable solution for restoring your teeth.<\/p>\n\n\n\n<p><\/p>\n\n\n\n<p><\/p>\n<\/div>\n\n\n\n<div class=\"wp-block-column is-vertically-aligned-center is-layout-flow wp-block-column-is-layout-flow\">\n<figure class=\"wp-block-image size-large is-resized\"><img loading=\"lazy\" decoding=\"async\" width=\"960\" height=\"1280\" src=\"https:\/\/mydentist1040.be\/wp-content\/uploads\/2025\/04\/ozkan-guner-kL6LP2olEds-unsplash-1-edited.jpg\" alt=\"\" class=\"wp-image-627\" style=\"aspect-ratio:3\/4;object-fit:cover;width:436px\" srcset=\"https:\/\/mydentist1040.be\/wp-content\/uploads\/2025\/04\/ozkan-guner-kL6LP2olEds-unsplash-1-edited.jpg 960w, https:\/\/mydentist1040.be\/wp-content\/uploads\/2025\/04\/ozkan-guner-kL6LP2olEds-unsplash-1-edited-225x300.jpg 225w, https:\/\/mydentist1040.be\/wp-content\/uploads\/2025\/04\/ozkan-guner-kL6LP2olEds-unsplash-1-edited-768x1024.jpg 768w\" sizes=\"auto, (max-width: 960px) 100vw, 960px\" \/><\/figure>\n<\/div>\n<\/div>\n\n\n\n<div class=\"wp-block-columns alignwide are-vertically-aligned-center is-layout-flex wp-container-core-columns-is-layout-4c1dd492 wp-block-columns-is-layout-flex\" style=\"margin-top:var(--wp--preset--spacing--80);margin-bottom:var(--wp--preset--spacing--80)\">\n<div class=\"wp-block-column is-vertically-aligned-center is-layout-flow wp-block-column-is-layout-flow\">\n<figure class=\"wp-block-image aligncenter size-full is-resized\"><img loading=\"lazy\" decoding=\"async\" width=\"1200\" height=\"859\" src=\"https:\/\/mydentist1040.be\/wp-content\/uploads\/2025\/04\/removable-dentures.webp\" alt=\"\" class=\"wp-image-623\" style=\"aspect-ratio:3\/4;object-fit:cover;width:436px;height:auto\" srcset=\"https:\/\/mydentist1040.be\/wp-content\/uploads\/2025\/04\/removable-dentures.webp 1200w, https:\/\/mydentist1040.be\/wp-content\/uploads\/2025\/04\/removable-dentures-300x215.webp 300w, https:\/\/mydentist1040.be\/wp-content\/uploads\/2025\/04\/removable-dentures-1024x733.webp 1024w, https:\/\/mydentist1040.be\/wp-content\/uploads\/2025\/04\/removable-dentures-768x550.webp 768w\" sizes=\"auto, (max-width: 1200px) 100vw, 1200px\" \/><\/figure>\n<\/div>\n\n\n\n<div class=\"wp-block-column is-vertically-aligned-center is-layout-flow wp-block-column-is-layout-flow\">\n<h2 class=\"wp-block-heading\">Removable dentures<\/h2>\n\n\n\n<hr class=\"wp-block-separator has-alpha-channel-opacity\"\/>\n\n\n\n<p>Removable prostheses are appliances designed to replace one or more missing teeth, while restoring masticatory function, speech and smile aesthetics.<\/p>\n\n\n\n<p>As their name suggests, they can be easily removed and replaced, making them easy to care for. There are two main types: partial dentures, which rest on the remaining teeth, and full dentures, used when there are no teeth left.<\/p>\n\n\n\n<p>Thanks to modern materials, they are now lighter, more comfortable and more discreet. Although they take some getting used to, they offer an effective and economical solution for improving the quality of everyday life.<\/p>\n\n\n\n<p>Good maintenance and regular check-ups with your dentist will prolong their life and ensure your comfort.<\/p>\n\n\n\n<p><\/p>\n\n\n\n<p><\/p>\n\n\n\n<p><\/p>\n\n\n\n<p><\/p>\n<\/div>\n<\/div>","protected":false},"excerpt":{"rendered":"<p>Implants Les implants dentaires sont une solution fiable et durable pour remplacer une ou plusieurs dents manquantes. Il s\u2019agit d\u2019une petite vis en titane que l\u2019on place dans l\u2019os de la m\u00e2choire, \u00e0 la place de la racine naturelle. Une fois l\u2019implant bien int\u00e9gr\u00e9, on y fixe une couronne, un bridge ou une proth\u00e8se, pour [&hellip;]<\/p>\n","protected":false},"author":1,"featured_media":0,"parent":190,"menu_order":0,"comment_status":"closed","ping_status":"closed","template":"","meta":{"footnotes":""},"class_list":["post-448","page","type-page","status-publish","hentry"],"yoast_head":"<!-- This site is optimized with the Yoast SEO plugin v27.5 - https:\/\/yoast.com\/product\/yoast-seo-wordpress\/ -->\n<title>Proth\u00e8ses et implants -<\/title>\n<meta name=\"description\" content=\"Proth\u00e8ses et implants Cabinet dentaire de Vinck - Jafarli %\" \/>\n<meta name=\"robots\" content=\"index, follow, max-snippet:-1, max-image-preview:large, max-video-preview:-1\" \/>\n<link rel=\"canonical\" href=\"https:\/\/mydentist1040.be\/en\/soins\/implants-dentaires\/\" \/>\n<meta property=\"og:locale\" content=\"en_US\" \/>\n<meta property=\"og:type\" content=\"article\" \/>\n<meta property=\"og:title\" content=\"Proth\u00e8ses et implants -\" \/>\n<meta property=\"og:description\" content=\"Proth\u00e8ses et implants Cabinet dentaire de Vinck - Jafarli %\" \/>\n<meta property=\"og:url\" content=\"https:\/\/mydentist1040.be\/en\/soins\/implants-dentaires\/\" \/>\n<meta property=\"og:site_name\" content=\"Cabinet dentaire de Vinck - Jafarli\" \/>\n<meta property=\"article:modified_time\" content=\"2025-07-09T15:39:30+00:00\" \/>\n<meta property=\"og:image\" content=\"https:\/\/mydentist1040.be\/wp-content\/uploads\/2025\/06\/IMG_5888-3-scaled.jpg\" \/>\n\t<meta property=\"og:image:width\" content=\"2560\" \/>\n\t<meta property=\"og:image:height\" content=\"1592\" \/>\n\t<meta property=\"og:image:type\" content=\"image\/jpeg\" \/>\n<meta name=\"twitter:card\" content=\"summary_large_image\" \/>\n<script type=\"application\/ld+json\" class=\"yoast-schema-graph\">{\"@context\":\"https:\\\/\\\/schema.org\",\"@graph\":[{\"@type\":\"WebPage\",\"@id\":\"https:\\\/\\\/mydentist1040.be\\\/soins\\\/implants-dentaires\\\/\",\"url\":\"https:\\\/\\\/mydentist1040.be\\\/soins\\\/implants-dentaires\\\/\",\"name\":\"Proth\u00e8ses et implants -\",\"isPartOf\":{\"@id\":\"https:\\\/\\\/mydentist1040.be\\\/#website\"},\"primaryImageOfPage\":{\"@id\":\"https:\\\/\\\/mydentist1040.be\\\/soins\\\/implants-dentaires\\\/#primaryimage\"},\"image\":{\"@id\":\"https:\\\/\\\/mydentist1040.be\\\/soins\\\/implants-dentaires\\\/#primaryimage\"},\"thumbnailUrl\":\"https:\\\/\\\/mydentist1040.be\\\/wp-content\\\/uploads\\\/2025\\\/06\\\/IMG_5888-3-1024x637.jpg\",\"datePublished\":\"2025-04-06T17:42:04+00:00\",\"dateModified\":\"2025-07-09T15:39:30+00:00\",\"description\":\"Proth\u00e8ses et implants Cabinet dentaire de Vinck - Jafarli %\",\"breadcrumb\":{\"@id\":\"https:\\\/\\\/mydentist1040.be\\\/soins\\\/implants-dentaires\\\/#breadcrumb\"},\"inLanguage\":\"en-US\",\"potentialAction\":[{\"@type\":\"ReadAction\",\"target\":[\"https:\\\/\\\/mydentist1040.be\\\/soins\\\/implants-dentaires\\\/\"]}]},{\"@type\":\"ImageObject\",\"inLanguage\":\"en-US\",\"@id\":\"https:\\\/\\\/mydentist1040.be\\\/soins\\\/implants-dentaires\\\/#primaryimage\",\"url\":\"https:\\\/\\\/mydentist1040.be\\\/wp-content\\\/uploads\\\/2025\\\/06\\\/IMG_5888-3-1024x637.jpg\",\"contentUrl\":\"https:\\\/\\\/mydentist1040.be\\\/wp-content\\\/uploads\\\/2025\\\/06\\\/IMG_5888-3-1024x637.jpg\"},{\"@type\":\"BreadcrumbList\",\"@id\":\"https:\\\/\\\/mydentist1040.be\\\/soins\\\/implants-dentaires\\\/#breadcrumb\",\"itemListElement\":[{\"@type\":\"ListItem\",\"position\":1,\"name\":\"Accueil\",\"item\":\"https:\\\/\\\/mydentist1040.be\\\/\"},{\"@type\":\"ListItem\",\"position\":2,\"name\":\"Soins\",\"item\":\"https:\\\/\\\/mydentist1040.be\\\/soins\\\/\"},{\"@type\":\"ListItem\",\"position\":3,\"name\":\"Proth\u00e8ses et implants\"}]},{\"@type\":\"WebSite\",\"@id\":\"https:\\\/\\\/mydentist1040.be\\\/#website\",\"url\":\"https:\\\/\\\/mydentist1040.be\\\/\",\"name\":\"Cabinet dentaire de Vinck - Jafarli\",\"description\":\"\",\"publisher\":{\"@id\":\"https:\\\/\\\/mydentist1040.be\\\/#organization\"},\"potentialAction\":[{\"@type\":\"SearchAction\",\"target\":{\"@type\":\"EntryPoint\",\"urlTemplate\":\"https:\\\/\\\/mydentist1040.be\\\/?s={search_term_string}\"},\"query-input\":{\"@type\":\"PropertyValueSpecification\",\"valueRequired\":true,\"valueName\":\"search_term_string\"}}],\"inLanguage\":\"en-US\"},{\"@type\":\"Organization\",\"@id\":\"https:\\\/\\\/mydentist1040.be\\\/#organization\",\"name\":\"Cabinet dentaire de Vinck - Jafarli\",\"url\":\"https:\\\/\\\/mydentist1040.be\\\/\",\"logo\":{\"@type\":\"ImageObject\",\"inLanguage\":\"en-US\",\"@id\":\"https:\\\/\\\/mydentist1040.be\\\/#\\\/schema\\\/logo\\\/image\\\/\",\"url\":\"https:\\\/\\\/mydentist1040.be\\\/wp-content\\\/uploads\\\/2025\\\/01\\\/dvj.png\",\"contentUrl\":\"https:\\\/\\\/mydentist1040.be\\\/wp-content\\\/uploads\\\/2025\\\/01\\\/dvj.png\",\"width\":862,\"height\":458,\"caption\":\"Cabinet dentaire de Vinck - Jafarli\"},\"image\":{\"@id\":\"https:\\\/\\\/mydentist1040.be\\\/#\\\/schema\\\/logo\\\/image\\\/\"},\"sameAs\":[\"https:\\\/\\\/www.linkedin.com\\\/in\\\/sona-jafarli-b012a2355\\\/\"]}]}<\/script>\n<!-- \/ Yoast SEO plugin. -->","yoast_head_json":{"title":"Proth\u00e8ses et implants -","description":"Proth\u00e8ses et implants Cabinet dentaire de Vinck - Jafarli %","robots":{"index":"index","follow":"follow","max-snippet":"max-snippet:-1","max-image-preview":"max-image-preview:large","max-video-preview":"max-video-preview:-1"},"canonical":"https:\/\/mydentist1040.be\/en\/soins\/implants-dentaires\/","og_locale":"en_US","og_type":"article","og_title":"Proth\u00e8ses et implants -","og_description":"Proth\u00e8ses et implants Cabinet dentaire de Vinck - Jafarli %","og_url":"https:\/\/mydentist1040.be\/en\/soins\/implants-dentaires\/","og_site_name":"Cabinet dentaire de Vinck - Jafarli","article_modified_time":"2025-07-09T15:39:30+00:00","og_image":[{"width":2560,"height":1592,"url":"https:\/\/mydentist1040.be\/wp-content\/uploads\/2025\/06\/IMG_5888-3-scaled.jpg","type":"image\/jpeg"}],"twitter_card":"summary_large_image","schema":{"@context":"https:\/\/schema.org","@graph":[{"@type":"WebPage","@id":"https:\/\/mydentist1040.be\/soins\/implants-dentaires\/","url":"https:\/\/mydentist1040.be\/soins\/implants-dentaires\/","name":"Proth\u00e8ses et implants -","isPartOf":{"@id":"https:\/\/mydentist1040.be\/#website"},"primaryImageOfPage":{"@id":"https:\/\/mydentist1040.be\/soins\/implants-dentaires\/#primaryimage"},"image":{"@id":"https:\/\/mydentist1040.be\/soins\/implants-dentaires\/#primaryimage"},"thumbnailUrl":"https:\/\/mydentist1040.be\/wp-content\/uploads\/2025\/06\/IMG_5888-3-1024x637.jpg","datePublished":"2025-04-06T17:42:04+00:00","dateModified":"2025-07-09T15:39:30+00:00","description":"Proth\u00e8ses et implants Cabinet dentaire de Vinck - Jafarli %","breadcrumb":{"@id":"https:\/\/mydentist1040.be\/soins\/implants-dentaires\/#breadcrumb"},"inLanguage":"en-US","potentialAction":[{"@type":"ReadAction","target":["https:\/\/mydentist1040.be\/soins\/implants-dentaires\/"]}]},{"@type":"ImageObject","inLanguage":"en-US","@id":"https:\/\/mydentist1040.be\/soins\/implants-dentaires\/#primaryimage","url":"https:\/\/mydentist1040.be\/wp-content\/uploads\/2025\/06\/IMG_5888-3-1024x637.jpg","contentUrl":"https:\/\/mydentist1040.be\/wp-content\/uploads\/2025\/06\/IMG_5888-3-1024x637.jpg"},{"@type":"BreadcrumbList","@id":"https:\/\/mydentist1040.be\/soins\/implants-dentaires\/#breadcrumb","itemListElement":[{"@type":"ListItem","position":1,"name":"Accueil","item":"https:\/\/mydentist1040.be\/"},{"@type":"ListItem","position":2,"name":"Soins","item":"https:\/\/mydentist1040.be\/soins\/"},{"@type":"ListItem","position":3,"name":"Proth\u00e8ses et implants"}]},{"@type":"WebSite","@id":"https:\/\/mydentist1040.be\/#website","url":"https:\/\/mydentist1040.be\/","name":"Cabinet dentaire de Vinck - Jafarli","description":"","publisher":{"@id":"https:\/\/mydentist1040.be\/#organization"},"potentialAction":[{"@type":"SearchAction","target":{"@type":"EntryPoint","urlTemplate":"https:\/\/mydentist1040.be\/?s={search_term_string}"},"query-input":{"@type":"PropertyValueSpecification","valueRequired":true,"valueName":"search_term_string"}}],"inLanguage":"en-US"},{"@type":"Organization","@id":"https:\/\/mydentist1040.be\/#organization","name":"Cabinet dentaire de Vinck - Jafarli","url":"https:\/\/mydentist1040.be\/","logo":{"@type":"ImageObject","inLanguage":"en-US","@id":"https:\/\/mydentist1040.be\/#\/schema\/logo\/image\/","url":"https:\/\/mydentist1040.be\/wp-content\/uploads\/2025\/01\/dvj.png","contentUrl":"https:\/\/mydentist1040.be\/wp-content\/uploads\/2025\/01\/dvj.png","width":862,"height":458,"caption":"Cabinet dentaire de Vinck - Jafarli"},"image":{"@id":"https:\/\/mydentist1040.be\/#\/schema\/logo\/image\/"},"sameAs":["https:\/\/www.linkedin.com\/in\/sona-jafarli-b012a2355\/"]}]}},"_links":{"self":[{"href":"https:\/\/mydentist1040.be\/en\/wp-json\/wp\/v2\/pages\/448","targetHints":{"allow":["GET"]}}],"collection":[{"href":"https:\/\/mydentist1040.be\/en\/wp-json\/wp\/v2\/pages"}],"about":[{"href":"https:\/\/mydentist1040.be\/en\/wp-json\/wp\/v2\/types\/page"}],"author":[{"embeddable":true,"href":"https:\/\/mydentist1040.be\/en\/wp-json\/wp\/v2\/users\/1"}],"replies":[{"embeddable":true,"href":"https:\/\/mydentist1040.be\/en\/wp-json\/wp\/v2\/comments?post=448"}],"version-history":[{"count":45,"href":"https:\/\/mydentist1040.be\/en\/wp-json\/wp\/v2\/pages\/448\/revisions"}],"predecessor-version":[{"id":1041,"href":"https:\/\/mydentist1040.be\/en\/wp-json\/wp\/v2\/pages\/448\/revisions\/1041"}],"up":[{"embeddable":true,"href":"https:\/\/mydentist1040.be\/en\/wp-json\/wp\/v2\/pages\/190"}],"wp:attachment":[{"href":"https:\/\/mydentist1040.be\/en\/wp-json\/wp\/v2\/media?parent=448"}],"curies":[{"name":"wp","href":"https:\/\/api.w.org\/{rel}","templated":true}]}}