{"id":440,"date":"2025-04-06T17:22:39","date_gmt":"2025-04-06T17:22:39","guid":{"rendered":"https:\/\/mydentist1040.be\/?page_id=440"},"modified":"2025-07-09T15:38:21","modified_gmt":"2025-07-09T15:38:21","slug":"dentisterie-esthetique","status":"publish","type":"page","link":"https:\/\/mydentist1040.be\/en\/soins\/dentisterie-esthetique\/","title":{"rendered":"Esthetic dentistry"},"content":{"rendered":"<div style=\"height:0px\" aria-hidden=\"true\" class=\"wp-block-spacer\"><\/div>\n\n\n\n<div class=\"wp-block-cover alignfull\"><img loading=\"lazy\" decoding=\"async\" width=\"1024\" height=\"637\" class=\"wp-block-cover__image-background wp-image-964 size-large\" alt=\"\" src=\"https:\/\/mydentist1040.be\/wp-content\/uploads\/2025\/06\/IMG_5888-3-1024x637.jpg\" style=\"object-position:55% 84%\" data-object-fit=\"cover\" data-object-position=\"55% 84%\" srcset=\"https:\/\/mydentist1040.be\/wp-content\/uploads\/2025\/06\/IMG_5888-3-1024x637.jpg 1024w, https:\/\/mydentist1040.be\/wp-content\/uploads\/2025\/06\/IMG_5888-3-300x187.jpg 300w, https:\/\/mydentist1040.be\/wp-content\/uploads\/2025\/06\/IMG_5888-3-768x478.jpg 768w, https:\/\/mydentist1040.be\/wp-content\/uploads\/2025\/06\/IMG_5888-3-1536x955.jpg 1536w, https:\/\/mydentist1040.be\/wp-content\/uploads\/2025\/06\/IMG_5888-3-2048x1274.jpg 2048w, https:\/\/mydentist1040.be\/wp-content\/uploads\/2025\/06\/IMG_5888-3-18x12.jpg 18w\" sizes=\"auto, (max-width: 1024px) 100vw, 1024px\" \/><span aria-hidden=\"true\" class=\"wp-block-cover__background has-black-background-color has-background-dim-30 has-background-dim\"><\/span><div class=\"wp-block-cover__inner-container has-global-padding is-layout-constrained wp-block-cover-is-layout-constrained\">\n<blockquote class=\"wp-block-quote alignleft is-layout-flow wp-block-quote-is-layout-flow\" style=\"margin-right:6.5rem\">\n<p class=\"has-text-align-left has-text-color has-link-color wp-elements-cb05c75bf11a48a6406382d6377138dd\" style=\"color:#ffffff;margin-right:8.3rem;font-size:clamp(26.465px, 1.654rem + ((1vw - 3.2px) * 2.106), 45px);\">Esthetic dentistry  <\/p>\n<\/blockquote>\n<\/div><\/div>\n\n\n\n<p><\/p>\n\n\n\n<div class=\"wp-block-columns alignwide are-vertically-aligned-center is-layout-flex wp-container-core-columns-is-layout-72519b64 wp-block-columns-is-layout-flex\" style=\"margin-top:9.2rem;margin-bottom:9.2rem;padding-right:0;padding-left:0\">\n<div class=\"wp-block-column is-vertically-aligned-center is-layout-flow wp-block-column-is-layout-flow\">\n<figure class=\"wp-block-image aligncenter size-large is-resized\"><img loading=\"lazy\" decoding=\"async\" width=\"1920\" height=\"2560\" src=\"https:\/\/mydentist1040.be\/wp-content\/uploads\/2025\/04\/pexels-arvind-philomin-187831830-11887613-edited-scaled.jpg\" alt=\"\" class=\"wp-image-564\" style=\"aspect-ratio:0.75;object-fit:cover;width:475px;height:auto\" srcset=\"https:\/\/mydentist1040.be\/wp-content\/uploads\/2025\/04\/pexels-arvind-philomin-187831830-11887613-edited-scaled.jpg 1920w, https:\/\/mydentist1040.be\/wp-content\/uploads\/2025\/04\/pexels-arvind-philomin-187831830-11887613-edited-225x300.jpg 225w, https:\/\/mydentist1040.be\/wp-content\/uploads\/2025\/04\/pexels-arvind-philomin-187831830-11887613-edited-768x1024.jpg 768w, https:\/\/mydentist1040.be\/wp-content\/uploads\/2025\/04\/pexels-arvind-philomin-187831830-11887613-edited-1152x1536.jpg 1152w, https:\/\/mydentist1040.be\/wp-content\/uploads\/2025\/04\/pexels-arvind-philomin-187831830-11887613-edited-1536x2048.jpg 1536w\" sizes=\"auto, (max-width: 1920px) 100vw, 1920px\" \/><\/figure>\n<\/div>\n\n\n\n<div class=\"wp-block-column is-vertically-aligned-center is-layout-flow wp-block-column-is-layout-flow\">\n<h2 class=\"wp-block-heading\">Tooth whitening<\/h2>\n\n\n\n<hr class=\"wp-block-separator has-alpha-channel-opacity\"\/>\n\n\n\n<p class=\"has-text-color has-link-color has-pontano-sans-font-family wp-elements-301f2dcd472bfb63c3124f3b5e2f062c\" style=\"color:#7b6a58;font-size:clamp(14px, 0.875rem + ((1vw - 3.2px) * 0.455), 18px);\">Tooth lightening lightens the natural shade of teeth, removing discoloration caused by tobacco, coffee, tea or aging.<\/p>\n\n\n\n<p>This treatment involves applying a gel containing a lightening agent (such as hydrogen or carbamide peroxide) to the teeth. The product penetrates the enamel and acts on the pigments responsible for staining.<\/p>\n\n\n\n<p>Tooth whitening is safe when carried out under professional supervision. It does not damage enamel. <\/p>\n\n\n\n<p>Before we begin, we'll assess your dental health to create a personalized plan for you. <\/p>\n\n\n\n<p class=\"has-text-color has-link-color has-pontano-sans-font-family wp-elements-c86b09176f2c32d978ba3e457f424441\" style=\"color:#7b6a58;font-size:clamp(14px, 0.875rem + ((1vw - 3.2px) * 0.455), 18px);\">After treatment, we'll give you tips on how to keep your smile looking its best. With the right care, your results can last for years! <\/p>\n<\/div>\n<\/div>\n\n\n\n<div class=\"wp-block-columns alignwide is-layout-flex wp-container-core-columns-is-layout-28f84493 wp-block-columns-is-layout-flex\">\n<div class=\"wp-block-column is-layout-flow wp-block-column-is-layout-flow\">\n<h2 class=\"wp-block-heading\">Restorations<\/h2>\n\n\n\n<hr class=\"wp-block-separator has-alpha-channel-opacity\"\/>\n\n\n\n<p class=\"has-text-align-left\">Aesthetic dental restorations repair damaged teeth while preserving the harmony and beauty of the smile. They use modern, discreet and durable materials such as composites, ceramic veneers, crowns or inlays\/onlays. These techniques effectively correct broken, worn, discolored or spaced teeth, restoring them to their natural shape, color and function. The result is strong, comfortable and visually very natural. <\/p>\n\n\n\n<p class=\"has-text-align-left\">Whether for functional reasons or to improve the appearance of your smile, these restorations offer a tailor-made solution, perfectly integrated with your dentition. <\/p>\n\n\n\n<p class=\"has-text-align-left\">By restoring confidence and aesthetics, they contribute to your daily well-being. Talk to your dentist to find out which option is best suited to your smile!<\/p>\n\n\n\n<p><\/p>\n\n\n\n<p><\/p>\n\n\n\n<p><\/p>\n\n\n\n<p><\/p>\n<\/div>\n\n\n\n<div class=\"wp-block-column is-vertically-aligned-center is-layout-flow wp-block-column-is-layout-flow\">\n<figure class=\"wp-block-image aligncenter size-large is-resized is-style-zoooom\"><img loading=\"lazy\" decoding=\"async\" width=\"1920\" height=\"2561\" src=\"https:\/\/mydentist1040.be\/wp-content\/uploads\/2025\/04\/ozkan-guner-5Pm7ed-fSNM-unsplash-edited.jpg\" alt=\"\" class=\"wp-image-576\" style=\"aspect-ratio:0.75;object-fit:cover;width:424px;height:auto\" srcset=\"https:\/\/mydentist1040.be\/wp-content\/uploads\/2025\/04\/ozkan-guner-5Pm7ed-fSNM-unsplash-edited.jpg 1920w, https:\/\/mydentist1040.be\/wp-content\/uploads\/2025\/04\/ozkan-guner-5Pm7ed-fSNM-unsplash-edited-225x300.jpg 225w, https:\/\/mydentist1040.be\/wp-content\/uploads\/2025\/04\/ozkan-guner-5Pm7ed-fSNM-unsplash-edited-768x1024.jpg 768w, https:\/\/mydentist1040.be\/wp-content\/uploads\/2025\/04\/ozkan-guner-5Pm7ed-fSNM-unsplash-edited-1152x1536.jpg 1152w, https:\/\/mydentist1040.be\/wp-content\/uploads\/2025\/04\/ozkan-guner-5Pm7ed-fSNM-unsplash-edited-1535x2048.jpg 1535w\" sizes=\"auto, (max-width: 1920px) 100vw, 1920px\" \/><\/figure>\n<\/div>\n<\/div>\n\n\n\n<div class=\"wp-block-columns alignwide is-layout-flex wp-container-core-columns-is-layout-2faf23f3 wp-block-columns-is-layout-flex\" style=\"margin-top:174px;margin-bottom:174px\">\n<div class=\"wp-block-column is-vertically-aligned-center has-global-padding is-layout-constrained wp-block-column-is-layout-constrained\">\n<figure class=\"wp-block-image size-large is-style-zoooom\"><img loading=\"lazy\" decoding=\"async\" width=\"1024\" height=\"768\" src=\"https:\/\/mydentist1040.be\/wp-content\/uploads\/2025\/03\/caroline-lm-8BkF0sTC6Uo-unsplash-1-1024x768.jpg\" alt=\"\" class=\"wp-image-224\" style=\"aspect-ratio:4\/3;object-fit:cover\" srcset=\"https:\/\/mydentist1040.be\/wp-content\/uploads\/2025\/03\/caroline-lm-8BkF0sTC6Uo-unsplash-1-1024x768.jpg 1024w, https:\/\/mydentist1040.be\/wp-content\/uploads\/2025\/03\/caroline-lm-8BkF0sTC6Uo-unsplash-1-300x225.jpg 300w, https:\/\/mydentist1040.be\/wp-content\/uploads\/2025\/03\/caroline-lm-8BkF0sTC6Uo-unsplash-1-768x576.jpg 768w, https:\/\/mydentist1040.be\/wp-content\/uploads\/2025\/03\/caroline-lm-8BkF0sTC6Uo-unsplash-1-1536x1152.jpg 1536w, https:\/\/mydentist1040.be\/wp-content\/uploads\/2025\/03\/caroline-lm-8BkF0sTC6Uo-unsplash-1.jpg 1920w\" sizes=\"auto, (max-width: 1024px) 100vw, 1024px\" \/><\/figure>\n<\/div>\n\n\n\n<div class=\"wp-block-column is-layout-flow wp-block-column-is-layout-flow\">\n<h2 class=\"wp-block-heading\">Gum health<\/h2>\n\n\n\n<hr class=\"wp-block-separator has-alpha-channel-opacity\"\/>\n\n\n\n<p>A beautiful smile relies on more than just white, well-aligned teeth: healthy gums play an essential role in facial aesthetics. Red, swollen or bleeding gums can dull the appearance of a smile, even if the teeth are perfect. Conversely, pink, firm, well-shaped gums naturally enhance the appearance of the teeth and give an impression of health and harmony. <\/p>\n\n\n\n<p>Taking care of your gums means not only protecting your oral health, but also preserving the balance, freshness and elegance of your smile. <\/p>\n\n\n\n<p>Good brushing, flossing and regular visits to the dentist are the keys to keeping your gums looking and feeling their best!<\/p>\n\n\n\n<p>We offer in-depth assessments and personalized care plans to meet your unique needs. Our techniques promote healing and keep your gums in tip-top shape, so you can enjoy a radiant smile with complete peace of mind. Your health is important to us!<\/p>\n\n\n\n<p><\/p>\n\n\n\n<p><\/p>\n<\/div>\n<\/div>","protected":false},"excerpt":{"rendered":"<p>\u00c9claircissement dentaire L\u2019\u00e9claircissement dentaire permet d\u2019\u00e9claircir la teinte naturelle des dents, en \u00e9liminant les colorations caus\u00e9es par le tabac, le caf\u00e9, le th\u00e9, ou le vieillissement. Ce traitement consiste \u00e0 appliquer un gel contenant un agent \u00e9claircissant (comme le peroxyde d\u2019hydrog\u00e8ne ou de carbamide) sur les dents. Le produit p\u00e9n\u00e8tre l\u2019\u00e9mail et agit sur les [&hellip;]<\/p>\n","protected":false},"author":1,"featured_media":0,"parent":190,"menu_order":0,"comment_status":"closed","ping_status":"closed","template":"","meta":{"footnotes":""},"class_list":["post-440","page","type-page","status-publish","hentry"],"yoast_head":"<!-- This site is optimized with the Yoast SEO plugin v27.5 - https:\/\/yoast.com\/product\/yoast-seo-wordpress\/ -->\n<title>Dentisterie esth\u00e9tique -<\/title>\n<meta name=\"description\" content=\"Dentisterie esth\u00e9tique Cabinet dentaire de Vinck - Jafarli %\" \/>\n<meta name=\"robots\" content=\"index, follow, max-snippet:-1, max-image-preview:large, max-video-preview:-1\" \/>\n<link rel=\"canonical\" href=\"https:\/\/mydentist1040.be\/en\/soins\/dentisterie-esthetique\/\" \/>\n<meta property=\"og:locale\" content=\"en_US\" \/>\n<meta property=\"og:type\" content=\"article\" \/>\n<meta property=\"og:title\" content=\"Dentisterie esth\u00e9tique -\" \/>\n<meta property=\"og:description\" content=\"Dentisterie esth\u00e9tique Cabinet dentaire de Vinck - Jafarli %\" \/>\n<meta property=\"og:url\" content=\"https:\/\/mydentist1040.be\/en\/soins\/dentisterie-esthetique\/\" \/>\n<meta property=\"og:site_name\" content=\"Cabinet dentaire de Vinck - Jafarli\" \/>\n<meta property=\"article:modified_time\" content=\"2025-07-09T15:38:21+00:00\" \/>\n<meta property=\"og:image\" content=\"https:\/\/mydentist1040.be\/wp-content\/uploads\/2025\/06\/IMG_5888-3-scaled.jpg\" \/>\n\t<meta property=\"og:image:width\" content=\"2560\" \/>\n\t<meta property=\"og:image:height\" content=\"1592\" \/>\n\t<meta property=\"og:image:type\" content=\"image\/jpeg\" \/>\n<meta name=\"twitter:card\" content=\"summary_large_image\" \/>\n<meta name=\"twitter:label1\" content=\"Est. reading time\" \/>\n\t<meta name=\"twitter:data1\" content=\"3 minutes\" \/>\n<script type=\"application\/ld+json\" class=\"yoast-schema-graph\">{\"@context\":\"https:\\\/\\\/schema.org\",\"@graph\":[{\"@type\":\"WebPage\",\"@id\":\"https:\\\/\\\/mydentist1040.be\\\/soins\\\/dentisterie-esthetique\\\/\",\"url\":\"https:\\\/\\\/mydentist1040.be\\\/soins\\\/dentisterie-esthetique\\\/\",\"name\":\"Dentisterie esth\u00e9tique -\",\"isPartOf\":{\"@id\":\"https:\\\/\\\/mydentist1040.be\\\/#website\"},\"primaryImageOfPage\":{\"@id\":\"https:\\\/\\\/mydentist1040.be\\\/soins\\\/dentisterie-esthetique\\\/#primaryimage\"},\"image\":{\"@id\":\"https:\\\/\\\/mydentist1040.be\\\/soins\\\/dentisterie-esthetique\\\/#primaryimage\"},\"thumbnailUrl\":\"https:\\\/\\\/mydentist1040.be\\\/wp-content\\\/uploads\\\/2025\\\/06\\\/IMG_5888-3-1024x637.jpg\",\"datePublished\":\"2025-04-06T17:22:39+00:00\",\"dateModified\":\"2025-07-09T15:38:21+00:00\",\"description\":\"Dentisterie esth\u00e9tique Cabinet dentaire de Vinck - Jafarli %\",\"breadcrumb\":{\"@id\":\"https:\\\/\\\/mydentist1040.be\\\/soins\\\/dentisterie-esthetique\\\/#breadcrumb\"},\"inLanguage\":\"en-US\",\"potentialAction\":[{\"@type\":\"ReadAction\",\"target\":[\"https:\\\/\\\/mydentist1040.be\\\/soins\\\/dentisterie-esthetique\\\/\"]}]},{\"@type\":\"ImageObject\",\"inLanguage\":\"en-US\",\"@id\":\"https:\\\/\\\/mydentist1040.be\\\/soins\\\/dentisterie-esthetique\\\/#primaryimage\",\"url\":\"https:\\\/\\\/mydentist1040.be\\\/wp-content\\\/uploads\\\/2025\\\/06\\\/IMG_5888-3-1024x637.jpg\",\"contentUrl\":\"https:\\\/\\\/mydentist1040.be\\\/wp-content\\\/uploads\\\/2025\\\/06\\\/IMG_5888-3-1024x637.jpg\"},{\"@type\":\"BreadcrumbList\",\"@id\":\"https:\\\/\\\/mydentist1040.be\\\/soins\\\/dentisterie-esthetique\\\/#breadcrumb\",\"itemListElement\":[{\"@type\":\"ListItem\",\"position\":1,\"name\":\"Accueil\",\"item\":\"https:\\\/\\\/mydentist1040.be\\\/\"},{\"@type\":\"ListItem\",\"position\":2,\"name\":\"Soins\",\"item\":\"https:\\\/\\\/mydentist1040.be\\\/soins\\\/\"},{\"@type\":\"ListItem\",\"position\":3,\"name\":\"Dentisterie esth\u00e9tique\"}]},{\"@type\":\"WebSite\",\"@id\":\"https:\\\/\\\/mydentist1040.be\\\/#website\",\"url\":\"https:\\\/\\\/mydentist1040.be\\\/\",\"name\":\"Cabinet dentaire de Vinck - Jafarli\",\"description\":\"\",\"publisher\":{\"@id\":\"https:\\\/\\\/mydentist1040.be\\\/#organization\"},\"potentialAction\":[{\"@type\":\"SearchAction\",\"target\":{\"@type\":\"EntryPoint\",\"urlTemplate\":\"https:\\\/\\\/mydentist1040.be\\\/?s={search_term_string}\"},\"query-input\":{\"@type\":\"PropertyValueSpecification\",\"valueRequired\":true,\"valueName\":\"search_term_string\"}}],\"inLanguage\":\"en-US\"},{\"@type\":\"Organization\",\"@id\":\"https:\\\/\\\/mydentist1040.be\\\/#organization\",\"name\":\"Cabinet dentaire de Vinck - Jafarli\",\"url\":\"https:\\\/\\\/mydentist1040.be\\\/\",\"logo\":{\"@type\":\"ImageObject\",\"inLanguage\":\"en-US\",\"@id\":\"https:\\\/\\\/mydentist1040.be\\\/#\\\/schema\\\/logo\\\/image\\\/\",\"url\":\"https:\\\/\\\/mydentist1040.be\\\/wp-content\\\/uploads\\\/2025\\\/01\\\/dvj.png\",\"contentUrl\":\"https:\\\/\\\/mydentist1040.be\\\/wp-content\\\/uploads\\\/2025\\\/01\\\/dvj.png\",\"width\":862,\"height\":458,\"caption\":\"Cabinet dentaire de Vinck - Jafarli\"},\"image\":{\"@id\":\"https:\\\/\\\/mydentist1040.be\\\/#\\\/schema\\\/logo\\\/image\\\/\"},\"sameAs\":[\"https:\\\/\\\/www.linkedin.com\\\/in\\\/sona-jafarli-b012a2355\\\/\"]}]}<\/script>\n<!-- \/ Yoast SEO plugin. -->","yoast_head_json":{"title":"Dentisterie esth\u00e9tique -","description":"Dentisterie esth\u00e9tique Cabinet dentaire de Vinck - Jafarli %","robots":{"index":"index","follow":"follow","max-snippet":"max-snippet:-1","max-image-preview":"max-image-preview:large","max-video-preview":"max-video-preview:-1"},"canonical":"https:\/\/mydentist1040.be\/en\/soins\/dentisterie-esthetique\/","og_locale":"en_US","og_type":"article","og_title":"Dentisterie esth\u00e9tique -","og_description":"Dentisterie esth\u00e9tique Cabinet dentaire de Vinck - Jafarli %","og_url":"https:\/\/mydentist1040.be\/en\/soins\/dentisterie-esthetique\/","og_site_name":"Cabinet dentaire de Vinck - Jafarli","article_modified_time":"2025-07-09T15:38:21+00:00","og_image":[{"width":2560,"height":1592,"url":"https:\/\/mydentist1040.be\/wp-content\/uploads\/2025\/06\/IMG_5888-3-scaled.jpg","type":"image\/jpeg"}],"twitter_card":"summary_large_image","twitter_misc":{"Est. reading time":"3 minutes"},"schema":{"@context":"https:\/\/schema.org","@graph":[{"@type":"WebPage","@id":"https:\/\/mydentist1040.be\/soins\/dentisterie-esthetique\/","url":"https:\/\/mydentist1040.be\/soins\/dentisterie-esthetique\/","name":"Dentisterie esth\u00e9tique -","isPartOf":{"@id":"https:\/\/mydentist1040.be\/#website"},"primaryImageOfPage":{"@id":"https:\/\/mydentist1040.be\/soins\/dentisterie-esthetique\/#primaryimage"},"image":{"@id":"https:\/\/mydentist1040.be\/soins\/dentisterie-esthetique\/#primaryimage"},"thumbnailUrl":"https:\/\/mydentist1040.be\/wp-content\/uploads\/2025\/06\/IMG_5888-3-1024x637.jpg","datePublished":"2025-04-06T17:22:39+00:00","dateModified":"2025-07-09T15:38:21+00:00","description":"Dentisterie esth\u00e9tique Cabinet dentaire de Vinck - Jafarli %","breadcrumb":{"@id":"https:\/\/mydentist1040.be\/soins\/dentisterie-esthetique\/#breadcrumb"},"inLanguage":"en-US","potentialAction":[{"@type":"ReadAction","target":["https:\/\/mydentist1040.be\/soins\/dentisterie-esthetique\/"]}]},{"@type":"ImageObject","inLanguage":"en-US","@id":"https:\/\/mydentist1040.be\/soins\/dentisterie-esthetique\/#primaryimage","url":"https:\/\/mydentist1040.be\/wp-content\/uploads\/2025\/06\/IMG_5888-3-1024x637.jpg","contentUrl":"https:\/\/mydentist1040.be\/wp-content\/uploads\/2025\/06\/IMG_5888-3-1024x637.jpg"},{"@type":"BreadcrumbList","@id":"https:\/\/mydentist1040.be\/soins\/dentisterie-esthetique\/#breadcrumb","itemListElement":[{"@type":"ListItem","position":1,"name":"Accueil","item":"https:\/\/mydentist1040.be\/"},{"@type":"ListItem","position":2,"name":"Soins","item":"https:\/\/mydentist1040.be\/soins\/"},{"@type":"ListItem","position":3,"name":"Dentisterie esth\u00e9tique"}]},{"@type":"WebSite","@id":"https:\/\/mydentist1040.be\/#website","url":"https:\/\/mydentist1040.be\/","name":"Cabinet dentaire de Vinck - Jafarli","description":"","publisher":{"@id":"https:\/\/mydentist1040.be\/#organization"},"potentialAction":[{"@type":"SearchAction","target":{"@type":"EntryPoint","urlTemplate":"https:\/\/mydentist1040.be\/?s={search_term_string}"},"query-input":{"@type":"PropertyValueSpecification","valueRequired":true,"valueName":"search_term_string"}}],"inLanguage":"en-US"},{"@type":"Organization","@id":"https:\/\/mydentist1040.be\/#organization","name":"Cabinet dentaire de Vinck - Jafarli","url":"https:\/\/mydentist1040.be\/","logo":{"@type":"ImageObject","inLanguage":"en-US","@id":"https:\/\/mydentist1040.be\/#\/schema\/logo\/image\/","url":"https:\/\/mydentist1040.be\/wp-content\/uploads\/2025\/01\/dvj.png","contentUrl":"https:\/\/mydentist1040.be\/wp-content\/uploads\/2025\/01\/dvj.png","width":862,"height":458,"caption":"Cabinet dentaire de Vinck - Jafarli"},"image":{"@id":"https:\/\/mydentist1040.be\/#\/schema\/logo\/image\/"},"sameAs":["https:\/\/www.linkedin.com\/in\/sona-jafarli-b012a2355\/"]}]}},"_links":{"self":[{"href":"https:\/\/mydentist1040.be\/en\/wp-json\/wp\/v2\/pages\/440","targetHints":{"allow":["GET"]}}],"collection":[{"href":"https:\/\/mydentist1040.be\/en\/wp-json\/wp\/v2\/pages"}],"about":[{"href":"https:\/\/mydentist1040.be\/en\/wp-json\/wp\/v2\/types\/page"}],"author":[{"embeddable":true,"href":"https:\/\/mydentist1040.be\/en\/wp-json\/wp\/v2\/users\/1"}],"replies":[{"embeddable":true,"href":"https:\/\/mydentist1040.be\/en\/wp-json\/wp\/v2\/comments?post=440"}],"version-history":[{"count":15,"href":"https:\/\/mydentist1040.be\/en\/wp-json\/wp\/v2\/pages\/440\/revisions"}],"predecessor-version":[{"id":1036,"href":"https:\/\/mydentist1040.be\/en\/wp-json\/wp\/v2\/pages\/440\/revisions\/1036"}],"up":[{"embeddable":true,"href":"https:\/\/mydentist1040.be\/en\/wp-json\/wp\/v2\/pages\/190"}],"wp:attachment":[{"href":"https:\/\/mydentist1040.be\/en\/wp-json\/wp\/v2\/media?parent=440"}],"curies":[{"name":"wp","href":"https:\/\/api.w.org\/{rel}","templated":true}]}}